{"id":21972,"date":"2025-07-18T08:51:46","date_gmt":"2025-07-18T05:51:46","guid":{"rendered":"https:\/\/edenrituals.lt\/?post_type=product&#038;p=21972"},"modified":"2026-02-11T22:17:16","modified_gmt":"2026-02-11T20:17:16","slug":"veido-prausimosi-putos-100-ml-limited-edition","status":"publish","type":"product","link":"https:\/\/edenrituals.lt\/en\/product\/veido-prausimosi-putos-100-ml-limited-edition\/","title":{"rendered":"Facial cleansing foam - 100 ml"},"content":{"rendered":"<p>This mild, light-textured EDEN cleansing foam gently cleanses the skin without damaging the skin's protective barrier or drying it out. The formula is enriched with niacinamide, panthenol, glycerin and hyaluronic acid, leaving skin clean, moisturised and soft.<\/p>\n<p>The mild, plant-based foam ensures that washing is pleasant and gentle, even on sensitive skin - no stretching, no dryness. The balanced formula soothes, helps maintain moisture balance and prepares the skin for further care.<\/p>\n<p>Minimalism, quality and respect for the skin in every drop.<\/p>\n<p><strong>Key ingredients:<\/strong><\/p>\n<ul>\n<li>Niacinamide - soothes the skin, reduces redness and strengthens barrier function.<\/li>\n<li>Panthenol (vitamin B5) - moisturises and helps restore skin balance.<\/li>\n<li>Glycerin - retains moisture, gives softness.<\/li>\n<li>Hyaluronic acid - intensively hydrates and maintains elasticity.<\/li>\n<\/ul>\n<p><strong>How to use?<\/strong><\/p>\n<p>Apply a small amount of the foam to wet skin, massage gently and rinse off with water. Use morning and evening.<\/p>\n<p><strong>Result:<\/strong><\/p>\n<p>Clean, moisturised and soothed skin - ready for further care.<\/p>\n<p><strong>Capacity<\/strong>: 100 ml<\/p>\n<p><strong>Manufacturer<\/strong>: Eden<\/p>\n<p><strong>Country of origin<\/strong>: Lithuania<\/p>","protected":false},"excerpt":{"rendered":"<p><strong>Peace starts with cleanliness.<\/strong><\/p>\n<p><strong>Why try EDEN foam?<\/strong><\/p>\n<ul>\n<li>Gently but effectively removes dirt.<\/li>\n<li>Maintains the skin's moisture balance and softness.<\/li>\n<li>Soothes and reduces irritation.<\/li>\n<li>Suitable for all skin types, even sensitive skin.<\/li>\n<li>Prepares the skin for the application of a serum or cream.<\/li>\n<\/ul>","protected":false},"featured_media":22125,"comment_status":"open","ping_status":"closed","template":"","meta":[],"product_brand":[],"product_cat":[147],"product_tag":[],"class_list":{"0":"post-21972","1":"product","2":"type-product","3":"status-publish","4":"has-post-thumbnail","6":"product_cat-veido-kosmetika","8":"first","9":"instock","10":"shipping-taxable","11":"purchasable","12":"product-type-simple"},"yoast_head":"<!-- This site is optimized with the Yoast SEO plugin v25.9 - https:\/\/yoast.com\/wordpress\/plugins\/seo\/ -->\n<title>Veido prausimosi putos - 100 ml - Eden Rituals<\/title>\n<meta name=\"description\" content=\"\u0160velnios, lengvos tekst\u016bros EDEN prausimosi putos \u0161velniai valo od\u0105, nepa\u017eeisdamos jos apsauginio barjero ir nei\u0161sausindamos\" \/>\n<meta name=\"robots\" content=\"index, follow, max-snippet:-1, max-image-preview:large, max-video-preview:-1\" \/>\n<link rel=\"canonical\" href=\"https:\/\/edenrituals.lt\/en\/product\/veido-prausimosi-putos-100-ml-limited-edition\/\" \/>\n<meta property=\"og:locale\" content=\"en_GB\" \/>\n<meta property=\"og:type\" content=\"article\" \/>\n<meta property=\"og:title\" content=\"Veido prausimosi putos - 100 ml - Eden Rituals\" \/>\n<meta property=\"og:description\" content=\"\u0160velnios, lengvos tekst\u016bros EDEN prausimosi putos \u0161velniai valo od\u0105, nepa\u017eeisdamos jos apsauginio barjero ir nei\u0161sausindamos\" \/>\n<meta property=\"og:url\" content=\"https:\/\/edenrituals.lt\/en\/product\/veido-prausimosi-putos-100-ml-limited-edition\/\" \/>\n<meta property=\"og:site_name\" content=\"Eden Rituals\" \/>\n<meta property=\"article:publisher\" content=\"https:\/\/www.facebook.com\/profile.php?id=61567033621481#\" \/>\n<meta property=\"article:modified_time\" content=\"2026-02-11T20:17:16+00:00\" \/>\n<meta property=\"og:image\" content=\"https:\/\/edenrituals.lt\/wp-content\/uploads\/2025\/07\/DU-UZ-VIENO-KAINA-2.jpg\" \/>\n\t<meta property=\"og:image:width\" content=\"1200\" \/>\n\t<meta property=\"og:image:height\" content=\"1200\" \/>\n\t<meta property=\"og:image:type\" content=\"image\/jpeg\" \/>\n<meta name=\"twitter:card\" content=\"summary_large_image\" \/>\n<meta name=\"twitter:label1\" content=\"Estimated reading time\" \/>\n\t<meta name=\"twitter:data1\" content=\"1 minute\" \/>\n<script type=\"application\/ld+json\" class=\"yoast-schema-graph\">{\"@context\":\"https:\/\/schema.org\",\"@graph\":[{\"@type\":\"WebPage\",\"@id\":\"https:\/\/edenrituals.lt\/product\/veido-prausimosi-putos-100-ml-limited-edition\/\",\"url\":\"https:\/\/edenrituals.lt\/product\/veido-prausimosi-putos-100-ml-limited-edition\/\",\"name\":\"Veido prausimosi putos - 100 ml - Eden Rituals\",\"isPartOf\":{\"@id\":\"https:\/\/edenrituals.lt\/#website\"},\"primaryImageOfPage\":{\"@id\":\"https:\/\/edenrituals.lt\/product\/veido-prausimosi-putos-100-ml-limited-edition\/#primaryimage\"},\"image\":{\"@id\":\"https:\/\/edenrituals.lt\/product\/veido-prausimosi-putos-100-ml-limited-edition\/#primaryimage\"},\"thumbnailUrl\":\"https:\/\/edenrituals.lt\/wp-content\/uploads\/2025\/07\/DU-UZ-VIENO-KAINA-2.jpg\",\"datePublished\":\"2025-07-18T05:51:46+00:00\",\"dateModified\":\"2026-02-11T20:17:16+00:00\",\"description\":\"\u0160velnios, lengvos tekst\u016bros EDEN prausimosi putos \u0161velniai valo od\u0105, nepa\u017eeisdamos jos apsauginio barjero ir nei\u0161sausindamos\",\"breadcrumb\":{\"@id\":\"https:\/\/edenrituals.lt\/product\/veido-prausimosi-putos-100-ml-limited-edition\/#breadcrumb\"},\"inLanguage\":\"en-GB\",\"potentialAction\":[{\"@type\":\"ReadAction\",\"target\":[\"https:\/\/edenrituals.lt\/product\/veido-prausimosi-putos-100-ml-limited-edition\/\"]}]},{\"@type\":\"ImageObject\",\"inLanguage\":\"en-GB\",\"@id\":\"https:\/\/edenrituals.lt\/product\/veido-prausimosi-putos-100-ml-limited-edition\/#primaryimage\",\"url\":\"https:\/\/edenrituals.lt\/wp-content\/uploads\/2025\/07\/DU-UZ-VIENO-KAINA-2.jpg\",\"contentUrl\":\"https:\/\/edenrituals.lt\/wp-content\/uploads\/2025\/07\/DU-UZ-VIENO-KAINA-2.jpg\",\"width\":1200,\"height\":1200},{\"@type\":\"BreadcrumbList\",\"@id\":\"https:\/\/edenrituals.lt\/product\/veido-prausimosi-putos-100-ml-limited-edition\/#breadcrumb\",\"itemListElement\":[{\"@type\":\"ListItem\",\"position\":1,\"name\":\"Home\",\"item\":\"https:\/\/edenrituals.lt\/\"},{\"@type\":\"ListItem\",\"position\":2,\"name\":\"Parduotuv\u0117\",\"item\":\"https:\/\/edenrituals.lt\/parduotuve\/\"},{\"@type\":\"ListItem\",\"position\":3,\"name\":\"Veido prausimosi putos &#8211; 100 ml\"}]},{\"@type\":\"WebSite\",\"@id\":\"https:\/\/edenrituals.lt\/#website\",\"url\":\"https:\/\/edenrituals.lt\/\",\"name\":\"Eden Rituals\",\"description\":\"every day. every moment\",\"publisher\":{\"@id\":\"https:\/\/edenrituals.lt\/#organization\"},\"potentialAction\":[{\"@type\":\"SearchAction\",\"target\":{\"@type\":\"EntryPoint\",\"urlTemplate\":\"https:\/\/edenrituals.lt\/?s={search_term_string}\"},\"query-input\":{\"@type\":\"PropertyValueSpecification\",\"valueRequired\":true,\"valueName\":\"search_term_string\"}}],\"inLanguage\":\"en-GB\"},{\"@type\":\"Organization\",\"@id\":\"https:\/\/edenrituals.lt\/#organization\",\"name\":\"Eden Rituals\",\"url\":\"https:\/\/edenrituals.lt\/\",\"logo\":{\"@type\":\"ImageObject\",\"inLanguage\":\"en-GB\",\"@id\":\"https:\/\/edenrituals.lt\/#\/schema\/logo\/image\/\",\"url\":\"https:\/\/edenrituals.lt\/wp-content\/uploads\/2024\/08\/cosmetics-3.png\",\"contentUrl\":\"https:\/\/edenrituals.lt\/wp-content\/uploads\/2024\/08\/cosmetics-3.png\",\"width\":689,\"height\":200,\"caption\":\"Eden Rituals\"},\"image\":{\"@id\":\"https:\/\/edenrituals.lt\/#\/schema\/logo\/image\/\"},\"sameAs\":[\"https:\/\/www.facebook.com\/profile.php?id=61567033621481#\",\"https:\/\/www.instagram.com\/edenrituals\/\"]}]}<\/script>\n<!-- \/ Yoast SEO plugin. -->","yoast_head_json":{"title":"Veido prausimosi putos - 100 ml - Eden Rituals","description":"\u0160velnios, lengvos tekst\u016bros EDEN prausimosi putos \u0161velniai valo od\u0105, nepa\u017eeisdamos jos apsauginio barjero ir nei\u0161sausindamos","robots":{"index":"index","follow":"follow","max-snippet":"max-snippet:-1","max-image-preview":"max-image-preview:large","max-video-preview":"max-video-preview:-1"},"canonical":"https:\/\/edenrituals.lt\/en\/product\/veido-prausimosi-putos-100-ml-limited-edition\/","og_locale":"en_GB","og_type":"article","og_title":"Veido prausimosi putos - 100 ml - Eden Rituals","og_description":"\u0160velnios, lengvos tekst\u016bros EDEN prausimosi putos \u0161velniai valo od\u0105, nepa\u017eeisdamos jos apsauginio barjero ir nei\u0161sausindamos","og_url":"https:\/\/edenrituals.lt\/en\/product\/veido-prausimosi-putos-100-ml-limited-edition\/","og_site_name":"Eden Rituals","article_publisher":"https:\/\/www.facebook.com\/profile.php?id=61567033621481#","article_modified_time":"2026-02-11T20:17:16+00:00","og_image":[{"width":1200,"height":1200,"url":"https:\/\/edenrituals.lt\/wp-content\/uploads\/2025\/07\/DU-UZ-VIENO-KAINA-2.jpg","type":"image\/jpeg"}],"twitter_card":"summary_large_image","twitter_misc":{"Estimated reading time":"1 minute"},"schema":{"@context":"https:\/\/schema.org","@graph":[{"@type":"WebPage","@id":"https:\/\/edenrituals.lt\/product\/veido-prausimosi-putos-100-ml-limited-edition\/","url":"https:\/\/edenrituals.lt\/product\/veido-prausimosi-putos-100-ml-limited-edition\/","name":"Veido prausimosi putos - 100 ml - Eden Rituals","isPartOf":{"@id":"https:\/\/edenrituals.lt\/#website"},"primaryImageOfPage":{"@id":"https:\/\/edenrituals.lt\/product\/veido-prausimosi-putos-100-ml-limited-edition\/#primaryimage"},"image":{"@id":"https:\/\/edenrituals.lt\/product\/veido-prausimosi-putos-100-ml-limited-edition\/#primaryimage"},"thumbnailUrl":"https:\/\/edenrituals.lt\/wp-content\/uploads\/2025\/07\/DU-UZ-VIENO-KAINA-2.jpg","datePublished":"2025-07-18T05:51:46+00:00","dateModified":"2026-02-11T20:17:16+00:00","description":"\u0160velnios, lengvos tekst\u016bros EDEN prausimosi putos \u0161velniai valo od\u0105, nepa\u017eeisdamos jos apsauginio barjero ir nei\u0161sausindamos","breadcrumb":{"@id":"https:\/\/edenrituals.lt\/product\/veido-prausimosi-putos-100-ml-limited-edition\/#breadcrumb"},"inLanguage":"en-GB","potentialAction":[{"@type":"ReadAction","target":["https:\/\/edenrituals.lt\/product\/veido-prausimosi-putos-100-ml-limited-edition\/"]}]},{"@type":"ImageObject","inLanguage":"en-GB","@id":"https:\/\/edenrituals.lt\/product\/veido-prausimosi-putos-100-ml-limited-edition\/#primaryimage","url":"https:\/\/edenrituals.lt\/wp-content\/uploads\/2025\/07\/DU-UZ-VIENO-KAINA-2.jpg","contentUrl":"https:\/\/edenrituals.lt\/wp-content\/uploads\/2025\/07\/DU-UZ-VIENO-KAINA-2.jpg","width":1200,"height":1200},{"@type":"BreadcrumbList","@id":"https:\/\/edenrituals.lt\/product\/veido-prausimosi-putos-100-ml-limited-edition\/#breadcrumb","itemListElement":[{"@type":"ListItem","position":1,"name":"Home","item":"https:\/\/edenrituals.lt\/"},{"@type":"ListItem","position":2,"name":"Parduotuv\u0117","item":"https:\/\/edenrituals.lt\/parduotuve\/"},{"@type":"ListItem","position":3,"name":"Veido prausimosi putos &#8211; 100 ml"}]},{"@type":"WebSite","@id":"https:\/\/edenrituals.lt\/#website","url":"https:\/\/edenrituals.lt\/","name":"Eden Rituals","description":"every day. every moment","publisher":{"@id":"https:\/\/edenrituals.lt\/#organization"},"potentialAction":[{"@type":"SearchAction","target":{"@type":"EntryPoint","urlTemplate":"https:\/\/edenrituals.lt\/?s={search_term_string}"},"query-input":{"@type":"PropertyValueSpecification","valueRequired":true,"valueName":"search_term_string"}}],"inLanguage":"en-GB"},{"@type":"Organization","@id":"https:\/\/edenrituals.lt\/#organization","name":"Eden Rituals","url":"https:\/\/edenrituals.lt\/","logo":{"@type":"ImageObject","inLanguage":"en-GB","@id":"https:\/\/edenrituals.lt\/#\/schema\/logo\/image\/","url":"https:\/\/edenrituals.lt\/wp-content\/uploads\/2024\/08\/cosmetics-3.png","contentUrl":"https:\/\/edenrituals.lt\/wp-content\/uploads\/2024\/08\/cosmetics-3.png","width":689,"height":200,"caption":"Eden Rituals"},"image":{"@id":"https:\/\/edenrituals.lt\/#\/schema\/logo\/image\/"},"sameAs":["https:\/\/www.facebook.com\/profile.php?id=61567033621481#","https:\/\/www.instagram.com\/edenrituals\/"]}]}},"jetpack_sharing_enabled":true,"_links":{"self":[{"href":"https:\/\/edenrituals.lt\/en\/wp-json\/wp\/v2\/product\/21972","targetHints":{"allow":["GET"]}}],"collection":[{"href":"https:\/\/edenrituals.lt\/en\/wp-json\/wp\/v2\/product"}],"about":[{"href":"https:\/\/edenrituals.lt\/en\/wp-json\/wp\/v2\/types\/product"}],"replies":[{"embeddable":true,"href":"https:\/\/edenrituals.lt\/en\/wp-json\/wp\/v2\/comments?post=21972"}],"version-history":[{"count":11,"href":"https:\/\/edenrituals.lt\/en\/wp-json\/wp\/v2\/product\/21972\/revisions"}],"predecessor-version":[{"id":22112,"href":"https:\/\/edenrituals.lt\/en\/wp-json\/wp\/v2\/product\/21972\/revisions\/22112"}],"wp:featuredmedia":[{"embeddable":true,"href":"https:\/\/edenrituals.lt\/en\/wp-json\/wp\/v2\/media\/22125"}],"wp:attachment":[{"href":"https:\/\/edenrituals.lt\/en\/wp-json\/wp\/v2\/media?parent=21972"}],"wp:term":[{"taxonomy":"product_brand","embeddable":true,"href":"https:\/\/edenrituals.lt\/en\/wp-json\/wp\/v2\/product_brand?post=21972"},{"taxonomy":"product_cat","embeddable":true,"href":"https:\/\/edenrituals.lt\/en\/wp-json\/wp\/v2\/product_cat?post=21972"},{"taxonomy":"product_tag","embeddable":true,"href":"https:\/\/edenrituals.lt\/en\/wp-json\/wp\/v2\/product_tag?post=21972"}],"curies":[{"name":"wp","href":"https:\/\/api.w.org\/{rel}","templated":true}]}}