{"id":21802,"date":"2024-12-05T13:41:23","date_gmt":"2024-12-05T11:41:23","guid":{"rendered":"https:\/\/edenrituals.lt\/?post_type=product&#038;p=21802"},"modified":"2026-03-25T17:22:11","modified_gmt":"2026-03-25T15:22:11","slug":"eden-rinkinys-su-kosmetine","status":"publish","type":"product","link":"https:\/\/edenrituals.lt\/en\/product\/eden-rinkinys-su-kosmetine\/","title":{"rendered":"Ed\u00e9n cosmetic set with cosmetic bag"},"content":{"rendered":"<p>This Ed\u00e9n Cosmetic Set with cosmetic bag is the perfect choice for those who want to make sure their skin is moisturised and glowing every day. It combines two skincare favourites: a moisturising serum and a lactic acid serum, complementing each other and giving your skin everything it needs, from intense moisture to radiance.<\/p>\n<p>The light texture absorbs quickly, does not weigh down the skin and is suitable for both morning and evening rituals. A handy cosmetic case keeps your favourite products close at hand, whether at home or on the go.<\/p>\n<p><strong>Key products in a cosmetic kit:<\/strong><\/p>\n<ul>\n<li>Ed\u00e9n Moisturising Facial Serum - enriched with hyaluronic acid, plant extracts and natural moisturisers. Intensely moisturises, nourishes and gives a long-lasting radiance.<\/li>\n<li>Ed\u00e9n Lactic Acid Serum - gently exfoliates, stimulates skin renewal and brightens skin. Helps even skin tone and reduce the appearance of fine lines and wrinkles.<\/li>\n<\/ul>\n<p><strong>How to use?<\/strong><\/p>\n<p>Apply a moisturising serum in the morning to keep your skin supple and hydrated throughout the day. In the evening, use a lactic acid serum to help your skin regenerate and regain its radiance.<\/p>\n<p><strong>Result:<\/strong><\/p>\n<p>Clean, moisturised and glowing skin - radiant with vitality every day.<\/p>\n<p><strong>Capacity<\/strong>: 2 x 30 ml<\/p>\n<p><strong>Manufacturer<\/strong>: Eden<\/p>\n<p><strong>Country of origin<\/strong>: Lithuania<\/p>","protected":false},"excerpt":{"rendered":"<p>The perfect duo for your beauty ritual<\/p>\n<p><strong>Why try the EDEN cosmetic kit?<\/strong><\/p>\n<ul>\n<li>Two effective tools for intense hydration and skin clarity.<\/li>\n<li>Helps restore the skin's elasticity, softness and vitality.<\/li>\n<li>Reduces the visibility of fine lines.<\/li>\n<li>Suitable for all skin types, even sensitive skin.<\/li>\n<li>With a stylish and handy cosmetic bag - a great gift idea.<\/li>\n<\/ul>","protected":false},"featured_media":21803,"comment_status":"open","ping_status":"closed","template":"","meta":[],"product_brand":[148],"product_cat":[147],"product_tag":[],"class_list":{"0":"post-21802","1":"product","2":"type-product","3":"status-publish","4":"has-post-thumbnail","6":"product_brand-eden","7":"product_cat-veido-kosmetika","9":"first","10":"instock","11":"sale","12":"shipping-taxable","13":"purchasable","14":"product-type-simple"},"yoast_head":"<!-- This site is optimized with the Yoast SEO plugin v25.9 - https:\/\/yoast.com\/wordpress\/plugins\/seo\/ -->\n<title>Ed\u00e9n kosmetikos rinkinys su kosmetine - Eden Rituals<\/title>\n<meta name=\"description\" content=\"\u0160is \u201eEd\u00e9n\u201c kosmetikos rinkinys su kosmetine \u2013 tobulas pasirinkimas norin\u010dioms pasir\u016bpinti odos dr\u0117kinimu ir \u0161vyt\u0117jimu kasdien.\" \/>\n<meta name=\"robots\" content=\"index, follow, max-snippet:-1, max-image-preview:large, max-video-preview:-1\" \/>\n<link rel=\"canonical\" href=\"https:\/\/edenrituals.lt\/en\/product\/eden-rinkinys-su-kosmetine\/\" \/>\n<meta property=\"og:locale\" content=\"en_GB\" \/>\n<meta property=\"og:type\" content=\"article\" \/>\n<meta property=\"og:title\" content=\"Ed\u00e9n kosmetikos rinkinys su kosmetine - Eden Rituals\" \/>\n<meta property=\"og:description\" content=\"\u0160is \u201eEd\u00e9n\u201c kosmetikos rinkinys su kosmetine \u2013 tobulas pasirinkimas norin\u010dioms pasir\u016bpinti odos dr\u0117kinimu ir \u0161vyt\u0117jimu kasdien.\" \/>\n<meta property=\"og:url\" content=\"https:\/\/edenrituals.lt\/en\/product\/eden-rinkinys-su-kosmetine\/\" \/>\n<meta property=\"og:site_name\" content=\"Eden Rituals\" \/>\n<meta property=\"article:publisher\" content=\"https:\/\/www.facebook.com\/profile.php?id=61567033621481#\" \/>\n<meta property=\"article:modified_time\" content=\"2026-03-25T15:22:11+00:00\" \/>\n<meta property=\"og:image\" content=\"https:\/\/edenrituals.lt\/wp-content\/uploads\/2024\/12\/Dizainas-be-pavadinimo-47.webp\" \/>\n\t<meta property=\"og:image:width\" content=\"1080\" \/>\n\t<meta property=\"og:image:height\" content=\"1080\" \/>\n\t<meta property=\"og:image:type\" content=\"image\/webp\" \/>\n<meta name=\"twitter:card\" content=\"summary_large_image\" \/>\n<meta name=\"twitter:label1\" content=\"Estimated reading time\" \/>\n\t<meta name=\"twitter:data1\" content=\"2 minutes\" \/>\n<script type=\"application\/ld+json\" class=\"yoast-schema-graph\">{\"@context\":\"https:\/\/schema.org\",\"@graph\":[{\"@type\":\"WebPage\",\"@id\":\"https:\/\/edenrituals.lt\/product\/eden-rinkinys-su-kosmetine\/\",\"url\":\"https:\/\/edenrituals.lt\/product\/eden-rinkinys-su-kosmetine\/\",\"name\":\"Ed\u00e9n kosmetikos rinkinys su kosmetine - Eden Rituals\",\"isPartOf\":{\"@id\":\"https:\/\/edenrituals.lt\/#website\"},\"primaryImageOfPage\":{\"@id\":\"https:\/\/edenrituals.lt\/product\/eden-rinkinys-su-kosmetine\/#primaryimage\"},\"image\":{\"@id\":\"https:\/\/edenrituals.lt\/product\/eden-rinkinys-su-kosmetine\/#primaryimage\"},\"thumbnailUrl\":\"https:\/\/edenrituals.lt\/wp-content\/uploads\/2024\/12\/Dizainas-be-pavadinimo-47.webp\",\"datePublished\":\"2024-12-05T11:41:23+00:00\",\"dateModified\":\"2026-03-25T15:22:11+00:00\",\"description\":\"\u0160is \u201eEd\u00e9n\u201c kosmetikos rinkinys su kosmetine \u2013 tobulas pasirinkimas norin\u010dioms pasir\u016bpinti odos dr\u0117kinimu ir \u0161vyt\u0117jimu kasdien.\",\"breadcrumb\":{\"@id\":\"https:\/\/edenrituals.lt\/product\/eden-rinkinys-su-kosmetine\/#breadcrumb\"},\"inLanguage\":\"en-GB\",\"potentialAction\":[{\"@type\":\"ReadAction\",\"target\":[\"https:\/\/edenrituals.lt\/product\/eden-rinkinys-su-kosmetine\/\"]}]},{\"@type\":\"ImageObject\",\"inLanguage\":\"en-GB\",\"@id\":\"https:\/\/edenrituals.lt\/product\/eden-rinkinys-su-kosmetine\/#primaryimage\",\"url\":\"https:\/\/edenrituals.lt\/wp-content\/uploads\/2024\/12\/Dizainas-be-pavadinimo-47.webp\",\"contentUrl\":\"https:\/\/edenrituals.lt\/wp-content\/uploads\/2024\/12\/Dizainas-be-pavadinimo-47.webp\",\"width\":1080,\"height\":1080},{\"@type\":\"BreadcrumbList\",\"@id\":\"https:\/\/edenrituals.lt\/product\/eden-rinkinys-su-kosmetine\/#breadcrumb\",\"itemListElement\":[{\"@type\":\"ListItem\",\"position\":1,\"name\":\"Home\",\"item\":\"https:\/\/edenrituals.lt\/\"},{\"@type\":\"ListItem\",\"position\":2,\"name\":\"Parduotuv\u0117\",\"item\":\"https:\/\/edenrituals.lt\/parduotuve\/\"},{\"@type\":\"ListItem\",\"position\":3,\"name\":\"Ed\u00e9n kosmetikos rinkinys su kosmetine\"}]},{\"@type\":\"WebSite\",\"@id\":\"https:\/\/edenrituals.lt\/#website\",\"url\":\"https:\/\/edenrituals.lt\/\",\"name\":\"Eden Rituals\",\"description\":\"every day. every moment\",\"publisher\":{\"@id\":\"https:\/\/edenrituals.lt\/#organization\"},\"potentialAction\":[{\"@type\":\"SearchAction\",\"target\":{\"@type\":\"EntryPoint\",\"urlTemplate\":\"https:\/\/edenrituals.lt\/?s={search_term_string}\"},\"query-input\":{\"@type\":\"PropertyValueSpecification\",\"valueRequired\":true,\"valueName\":\"search_term_string\"}}],\"inLanguage\":\"en-GB\"},{\"@type\":\"Organization\",\"@id\":\"https:\/\/edenrituals.lt\/#organization\",\"name\":\"Eden Rituals\",\"url\":\"https:\/\/edenrituals.lt\/\",\"logo\":{\"@type\":\"ImageObject\",\"inLanguage\":\"en-GB\",\"@id\":\"https:\/\/edenrituals.lt\/#\/schema\/logo\/image\/\",\"url\":\"https:\/\/edenrituals.lt\/wp-content\/uploads\/2024\/08\/cosmetics-3.png\",\"contentUrl\":\"https:\/\/edenrituals.lt\/wp-content\/uploads\/2024\/08\/cosmetics-3.png\",\"width\":689,\"height\":200,\"caption\":\"Eden Rituals\"},\"image\":{\"@id\":\"https:\/\/edenrituals.lt\/#\/schema\/logo\/image\/\"},\"sameAs\":[\"https:\/\/www.facebook.com\/profile.php?id=61567033621481#\",\"https:\/\/www.instagram.com\/edenrituals\/\"]}]}<\/script>\n<!-- \/ Yoast SEO plugin. -->","yoast_head_json":{"title":"Ed\u00e9n kosmetikos rinkinys su kosmetine - Eden Rituals","description":"\u0160is \u201eEd\u00e9n\u201c kosmetikos rinkinys su kosmetine \u2013 tobulas pasirinkimas norin\u010dioms pasir\u016bpinti odos dr\u0117kinimu ir \u0161vyt\u0117jimu kasdien.","robots":{"index":"index","follow":"follow","max-snippet":"max-snippet:-1","max-image-preview":"max-image-preview:large","max-video-preview":"max-video-preview:-1"},"canonical":"https:\/\/edenrituals.lt\/en\/product\/eden-rinkinys-su-kosmetine\/","og_locale":"en_GB","og_type":"article","og_title":"Ed\u00e9n kosmetikos rinkinys su kosmetine - Eden Rituals","og_description":"\u0160is \u201eEd\u00e9n\u201c kosmetikos rinkinys su kosmetine \u2013 tobulas pasirinkimas norin\u010dioms pasir\u016bpinti odos dr\u0117kinimu ir \u0161vyt\u0117jimu kasdien.","og_url":"https:\/\/edenrituals.lt\/en\/product\/eden-rinkinys-su-kosmetine\/","og_site_name":"Eden Rituals","article_publisher":"https:\/\/www.facebook.com\/profile.php?id=61567033621481#","article_modified_time":"2026-03-25T15:22:11+00:00","og_image":[{"width":1080,"height":1080,"url":"https:\/\/edenrituals.lt\/wp-content\/uploads\/2024\/12\/Dizainas-be-pavadinimo-47.webp","type":"image\/webp"}],"twitter_card":"summary_large_image","twitter_misc":{"Estimated reading time":"2 minutes"},"schema":{"@context":"https:\/\/schema.org","@graph":[{"@type":"WebPage","@id":"https:\/\/edenrituals.lt\/product\/eden-rinkinys-su-kosmetine\/","url":"https:\/\/edenrituals.lt\/product\/eden-rinkinys-su-kosmetine\/","name":"Ed\u00e9n kosmetikos rinkinys su kosmetine - Eden Rituals","isPartOf":{"@id":"https:\/\/edenrituals.lt\/#website"},"primaryImageOfPage":{"@id":"https:\/\/edenrituals.lt\/product\/eden-rinkinys-su-kosmetine\/#primaryimage"},"image":{"@id":"https:\/\/edenrituals.lt\/product\/eden-rinkinys-su-kosmetine\/#primaryimage"},"thumbnailUrl":"https:\/\/edenrituals.lt\/wp-content\/uploads\/2024\/12\/Dizainas-be-pavadinimo-47.webp","datePublished":"2024-12-05T11:41:23+00:00","dateModified":"2026-03-25T15:22:11+00:00","description":"\u0160is \u201eEd\u00e9n\u201c kosmetikos rinkinys su kosmetine \u2013 tobulas pasirinkimas norin\u010dioms pasir\u016bpinti odos dr\u0117kinimu ir \u0161vyt\u0117jimu kasdien.","breadcrumb":{"@id":"https:\/\/edenrituals.lt\/product\/eden-rinkinys-su-kosmetine\/#breadcrumb"},"inLanguage":"en-GB","potentialAction":[{"@type":"ReadAction","target":["https:\/\/edenrituals.lt\/product\/eden-rinkinys-su-kosmetine\/"]}]},{"@type":"ImageObject","inLanguage":"en-GB","@id":"https:\/\/edenrituals.lt\/product\/eden-rinkinys-su-kosmetine\/#primaryimage","url":"https:\/\/edenrituals.lt\/wp-content\/uploads\/2024\/12\/Dizainas-be-pavadinimo-47.webp","contentUrl":"https:\/\/edenrituals.lt\/wp-content\/uploads\/2024\/12\/Dizainas-be-pavadinimo-47.webp","width":1080,"height":1080},{"@type":"BreadcrumbList","@id":"https:\/\/edenrituals.lt\/product\/eden-rinkinys-su-kosmetine\/#breadcrumb","itemListElement":[{"@type":"ListItem","position":1,"name":"Home","item":"https:\/\/edenrituals.lt\/"},{"@type":"ListItem","position":2,"name":"Parduotuv\u0117","item":"https:\/\/edenrituals.lt\/parduotuve\/"},{"@type":"ListItem","position":3,"name":"Ed\u00e9n kosmetikos rinkinys su kosmetine"}]},{"@type":"WebSite","@id":"https:\/\/edenrituals.lt\/#website","url":"https:\/\/edenrituals.lt\/","name":"Eden Rituals","description":"every day. every moment","publisher":{"@id":"https:\/\/edenrituals.lt\/#organization"},"potentialAction":[{"@type":"SearchAction","target":{"@type":"EntryPoint","urlTemplate":"https:\/\/edenrituals.lt\/?s={search_term_string}"},"query-input":{"@type":"PropertyValueSpecification","valueRequired":true,"valueName":"search_term_string"}}],"inLanguage":"en-GB"},{"@type":"Organization","@id":"https:\/\/edenrituals.lt\/#organization","name":"Eden Rituals","url":"https:\/\/edenrituals.lt\/","logo":{"@type":"ImageObject","inLanguage":"en-GB","@id":"https:\/\/edenrituals.lt\/#\/schema\/logo\/image\/","url":"https:\/\/edenrituals.lt\/wp-content\/uploads\/2024\/08\/cosmetics-3.png","contentUrl":"https:\/\/edenrituals.lt\/wp-content\/uploads\/2024\/08\/cosmetics-3.png","width":689,"height":200,"caption":"Eden Rituals"},"image":{"@id":"https:\/\/edenrituals.lt\/#\/schema\/logo\/image\/"},"sameAs":["https:\/\/www.facebook.com\/profile.php?id=61567033621481#","https:\/\/www.instagram.com\/edenrituals\/"]}]}},"jetpack_sharing_enabled":true,"_links":{"self":[{"href":"https:\/\/edenrituals.lt\/en\/wp-json\/wp\/v2\/product\/21802","targetHints":{"allow":["GET"]}}],"collection":[{"href":"https:\/\/edenrituals.lt\/en\/wp-json\/wp\/v2\/product"}],"about":[{"href":"https:\/\/edenrituals.lt\/en\/wp-json\/wp\/v2\/types\/product"}],"replies":[{"embeddable":true,"href":"https:\/\/edenrituals.lt\/en\/wp-json\/wp\/v2\/comments?post=21802"}],"version-history":[{"count":3,"href":"https:\/\/edenrituals.lt\/en\/wp-json\/wp\/v2\/product\/21802\/revisions"}],"predecessor-version":[{"id":22094,"href":"https:\/\/edenrituals.lt\/en\/wp-json\/wp\/v2\/product\/21802\/revisions\/22094"}],"wp:featuredmedia":[{"embeddable":true,"href":"https:\/\/edenrituals.lt\/en\/wp-json\/wp\/v2\/media\/21803"}],"wp:attachment":[{"href":"https:\/\/edenrituals.lt\/en\/wp-json\/wp\/v2\/media?parent=21802"}],"wp:term":[{"taxonomy":"product_brand","embeddable":true,"href":"https:\/\/edenrituals.lt\/en\/wp-json\/wp\/v2\/product_brand?post=21802"},{"taxonomy":"product_cat","embeddable":true,"href":"https:\/\/edenrituals.lt\/en\/wp-json\/wp\/v2\/product_cat?post=21802"},{"taxonomy":"product_tag","embeddable":true,"href":"https:\/\/edenrituals.lt\/en\/wp-json\/wp\/v2\/product_tag?post=21802"}],"curies":[{"name":"wp","href":"https:\/\/api.w.org\/{rel}","templated":true}]}}