{"id":21661,"date":"2024-11-06T22:21:45","date_gmt":"2024-11-06T20:21:45","guid":{"rendered":"https:\/\/edenrituals.lt\/product\/micelinis-tonikas-ha-like-micellar-toner\/"},"modified":"2025-10-28T15:06:49","modified_gmt":"2025-10-28T13:06:49","slug":"micelinis-tonikas-ha-like-micellar-toner","status":"publish","type":"product","link":"https:\/\/edenrituals.lt\/en\/product\/micelinis-tonikas-ha-like-micellar-toner\/","title":{"rendered":"Micellar toner HA-LIKE MICELLAR TONER"},"content":{"rendered":"<p><strong>DERMEDEN Micellar Toner gently but effectively removes even waterproof make-up, sun filters and impurities. Skin is left clean, moist and pleasantly refreshed - without any sticky or stretchy feeling.<\/strong><\/p>\n<p>More than just a micellar water, it's a toner that hydrates, rebalances and helps fight the first signs of ageing. The formula's next-generation hyaluronic acid from algae retains moisture for hours, while white tea polyphenols add radiance and protect against free radicals.<\/p>\n<p><strong>Result:<br \/>\n<\/strong><span style=\"letter-spacing: 0px;\">Clean, moist and balanced skin, without a sticky feeling. The face looks rested, luminous and ready for the next step of care.<\/span><\/p>\n<p><strong>How to use?<\/strong><br \/>\nMoisten the cotton pad with toner and gently wipe your face, neck and d\u00e9collet\u00e9 with gentle strokes. No need to rinse.<\/p>\n<p><strong>Key ingredients:<\/strong><br \/>\nHyaluronic acid from algae - intensive moisturising.<br \/>\nWhite Tea Extract - provides radiance and antioxidant protection.<br \/>\nInulin - supports a healthy skin microbiome.<\/p>\n<p><strong>Composition:<\/strong><br \/>\nAqua (Water), Propanediol, Inulin, Codium Tomentosum Extract, Aloe Barbadensis Leaf Juice Powder, Camellia Sinensis Leaf Extract, Caprylyl\/Caprylyl Glucoside, Sodium Benzoate, Caprylyl Glycol, Citric Acid, Parfum (Fragrance), Butylene Glycol, Decyl Alcohol<\/p>\n<p><strong>Suitable for use<\/strong>: for all skin types, including sensitive skin and the eye area.<br \/>\n<strong>Capacity<\/strong>: 100 ml \/ 200 ml<br \/>\n<strong>Manufacturer<\/strong>: DERMEDEN<br \/>\n<strong>Country of origin<\/strong>: France<\/p>","protected":false},"excerpt":{"rendered":"<p><strong>A moisturising and purifying sensation of cleanliness.<\/strong><\/p>\n<p><strong>Why try DERMEDEN Micellar Toner?<\/strong><br \/>\n- Removes all dirt and make-up, even waterproof.<br \/>\n- Moisturises and soothes the skin without leaving a sticky feeling.<br \/>\n- Restores microflora balance and strengthens the skin barrier.<br \/>\n- Helps fight the first signs of ageing.<br \/>\n- Suitable for all skin types, even sensitive skin.<\/p>","protected":false},"featured_media":21613,"comment_status":"open","ping_status":"closed","template":"","meta":[],"product_brand":[149],"product_cat":[147],"product_tag":[],"class_list":{"0":"post-21661","1":"product","2":"type-product","3":"status-publish","4":"has-post-thumbnail","6":"product_brand-dermeden","7":"product_cat-veido-kosmetika","9":"first","10":"instock","11":"shipping-taxable","12":"purchasable","13":"product-type-simple"},"yoast_head":"<!-- This site is optimized with the Yoast SEO plugin v25.9 - https:\/\/yoast.com\/wordpress\/plugins\/seo\/ -->\n<title>Micelinis tonikas HA-LIKE MICELLAR TONER - Eden Rituals<\/title>\n<meta name=\"description\" content=\"DERMEDEN micelinis tonikas \u0161velniai, bet veiksmingai pa\u0161alina net vandeniui atspar\u0173 makia\u017e\u0105, saul\u0117s filtrus ir ne\u0161varumus.\" \/>\n<meta name=\"robots\" content=\"index, follow, max-snippet:-1, max-image-preview:large, max-video-preview:-1\" \/>\n<link rel=\"canonical\" href=\"https:\/\/edenrituals.lt\/en\/product\/micelinis-tonikas-ha-like-micellar-toner\/\" \/>\n<meta property=\"og:locale\" content=\"en_GB\" \/>\n<meta property=\"og:type\" content=\"article\" \/>\n<meta property=\"og:title\" content=\"Micelinis tonikas HA-LIKE MICELLAR TONER - Eden Rituals\" \/>\n<meta property=\"og:description\" content=\"DERMEDEN micelinis tonikas \u0161velniai, bet veiksmingai pa\u0161alina net vandeniui atspar\u0173 makia\u017e\u0105, saul\u0117s filtrus ir ne\u0161varumus.\" \/>\n<meta property=\"og:url\" content=\"https:\/\/edenrituals.lt\/en\/product\/micelinis-tonikas-ha-like-micellar-toner\/\" \/>\n<meta property=\"og:site_name\" content=\"Eden Rituals\" \/>\n<meta property=\"article:publisher\" content=\"https:\/\/www.facebook.com\/profile.php?id=61567033621481#\" \/>\n<meta property=\"article:modified_time\" content=\"2025-10-28T13:06:49+00:00\" \/>\n<meta property=\"og:image\" content=\"https:\/\/edenrituals.lt\/wp-content\/uploads\/2024\/11\/Micelinis-tonikas-HA-LIKE-MICELLAR-TONER-misija-oda.png\" \/>\n\t<meta property=\"og:image:width\" content=\"533\" \/>\n\t<meta property=\"og:image:height\" content=\"533\" \/>\n\t<meta property=\"og:image:type\" content=\"image\/png\" \/>\n<meta name=\"twitter:card\" content=\"summary_large_image\" \/>\n<meta name=\"twitter:label1\" content=\"Estimated reading time\" \/>\n\t<meta name=\"twitter:data1\" content=\"2 minutes\" \/>\n<script type=\"application\/ld+json\" class=\"yoast-schema-graph\">{\"@context\":\"https:\/\/schema.org\",\"@graph\":[{\"@type\":\"WebPage\",\"@id\":\"https:\/\/edenrituals.lt\/product\/micelinis-tonikas-ha-like-micellar-toner\/\",\"url\":\"https:\/\/edenrituals.lt\/product\/micelinis-tonikas-ha-like-micellar-toner\/\",\"name\":\"Micelinis tonikas HA-LIKE MICELLAR TONER - Eden Rituals\",\"isPartOf\":{\"@id\":\"https:\/\/edenrituals.lt\/#website\"},\"primaryImageOfPage\":{\"@id\":\"https:\/\/edenrituals.lt\/product\/micelinis-tonikas-ha-like-micellar-toner\/#primaryimage\"},\"image\":{\"@id\":\"https:\/\/edenrituals.lt\/product\/micelinis-tonikas-ha-like-micellar-toner\/#primaryimage\"},\"thumbnailUrl\":\"https:\/\/edenrituals.lt\/wp-content\/uploads\/2024\/11\/Micelinis-tonikas-HA-LIKE-MICELLAR-TONER-misija-oda.png\",\"datePublished\":\"2024-11-06T20:21:45+00:00\",\"dateModified\":\"2025-10-28T13:06:49+00:00\",\"description\":\"DERMEDEN micelinis tonikas \u0161velniai, bet veiksmingai pa\u0161alina net vandeniui atspar\u0173 makia\u017e\u0105, saul\u0117s filtrus ir ne\u0161varumus.\",\"breadcrumb\":{\"@id\":\"https:\/\/edenrituals.lt\/product\/micelinis-tonikas-ha-like-micellar-toner\/#breadcrumb\"},\"inLanguage\":\"en-GB\",\"potentialAction\":[{\"@type\":\"ReadAction\",\"target\":[\"https:\/\/edenrituals.lt\/product\/micelinis-tonikas-ha-like-micellar-toner\/\"]}]},{\"@type\":\"ImageObject\",\"inLanguage\":\"en-GB\",\"@id\":\"https:\/\/edenrituals.lt\/product\/micelinis-tonikas-ha-like-micellar-toner\/#primaryimage\",\"url\":\"https:\/\/edenrituals.lt\/wp-content\/uploads\/2024\/11\/Micelinis-tonikas-HA-LIKE-MICELLAR-TONER-misija-oda.png\",\"contentUrl\":\"https:\/\/edenrituals.lt\/wp-content\/uploads\/2024\/11\/Micelinis-tonikas-HA-LIKE-MICELLAR-TONER-misija-oda.png\",\"width\":533,\"height\":533,\"caption\":\"Micelinis tonikas HA-LIKE MICELLAR TONER\"},{\"@type\":\"BreadcrumbList\",\"@id\":\"https:\/\/edenrituals.lt\/product\/micelinis-tonikas-ha-like-micellar-toner\/#breadcrumb\",\"itemListElement\":[{\"@type\":\"ListItem\",\"position\":1,\"name\":\"Home\",\"item\":\"https:\/\/edenrituals.lt\/\"},{\"@type\":\"ListItem\",\"position\":2,\"name\":\"Parduotuv\u0117\",\"item\":\"https:\/\/edenrituals.lt\/parduotuve\/\"},{\"@type\":\"ListItem\",\"position\":3,\"name\":\"Micelinis tonikas HA-LIKE MICELLAR TONER\"}]},{\"@type\":\"WebSite\",\"@id\":\"https:\/\/edenrituals.lt\/#website\",\"url\":\"https:\/\/edenrituals.lt\/\",\"name\":\"Eden Rituals\",\"description\":\"every day. every moment\",\"publisher\":{\"@id\":\"https:\/\/edenrituals.lt\/#organization\"},\"potentialAction\":[{\"@type\":\"SearchAction\",\"target\":{\"@type\":\"EntryPoint\",\"urlTemplate\":\"https:\/\/edenrituals.lt\/?s={search_term_string}\"},\"query-input\":{\"@type\":\"PropertyValueSpecification\",\"valueRequired\":true,\"valueName\":\"search_term_string\"}}],\"inLanguage\":\"en-GB\"},{\"@type\":\"Organization\",\"@id\":\"https:\/\/edenrituals.lt\/#organization\",\"name\":\"Eden Rituals\",\"url\":\"https:\/\/edenrituals.lt\/\",\"logo\":{\"@type\":\"ImageObject\",\"inLanguage\":\"en-GB\",\"@id\":\"https:\/\/edenrituals.lt\/#\/schema\/logo\/image\/\",\"url\":\"https:\/\/edenrituals.lt\/wp-content\/uploads\/2024\/08\/cosmetics-3.png\",\"contentUrl\":\"https:\/\/edenrituals.lt\/wp-content\/uploads\/2024\/08\/cosmetics-3.png\",\"width\":689,\"height\":200,\"caption\":\"Eden Rituals\"},\"image\":{\"@id\":\"https:\/\/edenrituals.lt\/#\/schema\/logo\/image\/\"},\"sameAs\":[\"https:\/\/www.facebook.com\/profile.php?id=61567033621481#\",\"https:\/\/www.instagram.com\/edenrituals\/\"]}]}<\/script>\n<!-- \/ Yoast SEO plugin. -->","yoast_head_json":{"title":"Micelinis tonikas HA-LIKE MICELLAR TONER - Eden Rituals","description":"DERMEDEN micelinis tonikas \u0161velniai, bet veiksmingai pa\u0161alina net vandeniui atspar\u0173 makia\u017e\u0105, saul\u0117s filtrus ir ne\u0161varumus.","robots":{"index":"index","follow":"follow","max-snippet":"max-snippet:-1","max-image-preview":"max-image-preview:large","max-video-preview":"max-video-preview:-1"},"canonical":"https:\/\/edenrituals.lt\/en\/product\/micelinis-tonikas-ha-like-micellar-toner\/","og_locale":"en_GB","og_type":"article","og_title":"Micelinis tonikas HA-LIKE MICELLAR TONER - Eden Rituals","og_description":"DERMEDEN micelinis tonikas \u0161velniai, bet veiksmingai pa\u0161alina net vandeniui atspar\u0173 makia\u017e\u0105, saul\u0117s filtrus ir ne\u0161varumus.","og_url":"https:\/\/edenrituals.lt\/en\/product\/micelinis-tonikas-ha-like-micellar-toner\/","og_site_name":"Eden Rituals","article_publisher":"https:\/\/www.facebook.com\/profile.php?id=61567033621481#","article_modified_time":"2025-10-28T13:06:49+00:00","og_image":[{"width":533,"height":533,"url":"https:\/\/edenrituals.lt\/wp-content\/uploads\/2024\/11\/Micelinis-tonikas-HA-LIKE-MICELLAR-TONER-misija-oda.png","type":"image\/png"}],"twitter_card":"summary_large_image","twitter_misc":{"Estimated reading time":"2 minutes"},"schema":{"@context":"https:\/\/schema.org","@graph":[{"@type":"WebPage","@id":"https:\/\/edenrituals.lt\/product\/micelinis-tonikas-ha-like-micellar-toner\/","url":"https:\/\/edenrituals.lt\/product\/micelinis-tonikas-ha-like-micellar-toner\/","name":"Micelinis tonikas HA-LIKE MICELLAR TONER - Eden Rituals","isPartOf":{"@id":"https:\/\/edenrituals.lt\/#website"},"primaryImageOfPage":{"@id":"https:\/\/edenrituals.lt\/product\/micelinis-tonikas-ha-like-micellar-toner\/#primaryimage"},"image":{"@id":"https:\/\/edenrituals.lt\/product\/micelinis-tonikas-ha-like-micellar-toner\/#primaryimage"},"thumbnailUrl":"https:\/\/edenrituals.lt\/wp-content\/uploads\/2024\/11\/Micelinis-tonikas-HA-LIKE-MICELLAR-TONER-misija-oda.png","datePublished":"2024-11-06T20:21:45+00:00","dateModified":"2025-10-28T13:06:49+00:00","description":"DERMEDEN micelinis tonikas \u0161velniai, bet veiksmingai pa\u0161alina net vandeniui atspar\u0173 makia\u017e\u0105, saul\u0117s filtrus ir ne\u0161varumus.","breadcrumb":{"@id":"https:\/\/edenrituals.lt\/product\/micelinis-tonikas-ha-like-micellar-toner\/#breadcrumb"},"inLanguage":"en-GB","potentialAction":[{"@type":"ReadAction","target":["https:\/\/edenrituals.lt\/product\/micelinis-tonikas-ha-like-micellar-toner\/"]}]},{"@type":"ImageObject","inLanguage":"en-GB","@id":"https:\/\/edenrituals.lt\/product\/micelinis-tonikas-ha-like-micellar-toner\/#primaryimage","url":"https:\/\/edenrituals.lt\/wp-content\/uploads\/2024\/11\/Micelinis-tonikas-HA-LIKE-MICELLAR-TONER-misija-oda.png","contentUrl":"https:\/\/edenrituals.lt\/wp-content\/uploads\/2024\/11\/Micelinis-tonikas-HA-LIKE-MICELLAR-TONER-misija-oda.png","width":533,"height":533,"caption":"Micelinis tonikas HA-LIKE MICELLAR TONER"},{"@type":"BreadcrumbList","@id":"https:\/\/edenrituals.lt\/product\/micelinis-tonikas-ha-like-micellar-toner\/#breadcrumb","itemListElement":[{"@type":"ListItem","position":1,"name":"Home","item":"https:\/\/edenrituals.lt\/"},{"@type":"ListItem","position":2,"name":"Parduotuv\u0117","item":"https:\/\/edenrituals.lt\/parduotuve\/"},{"@type":"ListItem","position":3,"name":"Micelinis tonikas HA-LIKE MICELLAR TONER"}]},{"@type":"WebSite","@id":"https:\/\/edenrituals.lt\/#website","url":"https:\/\/edenrituals.lt\/","name":"Eden Rituals","description":"every day. every moment","publisher":{"@id":"https:\/\/edenrituals.lt\/#organization"},"potentialAction":[{"@type":"SearchAction","target":{"@type":"EntryPoint","urlTemplate":"https:\/\/edenrituals.lt\/?s={search_term_string}"},"query-input":{"@type":"PropertyValueSpecification","valueRequired":true,"valueName":"search_term_string"}}],"inLanguage":"en-GB"},{"@type":"Organization","@id":"https:\/\/edenrituals.lt\/#organization","name":"Eden Rituals","url":"https:\/\/edenrituals.lt\/","logo":{"@type":"ImageObject","inLanguage":"en-GB","@id":"https:\/\/edenrituals.lt\/#\/schema\/logo\/image\/","url":"https:\/\/edenrituals.lt\/wp-content\/uploads\/2024\/08\/cosmetics-3.png","contentUrl":"https:\/\/edenrituals.lt\/wp-content\/uploads\/2024\/08\/cosmetics-3.png","width":689,"height":200,"caption":"Eden Rituals"},"image":{"@id":"https:\/\/edenrituals.lt\/#\/schema\/logo\/image\/"},"sameAs":["https:\/\/www.facebook.com\/profile.php?id=61567033621481#","https:\/\/www.instagram.com\/edenrituals\/"]}]}},"jetpack_sharing_enabled":true,"_links":{"self":[{"href":"https:\/\/edenrituals.lt\/en\/wp-json\/wp\/v2\/product\/21661","targetHints":{"allow":["GET"]}}],"collection":[{"href":"https:\/\/edenrituals.lt\/en\/wp-json\/wp\/v2\/product"}],"about":[{"href":"https:\/\/edenrituals.lt\/en\/wp-json\/wp\/v2\/types\/product"}],"replies":[{"embeddable":true,"href":"https:\/\/edenrituals.lt\/en\/wp-json\/wp\/v2\/comments?post=21661"}],"version-history":[{"count":4,"href":"https:\/\/edenrituals.lt\/en\/wp-json\/wp\/v2\/product\/21661\/revisions"}],"predecessor-version":[{"id":22041,"href":"https:\/\/edenrituals.lt\/en\/wp-json\/wp\/v2\/product\/21661\/revisions\/22041"}],"wp:featuredmedia":[{"embeddable":true,"href":"https:\/\/edenrituals.lt\/en\/wp-json\/wp\/v2\/media\/21613"}],"wp:attachment":[{"href":"https:\/\/edenrituals.lt\/en\/wp-json\/wp\/v2\/media?parent=21661"}],"wp:term":[{"taxonomy":"product_brand","embeddable":true,"href":"https:\/\/edenrituals.lt\/en\/wp-json\/wp\/v2\/product_brand?post=21661"},{"taxonomy":"product_cat","embeddable":true,"href":"https:\/\/edenrituals.lt\/en\/wp-json\/wp\/v2\/product_cat?post=21661"},{"taxonomy":"product_tag","embeddable":true,"href":"https:\/\/edenrituals.lt\/en\/wp-json\/wp\/v2\/product_tag?post=21661"}],"curies":[{"name":"wp","href":"https:\/\/api.w.org\/{rel}","templated":true}]}}