{"id":21658,"date":"2024-11-06T22:21:45","date_gmt":"2024-11-06T20:21:45","guid":{"rendered":"https:\/\/edenrituals.lt\/product\/apsauginis-drekinamasis-kremas-nuo-saules-sausai-jautriai-odai-spf-50\/"},"modified":"2025-10-28T17:03:13","modified_gmt":"2025-10-28T15:03:13","slug":"apsauginis-drekinamasis-kremas-nuo-saules-sausai-jautriai-odai-spf-50","status":"publish","type":"product","link":"https:\/\/edenrituals.lt\/en\/product\/apsauginis-drekinamasis-kremas-nuo-saules-sausai-jautriai-odai-spf-50\/","title":{"rendered":"DERMEDEN Moisturising Sun Cream for sensitive skin"},"content":{"rendered":"<p><strong>DERMEDEN Moisturising Sunscreen for Sensitive Skin with SPF 50 gently takes care of the needs of dry and sensitive skin. <\/strong><\/p>\n<p>The light yet nourishing formula moisturises, soothes and provides reliable protection against the sun's harmful rays. The rich texture absorbs quickly, leaves no white veil and gives a pleasant feeling of comfort all day long.<\/p>\n<p>The formula contains niacinamide, dioic and hyaluronic acids and avocado oil to help maintain skin firmness, reduce pigment spots and strengthen the protective barrier.<\/p>\n<p><strong>How to use?<\/strong><br \/>\nApply the cream to clean skin every morning, spreading it lightly in circular motions. Suitable for use as a daily cream or make-up base.<\/p>\n<p><strong>Result:<\/strong><br \/>\nMoisturised, soft and protected skin without the feeling of tightness, glowing with the natural radiance of healthy skin.<\/p>\n<p><strong>Key ingredients:<\/strong><br \/>\n- Dioic acid - fights pigment spots and slows down the ageing process.<br \/>\n- Niacinamide - helps even skin tone, strengthens the protective barrier and acts as an antioxidant.<br \/>\n- Hyaluronic Acid - intensely hydrates and leaves skin soft and supple.<br \/>\n- Avocado oil - nourishes and soothes dry skin.<br \/>\n- Organic sun filters - provide broad spectrum UVA\/UVB protection without white veil.<\/p>\n<p><strong>Composition:<\/strong><br \/>\nAqua (Water), Ethylhexyl Methoxycinnamate, Diethylamino Hydroxybenzoyl Hexyl Benzoate, Niacinamide, Diisopropyl Sebacate, Ethylhexyl Triazone, Dimethicone, Bis-Ethylhexylhexylphenol Methoxyphenyl Triazine, Methylene Bis-Benzotriazolyl Tetramethylbutylphenol [Nano], Pentylene Glycol, Homosalate, Polyglyceryl-6 Stearate, Cetearyl Alcohol, Persea Gratissima (Avocado) Oil, Octadecenedioic Acid, Sodium Acrylates Copolymer, Diethylhexyl Syringylidenemalonate, Decyl Glucoside, Lecithin, Ethylhexylglycerin, Chlorphenesin, Xanthan Gum, Sclerotium Gum, Ceteareth-20, Polyglyceryl-6 Behenate, Caprylic\/Capric Triglyceride, Propylene Glycol, Sodium Hyaluronate, Tocopherol.<\/p>\n<p><strong>Capacity<\/strong>: 50 ml<br \/>\n<strong>Manufacturer<\/strong>: DERMEDEN<br \/>\n<strong>Country of origin<\/strong>: France<\/p>","protected":false},"excerpt":{"rendered":"<p><strong>Rich protection and comfort for even the most demanding skin.<\/strong><\/p>\n<p><strong>Why try a moisturising sunscreen for sensitive skin?<\/strong><br \/>\n- Moisturises, nourishes and gives a feeling of comfort.<br \/>\n- Helps maintain skin elasticity and softness.<br \/>\n- Reduces the brightness of existing pigment spots and prevents the appearance of new ones.<br \/>\n- Protects against UVA\/UVB rays and blue light (SPF 50).<br \/>\n- Fragrance-free - suitable even for sensitive, dry skin.<\/p>","protected":false},"featured_media":21607,"comment_status":"open","ping_status":"closed","template":"","meta":[],"product_brand":[149],"product_cat":[147],"product_tag":[],"class_list":{"0":"post-21658","1":"product","2":"type-product","3":"status-publish","4":"has-post-thumbnail","6":"product_brand-dermeden","7":"product_cat-veido-kosmetika","9":"first","10":"instock","11":"shipping-taxable","12":"purchasable","13":"product-type-simple"},"yoast_head":"<!-- This site is optimized with the Yoast SEO plugin v25.9 - https:\/\/yoast.com\/wordpress\/plugins\/seo\/ -->\n<title>DERMEDEN dr\u0117kinamasis kremas nuo saul\u0117s jautriai odai - Eden Rituals<\/title>\n<meta name=\"description\" content=\"Dr\u0117kinamasis kremas nuo saul\u0117s jautriai odai \u0161velniai pasir\u016bpina sausos ir jautrios odos poreikiais. Sudr\u0117kinta, \u0161velni ir apsaugota oda be tempimo jausmo.\" \/>\n<meta name=\"robots\" content=\"index, follow, max-snippet:-1, max-image-preview:large, max-video-preview:-1\" \/>\n<link rel=\"canonical\" href=\"https:\/\/edenrituals.lt\/en\/product\/apsauginis-drekinamasis-kremas-nuo-saules-sausai-jautriai-odai-spf-50\/\" \/>\n<meta property=\"og:locale\" content=\"en_GB\" \/>\n<meta property=\"og:type\" content=\"article\" \/>\n<meta property=\"og:title\" content=\"DERMEDEN dr\u0117kinamasis kremas nuo saul\u0117s jautriai odai - Eden Rituals\" \/>\n<meta property=\"og:description\" content=\"Dr\u0117kinamasis kremas nuo saul\u0117s jautriai odai \u0161velniai pasir\u016bpina sausos ir jautrios odos poreikiais. Sudr\u0117kinta, \u0161velni ir apsaugota oda be tempimo jausmo.\" \/>\n<meta property=\"og:url\" content=\"https:\/\/edenrituals.lt\/en\/product\/apsauginis-drekinamasis-kremas-nuo-saules-sausai-jautriai-odai-spf-50\/\" \/>\n<meta property=\"og:site_name\" content=\"Eden Rituals\" \/>\n<meta property=\"article:publisher\" content=\"https:\/\/www.facebook.com\/profile.php?id=61567033621481#\" \/>\n<meta property=\"article:modified_time\" content=\"2025-10-28T15:03:13+00:00\" \/>\n<meta property=\"og:image\" content=\"https:\/\/edenrituals.lt\/wp-content\/uploads\/2024\/11\/Dieninis-apsauginis-kremas-nuo-saules-sausai-jautriai-odai-SPF-50-DERMEDEN-4-in-1-Day-Cream-dry-skin-misija-oda-1.png\" \/>\n\t<meta property=\"og:image:width\" content=\"533\" \/>\n\t<meta property=\"og:image:height\" content=\"533\" \/>\n\t<meta property=\"og:image:type\" content=\"image\/png\" \/>\n<meta name=\"twitter:card\" content=\"summary_large_image\" \/>\n<meta name=\"twitter:label1\" content=\"Estimated reading time\" \/>\n\t<meta name=\"twitter:data1\" content=\"2 minutes\" \/>\n<script type=\"application\/ld+json\" class=\"yoast-schema-graph\">{\"@context\":\"https:\/\/schema.org\",\"@graph\":[{\"@type\":\"WebPage\",\"@id\":\"https:\/\/edenrituals.lt\/product\/apsauginis-drekinamasis-kremas-nuo-saules-sausai-jautriai-odai-spf-50\/\",\"url\":\"https:\/\/edenrituals.lt\/product\/apsauginis-drekinamasis-kremas-nuo-saules-sausai-jautriai-odai-spf-50\/\",\"name\":\"DERMEDEN dr\u0117kinamasis kremas nuo saul\u0117s jautriai odai - Eden Rituals\",\"isPartOf\":{\"@id\":\"https:\/\/edenrituals.lt\/#website\"},\"primaryImageOfPage\":{\"@id\":\"https:\/\/edenrituals.lt\/product\/apsauginis-drekinamasis-kremas-nuo-saules-sausai-jautriai-odai-spf-50\/#primaryimage\"},\"image\":{\"@id\":\"https:\/\/edenrituals.lt\/product\/apsauginis-drekinamasis-kremas-nuo-saules-sausai-jautriai-odai-spf-50\/#primaryimage\"},\"thumbnailUrl\":\"https:\/\/edenrituals.lt\/wp-content\/uploads\/2024\/11\/Dieninis-apsauginis-kremas-nuo-saules-sausai-jautriai-odai-SPF-50-DERMEDEN-4-in-1-Day-Cream-dry-skin-misija-oda-1.png\",\"datePublished\":\"2024-11-06T20:21:45+00:00\",\"dateModified\":\"2025-10-28T15:03:13+00:00\",\"description\":\"Dr\u0117kinamasis kremas nuo saul\u0117s jautriai odai \u0161velniai pasir\u016bpina sausos ir jautrios odos poreikiais. Sudr\u0117kinta, \u0161velni ir apsaugota oda be tempimo jausmo.\",\"breadcrumb\":{\"@id\":\"https:\/\/edenrituals.lt\/product\/apsauginis-drekinamasis-kremas-nuo-saules-sausai-jautriai-odai-spf-50\/#breadcrumb\"},\"inLanguage\":\"en-GB\",\"potentialAction\":[{\"@type\":\"ReadAction\",\"target\":[\"https:\/\/edenrituals.lt\/product\/apsauginis-drekinamasis-kremas-nuo-saules-sausai-jautriai-odai-spf-50\/\"]}]},{\"@type\":\"ImageObject\",\"inLanguage\":\"en-GB\",\"@id\":\"https:\/\/edenrituals.lt\/product\/apsauginis-drekinamasis-kremas-nuo-saules-sausai-jautriai-odai-spf-50\/#primaryimage\",\"url\":\"https:\/\/edenrituals.lt\/wp-content\/uploads\/2024\/11\/Dieninis-apsauginis-kremas-nuo-saules-sausai-jautriai-odai-SPF-50-DERMEDEN-4-in-1-Day-Cream-dry-skin-misija-oda-1.png\",\"contentUrl\":\"https:\/\/edenrituals.lt\/wp-content\/uploads\/2024\/11\/Dieninis-apsauginis-kremas-nuo-saules-sausai-jautriai-odai-SPF-50-DERMEDEN-4-in-1-Day-Cream-dry-skin-misija-oda-1.png\",\"width\":533,\"height\":533,\"caption\":\"DERMEDEN dr\u0117kinamasis kremas nuo saul\u0117s jautriai odai\"},{\"@type\":\"BreadcrumbList\",\"@id\":\"https:\/\/edenrituals.lt\/product\/apsauginis-drekinamasis-kremas-nuo-saules-sausai-jautriai-odai-spf-50\/#breadcrumb\",\"itemListElement\":[{\"@type\":\"ListItem\",\"position\":1,\"name\":\"Home\",\"item\":\"https:\/\/edenrituals.lt\/\"},{\"@type\":\"ListItem\",\"position\":2,\"name\":\"Parduotuv\u0117\",\"item\":\"https:\/\/edenrituals.lt\/parduotuve\/\"},{\"@type\":\"ListItem\",\"position\":3,\"name\":\"DERMEDEN dr\u0117kinamasis kremas nuo saul\u0117s jautriai odai\"}]},{\"@type\":\"WebSite\",\"@id\":\"https:\/\/edenrituals.lt\/#website\",\"url\":\"https:\/\/edenrituals.lt\/\",\"name\":\"Eden Rituals\",\"description\":\"every day. every moment\",\"publisher\":{\"@id\":\"https:\/\/edenrituals.lt\/#organization\"},\"potentialAction\":[{\"@type\":\"SearchAction\",\"target\":{\"@type\":\"EntryPoint\",\"urlTemplate\":\"https:\/\/edenrituals.lt\/?s={search_term_string}\"},\"query-input\":{\"@type\":\"PropertyValueSpecification\",\"valueRequired\":true,\"valueName\":\"search_term_string\"}}],\"inLanguage\":\"en-GB\"},{\"@type\":\"Organization\",\"@id\":\"https:\/\/edenrituals.lt\/#organization\",\"name\":\"Eden Rituals\",\"url\":\"https:\/\/edenrituals.lt\/\",\"logo\":{\"@type\":\"ImageObject\",\"inLanguage\":\"en-GB\",\"@id\":\"https:\/\/edenrituals.lt\/#\/schema\/logo\/image\/\",\"url\":\"https:\/\/edenrituals.lt\/wp-content\/uploads\/2024\/08\/cosmetics-3.png\",\"contentUrl\":\"https:\/\/edenrituals.lt\/wp-content\/uploads\/2024\/08\/cosmetics-3.png\",\"width\":689,\"height\":200,\"caption\":\"Eden Rituals\"},\"image\":{\"@id\":\"https:\/\/edenrituals.lt\/#\/schema\/logo\/image\/\"},\"sameAs\":[\"https:\/\/www.facebook.com\/profile.php?id=61567033621481#\",\"https:\/\/www.instagram.com\/edenrituals\/\"]}]}<\/script>\n<!-- \/ Yoast SEO plugin. -->","yoast_head_json":{"title":"DERMEDEN dr\u0117kinamasis kremas nuo saul\u0117s jautriai odai - Eden Rituals","description":"Dr\u0117kinamasis kremas nuo saul\u0117s jautriai odai \u0161velniai pasir\u016bpina sausos ir jautrios odos poreikiais. Sudr\u0117kinta, \u0161velni ir apsaugota oda be tempimo jausmo.","robots":{"index":"index","follow":"follow","max-snippet":"max-snippet:-1","max-image-preview":"max-image-preview:large","max-video-preview":"max-video-preview:-1"},"canonical":"https:\/\/edenrituals.lt\/en\/product\/apsauginis-drekinamasis-kremas-nuo-saules-sausai-jautriai-odai-spf-50\/","og_locale":"en_GB","og_type":"article","og_title":"DERMEDEN dr\u0117kinamasis kremas nuo saul\u0117s jautriai odai - Eden Rituals","og_description":"Dr\u0117kinamasis kremas nuo saul\u0117s jautriai odai \u0161velniai pasir\u016bpina sausos ir jautrios odos poreikiais. Sudr\u0117kinta, \u0161velni ir apsaugota oda be tempimo jausmo.","og_url":"https:\/\/edenrituals.lt\/en\/product\/apsauginis-drekinamasis-kremas-nuo-saules-sausai-jautriai-odai-spf-50\/","og_site_name":"Eden Rituals","article_publisher":"https:\/\/www.facebook.com\/profile.php?id=61567033621481#","article_modified_time":"2025-10-28T15:03:13+00:00","og_image":[{"width":533,"height":533,"url":"https:\/\/edenrituals.lt\/wp-content\/uploads\/2024\/11\/Dieninis-apsauginis-kremas-nuo-saules-sausai-jautriai-odai-SPF-50-DERMEDEN-4-in-1-Day-Cream-dry-skin-misija-oda-1.png","type":"image\/png"}],"twitter_card":"summary_large_image","twitter_misc":{"Estimated reading time":"2 minutes"},"schema":{"@context":"https:\/\/schema.org","@graph":[{"@type":"WebPage","@id":"https:\/\/edenrituals.lt\/product\/apsauginis-drekinamasis-kremas-nuo-saules-sausai-jautriai-odai-spf-50\/","url":"https:\/\/edenrituals.lt\/product\/apsauginis-drekinamasis-kremas-nuo-saules-sausai-jautriai-odai-spf-50\/","name":"DERMEDEN dr\u0117kinamasis kremas nuo saul\u0117s jautriai odai - Eden Rituals","isPartOf":{"@id":"https:\/\/edenrituals.lt\/#website"},"primaryImageOfPage":{"@id":"https:\/\/edenrituals.lt\/product\/apsauginis-drekinamasis-kremas-nuo-saules-sausai-jautriai-odai-spf-50\/#primaryimage"},"image":{"@id":"https:\/\/edenrituals.lt\/product\/apsauginis-drekinamasis-kremas-nuo-saules-sausai-jautriai-odai-spf-50\/#primaryimage"},"thumbnailUrl":"https:\/\/edenrituals.lt\/wp-content\/uploads\/2024\/11\/Dieninis-apsauginis-kremas-nuo-saules-sausai-jautriai-odai-SPF-50-DERMEDEN-4-in-1-Day-Cream-dry-skin-misija-oda-1.png","datePublished":"2024-11-06T20:21:45+00:00","dateModified":"2025-10-28T15:03:13+00:00","description":"Dr\u0117kinamasis kremas nuo saul\u0117s jautriai odai \u0161velniai pasir\u016bpina sausos ir jautrios odos poreikiais. Sudr\u0117kinta, \u0161velni ir apsaugota oda be tempimo jausmo.","breadcrumb":{"@id":"https:\/\/edenrituals.lt\/product\/apsauginis-drekinamasis-kremas-nuo-saules-sausai-jautriai-odai-spf-50\/#breadcrumb"},"inLanguage":"en-GB","potentialAction":[{"@type":"ReadAction","target":["https:\/\/edenrituals.lt\/product\/apsauginis-drekinamasis-kremas-nuo-saules-sausai-jautriai-odai-spf-50\/"]}]},{"@type":"ImageObject","inLanguage":"en-GB","@id":"https:\/\/edenrituals.lt\/product\/apsauginis-drekinamasis-kremas-nuo-saules-sausai-jautriai-odai-spf-50\/#primaryimage","url":"https:\/\/edenrituals.lt\/wp-content\/uploads\/2024\/11\/Dieninis-apsauginis-kremas-nuo-saules-sausai-jautriai-odai-SPF-50-DERMEDEN-4-in-1-Day-Cream-dry-skin-misija-oda-1.png","contentUrl":"https:\/\/edenrituals.lt\/wp-content\/uploads\/2024\/11\/Dieninis-apsauginis-kremas-nuo-saules-sausai-jautriai-odai-SPF-50-DERMEDEN-4-in-1-Day-Cream-dry-skin-misija-oda-1.png","width":533,"height":533,"caption":"DERMEDEN dr\u0117kinamasis kremas nuo saul\u0117s jautriai odai"},{"@type":"BreadcrumbList","@id":"https:\/\/edenrituals.lt\/product\/apsauginis-drekinamasis-kremas-nuo-saules-sausai-jautriai-odai-spf-50\/#breadcrumb","itemListElement":[{"@type":"ListItem","position":1,"name":"Home","item":"https:\/\/edenrituals.lt\/"},{"@type":"ListItem","position":2,"name":"Parduotuv\u0117","item":"https:\/\/edenrituals.lt\/parduotuve\/"},{"@type":"ListItem","position":3,"name":"DERMEDEN dr\u0117kinamasis kremas nuo saul\u0117s jautriai odai"}]},{"@type":"WebSite","@id":"https:\/\/edenrituals.lt\/#website","url":"https:\/\/edenrituals.lt\/","name":"Eden Rituals","description":"every day. every moment","publisher":{"@id":"https:\/\/edenrituals.lt\/#organization"},"potentialAction":[{"@type":"SearchAction","target":{"@type":"EntryPoint","urlTemplate":"https:\/\/edenrituals.lt\/?s={search_term_string}"},"query-input":{"@type":"PropertyValueSpecification","valueRequired":true,"valueName":"search_term_string"}}],"inLanguage":"en-GB"},{"@type":"Organization","@id":"https:\/\/edenrituals.lt\/#organization","name":"Eden Rituals","url":"https:\/\/edenrituals.lt\/","logo":{"@type":"ImageObject","inLanguage":"en-GB","@id":"https:\/\/edenrituals.lt\/#\/schema\/logo\/image\/","url":"https:\/\/edenrituals.lt\/wp-content\/uploads\/2024\/08\/cosmetics-3.png","contentUrl":"https:\/\/edenrituals.lt\/wp-content\/uploads\/2024\/08\/cosmetics-3.png","width":689,"height":200,"caption":"Eden Rituals"},"image":{"@id":"https:\/\/edenrituals.lt\/#\/schema\/logo\/image\/"},"sameAs":["https:\/\/www.facebook.com\/profile.php?id=61567033621481#","https:\/\/www.instagram.com\/edenrituals\/"]}]}},"jetpack_sharing_enabled":true,"_links":{"self":[{"href":"https:\/\/edenrituals.lt\/en\/wp-json\/wp\/v2\/product\/21658","targetHints":{"allow":["GET"]}}],"collection":[{"href":"https:\/\/edenrituals.lt\/en\/wp-json\/wp\/v2\/product"}],"about":[{"href":"https:\/\/edenrituals.lt\/en\/wp-json\/wp\/v2\/types\/product"}],"replies":[{"embeddable":true,"href":"https:\/\/edenrituals.lt\/en\/wp-json\/wp\/v2\/comments?post=21658"}],"version-history":[{"count":6,"href":"https:\/\/edenrituals.lt\/en\/wp-json\/wp\/v2\/product\/21658\/revisions"}],"predecessor-version":[{"id":22079,"href":"https:\/\/edenrituals.lt\/en\/wp-json\/wp\/v2\/product\/21658\/revisions\/22079"}],"wp:featuredmedia":[{"embeddable":true,"href":"https:\/\/edenrituals.lt\/en\/wp-json\/wp\/v2\/media\/21607"}],"wp:attachment":[{"href":"https:\/\/edenrituals.lt\/en\/wp-json\/wp\/v2\/media?parent=21658"}],"wp:term":[{"taxonomy":"product_brand","embeddable":true,"href":"https:\/\/edenrituals.lt\/en\/wp-json\/wp\/v2\/product_brand?post=21658"},{"taxonomy":"product_cat","embeddable":true,"href":"https:\/\/edenrituals.lt\/en\/wp-json\/wp\/v2\/product_cat?post=21658"},{"taxonomy":"product_tag","embeddable":true,"href":"https:\/\/edenrituals.lt\/en\/wp-json\/wp\/v2\/product_tag?post=21658"}],"curies":[{"name":"wp","href":"https:\/\/api.w.org\/{rel}","templated":true}]}}