{"id":21657,"date":"2024-11-06T22:21:45","date_gmt":"2024-11-06T20:21:45","guid":{"rendered":"https:\/\/edenrituals.lt\/product\/intensyvus-paakiu-kremas-nuo-rauksliu-intense-eye-contour\/"},"modified":"2025-10-28T15:20:29","modified_gmt":"2025-10-28T13:20:29","slug":"intensyvus-paakiu-kremas-nuo-rauksliu-intense-eye-contour","status":"publish","type":"product","link":"https:\/\/edenrituals.lt\/en\/product\/intensyvus-paakiu-kremas-nuo-rauksliu-intense-eye-contour\/","title":{"rendered":"INTENSE EYE CONTOUR Intensive Anti-Wrinkle Eye Cream"},"content":{"rendered":"<p><strong>DERMEDEN Intensive Anti-Wrinkle Eye Cream reduces dark circles, puffiness and wrinkles. Its gentle formula is designed for the delicate eye area - it brightens, revitalises and gives elasticity.<\/strong><\/p>\n<p>Retinol, niacinamide and stabilised vitamin C work together to help reduce wrinkles, brighten skin and improve collagen production. Hyaluronic Acid provides intense hydration and Dioic Acid helps fight pigment spots.<\/p>\n<p>Developed in collaboration with dermatologists, this cream is suitable for even sensitive skin and perfectly tolerated with daily use. Fragrance and paraben free.<\/p>\n<p><strong>How to use?<\/strong><br \/>\nGently massage a small amount of the cream around your eye contour every evening. Avoid direct contact with the eyes.<\/p>\n<p><strong>Result:\u00a0<\/strong><br \/>\nYour brows will look rested, brighter and smoother. Wrinkles will be less noticeable and the look will be refreshed and radiant.<\/p>\n<p><strong>Key ingredients:<\/strong><br \/>\nRetinol - promotes cell renewal.<br \/>\nNiacinamide - brightens and strengthens the skin.<br \/>\nHyaluronic acid - moisturises and provides elasticity.<br \/>\nVitamin C - brightens and radiates.<\/p>\n<p><strong>Composition:<\/strong><br \/>\nAqua (Water), Propanediol Dicaprylate, Niacinamide, Dimethicone, Coco Caprylate\/Caprate, Glyceryl Stearate SE, Glycolic Acid, Isostearyl Alcohol, Cetyl Alcohol, Glyceryl Stearate, Butylene Glycol Cocoate, Polyacrylate Crosspolymer-6, Octadecenedioic Acid, Sodium Hydroxide, Polyglyceryl-6 Laurate, PEG-75 Stearate, Polysorbate 20, Polyglyceryl-10 Oleate, Ethylhexylglycerin, Chlorphenesin, Ceteth-20, Steareth-20, Tocopheryl Acetate, Caprylic\/Capric Triglyceride, Sorbitan Palmitate, Xanthan Gum, 3-O-Ethyl Ascorbic Acid, Ethylcellulose, Hydroxypropyl Cyclodextrin, Magnolol\/Honokiol, Retinol, T-Butyl Alcohol, Sodium Hyaluronate, Tocopherol, Sodium Metabisulfite.<\/p>\n<p><strong>Suitable for use<\/strong>: for all skin types, including the sensitive under-eye area.<br \/>\n<strong>Capacity<\/strong>: 15 ml<br \/>\n<strong>Manufacturer<\/strong>: DERMEDEN<br \/>\n<strong>Country of origin<\/strong>: France<\/p>","protected":false},"excerpt":{"rendered":"<p>Firmer, brighter and more rested brows.<\/p>\n<p><strong>Why try DERMEDEN Intensive Anti-Wrinkle Eye Cream?<\/strong><br \/>\n- Reduces wrinkles, fine lines and dark circles.<br \/>\n- Brightens the under-eye area and gives vitality.<br \/>\n- Moisturises, firms and reduces puffiness.<br \/>\n- Protects against adverse environmental effects.<br \/>\n- Suitable for sensitive and thin under-eye skin.<\/p>","protected":false},"featured_media":21605,"comment_status":"open","ping_status":"closed","template":"","meta":[],"product_brand":[149],"product_cat":[147],"product_tag":[],"class_list":{"0":"post-21657","1":"product","2":"type-product","3":"status-publish","4":"has-post-thumbnail","6":"product_brand-dermeden","7":"product_cat-veido-kosmetika","9":"first","10":"instock","11":"shipping-taxable","12":"purchasable","13":"product-type-simple"},"yoast_head":"<!-- This site is optimized with the Yoast SEO plugin v25.9 - https:\/\/yoast.com\/wordpress\/plugins\/seo\/ -->\n<title>Intensyvus paaki\u0173 kremas nuo rauk\u0161li\u0173 INTENSE EYE CONTOUR - Eden Rituals<\/title>\n<meta name=\"description\" content=\"DERMEDEN intensyvus paaki\u0173 kremas nuo rauk\u0161li\u0173 ma\u017eina tamsius ratilus, paburkim\u0105 ir rauk\u0161les. Jo \u0161velni formul\u0117 sukurta jautriai paaki\u0173 sri\u010diai.\" \/>\n<meta name=\"robots\" content=\"index, follow, max-snippet:-1, max-image-preview:large, max-video-preview:-1\" \/>\n<link rel=\"canonical\" href=\"https:\/\/edenrituals.lt\/en\/product\/intensyvus-paakiu-kremas-nuo-rauksliu-intense-eye-contour\/\" \/>\n<meta property=\"og:locale\" content=\"en_GB\" \/>\n<meta property=\"og:type\" content=\"article\" \/>\n<meta property=\"og:title\" content=\"Intensyvus paaki\u0173 kremas nuo rauk\u0161li\u0173 INTENSE EYE CONTOUR - Eden Rituals\" \/>\n<meta property=\"og:description\" content=\"DERMEDEN intensyvus paaki\u0173 kremas nuo rauk\u0161li\u0173 ma\u017eina tamsius ratilus, paburkim\u0105 ir rauk\u0161les. Jo \u0161velni formul\u0117 sukurta jautriai paaki\u0173 sri\u010diai.\" \/>\n<meta property=\"og:url\" content=\"https:\/\/edenrituals.lt\/en\/product\/intensyvus-paakiu-kremas-nuo-rauksliu-intense-eye-contour\/\" \/>\n<meta property=\"og:site_name\" content=\"Eden Rituals\" \/>\n<meta property=\"article:publisher\" content=\"https:\/\/www.facebook.com\/profile.php?id=61567033621481#\" \/>\n<meta property=\"article:modified_time\" content=\"2025-10-28T13:20:29+00:00\" \/>\n<meta property=\"og:image\" content=\"https:\/\/edenrituals.lt\/wp-content\/uploads\/2024\/11\/Intensyvus-paakiu-kremas-nuo-rauksliu-DERMDEDEN-INTENSE-EYE-CONTOUR-misija-oda.png\" \/>\n\t<meta property=\"og:image:width\" content=\"533\" \/>\n\t<meta property=\"og:image:height\" content=\"533\" \/>\n\t<meta property=\"og:image:type\" content=\"image\/png\" \/>\n<meta name=\"twitter:card\" content=\"summary_large_image\" \/>\n<meta name=\"twitter:label1\" content=\"Estimated reading time\" \/>\n\t<meta name=\"twitter:data1\" content=\"2 minutes\" \/>\n<script type=\"application\/ld+json\" class=\"yoast-schema-graph\">{\"@context\":\"https:\/\/schema.org\",\"@graph\":[{\"@type\":\"WebPage\",\"@id\":\"https:\/\/edenrituals.lt\/product\/intensyvus-paakiu-kremas-nuo-rauksliu-intense-eye-contour\/\",\"url\":\"https:\/\/edenrituals.lt\/product\/intensyvus-paakiu-kremas-nuo-rauksliu-intense-eye-contour\/\",\"name\":\"Intensyvus paaki\u0173 kremas nuo rauk\u0161li\u0173 INTENSE EYE CONTOUR - Eden Rituals\",\"isPartOf\":{\"@id\":\"https:\/\/edenrituals.lt\/#website\"},\"primaryImageOfPage\":{\"@id\":\"https:\/\/edenrituals.lt\/product\/intensyvus-paakiu-kremas-nuo-rauksliu-intense-eye-contour\/#primaryimage\"},\"image\":{\"@id\":\"https:\/\/edenrituals.lt\/product\/intensyvus-paakiu-kremas-nuo-rauksliu-intense-eye-contour\/#primaryimage\"},\"thumbnailUrl\":\"https:\/\/edenrituals.lt\/wp-content\/uploads\/2024\/11\/Intensyvus-paakiu-kremas-nuo-rauksliu-DERMDEDEN-INTENSE-EYE-CONTOUR-misija-oda.png\",\"datePublished\":\"2024-11-06T20:21:45+00:00\",\"dateModified\":\"2025-10-28T13:20:29+00:00\",\"description\":\"DERMEDEN intensyvus paaki\u0173 kremas nuo rauk\u0161li\u0173 ma\u017eina tamsius ratilus, paburkim\u0105 ir rauk\u0161les. Jo \u0161velni formul\u0117 sukurta jautriai paaki\u0173 sri\u010diai.\",\"breadcrumb\":{\"@id\":\"https:\/\/edenrituals.lt\/product\/intensyvus-paakiu-kremas-nuo-rauksliu-intense-eye-contour\/#breadcrumb\"},\"inLanguage\":\"en-GB\",\"potentialAction\":[{\"@type\":\"ReadAction\",\"target\":[\"https:\/\/edenrituals.lt\/product\/intensyvus-paakiu-kremas-nuo-rauksliu-intense-eye-contour\/\"]}]},{\"@type\":\"ImageObject\",\"inLanguage\":\"en-GB\",\"@id\":\"https:\/\/edenrituals.lt\/product\/intensyvus-paakiu-kremas-nuo-rauksliu-intense-eye-contour\/#primaryimage\",\"url\":\"https:\/\/edenrituals.lt\/wp-content\/uploads\/2024\/11\/Intensyvus-paakiu-kremas-nuo-rauksliu-DERMDEDEN-INTENSE-EYE-CONTOUR-misija-oda.png\",\"contentUrl\":\"https:\/\/edenrituals.lt\/wp-content\/uploads\/2024\/11\/Intensyvus-paakiu-kremas-nuo-rauksliu-DERMDEDEN-INTENSE-EYE-CONTOUR-misija-oda.png\",\"width\":533,\"height\":533,\"caption\":\"Intensyvus paaki\u0173 kremas nuo rauk\u0161li\u0173 INTENSE EYE CONTOUR\"},{\"@type\":\"BreadcrumbList\",\"@id\":\"https:\/\/edenrituals.lt\/product\/intensyvus-paakiu-kremas-nuo-rauksliu-intense-eye-contour\/#breadcrumb\",\"itemListElement\":[{\"@type\":\"ListItem\",\"position\":1,\"name\":\"Home\",\"item\":\"https:\/\/edenrituals.lt\/\"},{\"@type\":\"ListItem\",\"position\":2,\"name\":\"Parduotuv\u0117\",\"item\":\"https:\/\/edenrituals.lt\/parduotuve\/\"},{\"@type\":\"ListItem\",\"position\":3,\"name\":\"Intensyvus paaki\u0173 kremas nuo rauk\u0161li\u0173 INTENSE EYE CONTOUR\"}]},{\"@type\":\"WebSite\",\"@id\":\"https:\/\/edenrituals.lt\/#website\",\"url\":\"https:\/\/edenrituals.lt\/\",\"name\":\"Eden Rituals\",\"description\":\"every day. every moment\",\"publisher\":{\"@id\":\"https:\/\/edenrituals.lt\/#organization\"},\"potentialAction\":[{\"@type\":\"SearchAction\",\"target\":{\"@type\":\"EntryPoint\",\"urlTemplate\":\"https:\/\/edenrituals.lt\/?s={search_term_string}\"},\"query-input\":{\"@type\":\"PropertyValueSpecification\",\"valueRequired\":true,\"valueName\":\"search_term_string\"}}],\"inLanguage\":\"en-GB\"},{\"@type\":\"Organization\",\"@id\":\"https:\/\/edenrituals.lt\/#organization\",\"name\":\"Eden Rituals\",\"url\":\"https:\/\/edenrituals.lt\/\",\"logo\":{\"@type\":\"ImageObject\",\"inLanguage\":\"en-GB\",\"@id\":\"https:\/\/edenrituals.lt\/#\/schema\/logo\/image\/\",\"url\":\"https:\/\/edenrituals.lt\/wp-content\/uploads\/2024\/08\/cosmetics-3.png\",\"contentUrl\":\"https:\/\/edenrituals.lt\/wp-content\/uploads\/2024\/08\/cosmetics-3.png\",\"width\":689,\"height\":200,\"caption\":\"Eden Rituals\"},\"image\":{\"@id\":\"https:\/\/edenrituals.lt\/#\/schema\/logo\/image\/\"},\"sameAs\":[\"https:\/\/www.facebook.com\/profile.php?id=61567033621481#\",\"https:\/\/www.instagram.com\/edenrituals\/\"]}]}<\/script>\n<!-- \/ Yoast SEO plugin. -->","yoast_head_json":{"title":"Intensyvus paaki\u0173 kremas nuo rauk\u0161li\u0173 INTENSE EYE CONTOUR - Eden Rituals","description":"DERMEDEN intensyvus paaki\u0173 kremas nuo rauk\u0161li\u0173 ma\u017eina tamsius ratilus, paburkim\u0105 ir rauk\u0161les. Jo \u0161velni formul\u0117 sukurta jautriai paaki\u0173 sri\u010diai.","robots":{"index":"index","follow":"follow","max-snippet":"max-snippet:-1","max-image-preview":"max-image-preview:large","max-video-preview":"max-video-preview:-1"},"canonical":"https:\/\/edenrituals.lt\/en\/product\/intensyvus-paakiu-kremas-nuo-rauksliu-intense-eye-contour\/","og_locale":"en_GB","og_type":"article","og_title":"Intensyvus paaki\u0173 kremas nuo rauk\u0161li\u0173 INTENSE EYE CONTOUR - Eden Rituals","og_description":"DERMEDEN intensyvus paaki\u0173 kremas nuo rauk\u0161li\u0173 ma\u017eina tamsius ratilus, paburkim\u0105 ir rauk\u0161les. Jo \u0161velni formul\u0117 sukurta jautriai paaki\u0173 sri\u010diai.","og_url":"https:\/\/edenrituals.lt\/en\/product\/intensyvus-paakiu-kremas-nuo-rauksliu-intense-eye-contour\/","og_site_name":"Eden Rituals","article_publisher":"https:\/\/www.facebook.com\/profile.php?id=61567033621481#","article_modified_time":"2025-10-28T13:20:29+00:00","og_image":[{"width":533,"height":533,"url":"https:\/\/edenrituals.lt\/wp-content\/uploads\/2024\/11\/Intensyvus-paakiu-kremas-nuo-rauksliu-DERMDEDEN-INTENSE-EYE-CONTOUR-misija-oda.png","type":"image\/png"}],"twitter_card":"summary_large_image","twitter_misc":{"Estimated reading time":"2 minutes"},"schema":{"@context":"https:\/\/schema.org","@graph":[{"@type":"WebPage","@id":"https:\/\/edenrituals.lt\/product\/intensyvus-paakiu-kremas-nuo-rauksliu-intense-eye-contour\/","url":"https:\/\/edenrituals.lt\/product\/intensyvus-paakiu-kremas-nuo-rauksliu-intense-eye-contour\/","name":"Intensyvus paaki\u0173 kremas nuo rauk\u0161li\u0173 INTENSE EYE CONTOUR - Eden Rituals","isPartOf":{"@id":"https:\/\/edenrituals.lt\/#website"},"primaryImageOfPage":{"@id":"https:\/\/edenrituals.lt\/product\/intensyvus-paakiu-kremas-nuo-rauksliu-intense-eye-contour\/#primaryimage"},"image":{"@id":"https:\/\/edenrituals.lt\/product\/intensyvus-paakiu-kremas-nuo-rauksliu-intense-eye-contour\/#primaryimage"},"thumbnailUrl":"https:\/\/edenrituals.lt\/wp-content\/uploads\/2024\/11\/Intensyvus-paakiu-kremas-nuo-rauksliu-DERMDEDEN-INTENSE-EYE-CONTOUR-misija-oda.png","datePublished":"2024-11-06T20:21:45+00:00","dateModified":"2025-10-28T13:20:29+00:00","description":"DERMEDEN intensyvus paaki\u0173 kremas nuo rauk\u0161li\u0173 ma\u017eina tamsius ratilus, paburkim\u0105 ir rauk\u0161les. Jo \u0161velni formul\u0117 sukurta jautriai paaki\u0173 sri\u010diai.","breadcrumb":{"@id":"https:\/\/edenrituals.lt\/product\/intensyvus-paakiu-kremas-nuo-rauksliu-intense-eye-contour\/#breadcrumb"},"inLanguage":"en-GB","potentialAction":[{"@type":"ReadAction","target":["https:\/\/edenrituals.lt\/product\/intensyvus-paakiu-kremas-nuo-rauksliu-intense-eye-contour\/"]}]},{"@type":"ImageObject","inLanguage":"en-GB","@id":"https:\/\/edenrituals.lt\/product\/intensyvus-paakiu-kremas-nuo-rauksliu-intense-eye-contour\/#primaryimage","url":"https:\/\/edenrituals.lt\/wp-content\/uploads\/2024\/11\/Intensyvus-paakiu-kremas-nuo-rauksliu-DERMDEDEN-INTENSE-EYE-CONTOUR-misija-oda.png","contentUrl":"https:\/\/edenrituals.lt\/wp-content\/uploads\/2024\/11\/Intensyvus-paakiu-kremas-nuo-rauksliu-DERMDEDEN-INTENSE-EYE-CONTOUR-misija-oda.png","width":533,"height":533,"caption":"Intensyvus paaki\u0173 kremas nuo rauk\u0161li\u0173 INTENSE EYE CONTOUR"},{"@type":"BreadcrumbList","@id":"https:\/\/edenrituals.lt\/product\/intensyvus-paakiu-kremas-nuo-rauksliu-intense-eye-contour\/#breadcrumb","itemListElement":[{"@type":"ListItem","position":1,"name":"Home","item":"https:\/\/edenrituals.lt\/"},{"@type":"ListItem","position":2,"name":"Parduotuv\u0117","item":"https:\/\/edenrituals.lt\/parduotuve\/"},{"@type":"ListItem","position":3,"name":"Intensyvus paaki\u0173 kremas nuo rauk\u0161li\u0173 INTENSE EYE CONTOUR"}]},{"@type":"WebSite","@id":"https:\/\/edenrituals.lt\/#website","url":"https:\/\/edenrituals.lt\/","name":"Eden Rituals","description":"every day. every moment","publisher":{"@id":"https:\/\/edenrituals.lt\/#organization"},"potentialAction":[{"@type":"SearchAction","target":{"@type":"EntryPoint","urlTemplate":"https:\/\/edenrituals.lt\/?s={search_term_string}"},"query-input":{"@type":"PropertyValueSpecification","valueRequired":true,"valueName":"search_term_string"}}],"inLanguage":"en-GB"},{"@type":"Organization","@id":"https:\/\/edenrituals.lt\/#organization","name":"Eden Rituals","url":"https:\/\/edenrituals.lt\/","logo":{"@type":"ImageObject","inLanguage":"en-GB","@id":"https:\/\/edenrituals.lt\/#\/schema\/logo\/image\/","url":"https:\/\/edenrituals.lt\/wp-content\/uploads\/2024\/08\/cosmetics-3.png","contentUrl":"https:\/\/edenrituals.lt\/wp-content\/uploads\/2024\/08\/cosmetics-3.png","width":689,"height":200,"caption":"Eden Rituals"},"image":{"@id":"https:\/\/edenrituals.lt\/#\/schema\/logo\/image\/"},"sameAs":["https:\/\/www.facebook.com\/profile.php?id=61567033621481#","https:\/\/www.instagram.com\/edenrituals\/"]}]}},"jetpack_sharing_enabled":true,"_links":{"self":[{"href":"https:\/\/edenrituals.lt\/en\/wp-json\/wp\/v2\/product\/21657","targetHints":{"allow":["GET"]}}],"collection":[{"href":"https:\/\/edenrituals.lt\/en\/wp-json\/wp\/v2\/product"}],"about":[{"href":"https:\/\/edenrituals.lt\/en\/wp-json\/wp\/v2\/types\/product"}],"replies":[{"embeddable":true,"href":"https:\/\/edenrituals.lt\/en\/wp-json\/wp\/v2\/comments?post=21657"}],"version-history":[{"count":4,"href":"https:\/\/edenrituals.lt\/en\/wp-json\/wp\/v2\/product\/21657\/revisions"}],"predecessor-version":[{"id":22045,"href":"https:\/\/edenrituals.lt\/en\/wp-json\/wp\/v2\/product\/21657\/revisions\/22045"}],"wp:featuredmedia":[{"embeddable":true,"href":"https:\/\/edenrituals.lt\/en\/wp-json\/wp\/v2\/media\/21605"}],"wp:attachment":[{"href":"https:\/\/edenrituals.lt\/en\/wp-json\/wp\/v2\/media?parent=21657"}],"wp:term":[{"taxonomy":"product_brand","embeddable":true,"href":"https:\/\/edenrituals.lt\/en\/wp-json\/wp\/v2\/product_brand?post=21657"},{"taxonomy":"product_cat","embeddable":true,"href":"https:\/\/edenrituals.lt\/en\/wp-json\/wp\/v2\/product_cat?post=21657"},{"taxonomy":"product_tag","embeddable":true,"href":"https:\/\/edenrituals.lt\/en\/wp-json\/wp\/v2\/product_tag?post=21657"}],"curies":[{"name":"wp","href":"https:\/\/api.w.org\/{rel}","templated":true}]}}