{"id":21656,"date":"2024-11-06T22:21:45","date_gmt":"2024-11-06T20:21:45","guid":{"rendered":"https:\/\/edenrituals.lt\/product\/valomasis-pienelis-veidui-complete-cleanser-milk-lotion\/"},"modified":"2025-10-28T14:42:53","modified_gmt":"2025-10-28T12:42:53","slug":"valomasis-pienelis-veidui-complete-cleanser-milk-lotion","status":"publish","type":"product","link":"https:\/\/edenrituals.lt\/en\/product\/valomasis-pienelis-veidui-complete-cleanser-milk-lotion\/","title":{"rendered":"COMPLETE CLEANSER MILK LOTION"},"content":{"rendered":"<p><strong>DERMEDEN Facial Cleansing Milk gently but effectively removes make-up, UV filters and impurities accumulated during the day. The skin is left clean, soft and pleasantly moisturised - without feeling tight or dry.<\/strong><\/p>\n<p>The formula is suitable for all skin types, even the most sensitive. Emollients help retain moisture and vitamin E acts as an antioxidant to protect against dryness.<\/p>\n<p><strong>Result:<\/strong><br \/>\nThe skin is left clean, soothed and soft. After cleansing, it looks rested, moisturised and ready for the next step of care.<\/p>\n<p><strong>How to use:<\/strong><br \/>\nUse a cotton pad to spread the lotion on your face and neck. Gently wipe and rinse with water.<\/p>\n<p><strong>Key ingredients:<\/strong><br \/>\nVitamin E - acts as an antioxidant and protects against dryness.<br \/>\nEmollients - keep skin soft and supple.<\/p>\n<p><strong>Composition:<\/strong><br \/>\nAqua (Water), Isostearyl Isostearate, Cetearyl Alcohol, Ethylhexylglycerin, Carbomer, Chlorphenesin, Ceteareth-20, Parfum (Fragrance), Tocopheryl Acetate, Sodium Hydroxide, Disodium EDTA, Tocopherol<\/p>\n<p><strong>Tinka<\/strong>: for all skin types.<br \/>\n<strong>Capacity<\/strong>: 150 ml<br \/>\n<strong>Manufacturer<\/strong>: DERMEDEN<br \/>\n<strong>Country of origin:<\/strong> France<\/p>","protected":false},"excerpt":{"rendered":"<p><strong>A gentle way to wipe the worries of the day from your face.<\/strong><\/p>\n<p><strong>Why try DERMEDEN Facial Cleansing Milk? <\/strong><br \/>\n- Removes all make-up residues - even waterproof ones.<br \/>\n- Moisturises and softens the skin without leaving a stretching sensation.<br \/>\n- Helps remove UV filters and environmental pollutants.<br \/>\n- Prepares the skin for further care.<br \/>\n- Non-irritating, suitable even for sensitive skin.<\/p>","protected":false},"featured_media":21603,"comment_status":"open","ping_status":"closed","template":"","meta":[],"product_brand":[149],"product_cat":[147],"product_tag":[],"class_list":{"0":"post-21656","1":"product","2":"type-product","3":"status-publish","4":"has-post-thumbnail","6":"product_brand-dermeden","7":"product_cat-veido-kosmetika","9":"first","10":"instock","11":"shipping-taxable","12":"purchasable","13":"product-type-simple"},"yoast_head":"<!-- This site is optimized with the Yoast SEO plugin v25.9 - https:\/\/yoast.com\/wordpress\/plugins\/seo\/ -->\n<title>Valomasis pienelis veidui COMPLETE CLEANSER MILK LOTION - Eden Rituals<\/title>\n<meta name=\"description\" content=\"DERMEDEN valomasis pienelis veidui \u0161velniai, bet veiksmingai pa\u0161alina makia\u017e\u0105, UV filtrus ir dienos metu susikaupusius ne\u0161varumus.\" \/>\n<meta name=\"robots\" content=\"index, follow, max-snippet:-1, max-image-preview:large, max-video-preview:-1\" \/>\n<link rel=\"canonical\" href=\"https:\/\/edenrituals.lt\/en\/product\/valomasis-pienelis-veidui-complete-cleanser-milk-lotion\/\" \/>\n<meta property=\"og:locale\" content=\"en_GB\" \/>\n<meta property=\"og:type\" content=\"article\" \/>\n<meta property=\"og:title\" content=\"Valomasis pienelis veidui COMPLETE CLEANSER MILK LOTION - Eden Rituals\" \/>\n<meta property=\"og:description\" content=\"DERMEDEN valomasis pienelis veidui \u0161velniai, bet veiksmingai pa\u0161alina makia\u017e\u0105, UV filtrus ir dienos metu susikaupusius ne\u0161varumus.\" \/>\n<meta property=\"og:url\" content=\"https:\/\/edenrituals.lt\/en\/product\/valomasis-pienelis-veidui-complete-cleanser-milk-lotion\/\" \/>\n<meta property=\"og:site_name\" content=\"Eden Rituals\" \/>\n<meta property=\"article:publisher\" content=\"https:\/\/www.facebook.com\/profile.php?id=61567033621481#\" \/>\n<meta property=\"article:modified_time\" content=\"2025-10-28T12:42:53+00:00\" \/>\n<meta property=\"og:image\" content=\"https:\/\/edenrituals.lt\/wp-content\/uploads\/2024\/11\/Valomasis-pienelis-veidui-DERMEDEN-COMPLETE-CLEANSER-2-IN-1-MILK-LOTION.png\" \/>\n\t<meta property=\"og:image:width\" content=\"533\" \/>\n\t<meta property=\"og:image:height\" content=\"533\" \/>\n\t<meta property=\"og:image:type\" content=\"image\/png\" \/>\n<meta name=\"twitter:card\" content=\"summary_large_image\" \/>\n<meta name=\"twitter:label1\" content=\"Estimated reading time\" \/>\n\t<meta name=\"twitter:data1\" content=\"1 minute\" \/>\n<script type=\"application\/ld+json\" class=\"yoast-schema-graph\">{\"@context\":\"https:\/\/schema.org\",\"@graph\":[{\"@type\":\"WebPage\",\"@id\":\"https:\/\/edenrituals.lt\/product\/valomasis-pienelis-veidui-complete-cleanser-milk-lotion\/\",\"url\":\"https:\/\/edenrituals.lt\/product\/valomasis-pienelis-veidui-complete-cleanser-milk-lotion\/\",\"name\":\"Valomasis pienelis veidui COMPLETE CLEANSER MILK LOTION - Eden Rituals\",\"isPartOf\":{\"@id\":\"https:\/\/edenrituals.lt\/#website\"},\"primaryImageOfPage\":{\"@id\":\"https:\/\/edenrituals.lt\/product\/valomasis-pienelis-veidui-complete-cleanser-milk-lotion\/#primaryimage\"},\"image\":{\"@id\":\"https:\/\/edenrituals.lt\/product\/valomasis-pienelis-veidui-complete-cleanser-milk-lotion\/#primaryimage\"},\"thumbnailUrl\":\"https:\/\/edenrituals.lt\/wp-content\/uploads\/2024\/11\/Valomasis-pienelis-veidui-DERMEDEN-COMPLETE-CLEANSER-2-IN-1-MILK-LOTION.png\",\"datePublished\":\"2024-11-06T20:21:45+00:00\",\"dateModified\":\"2025-10-28T12:42:53+00:00\",\"description\":\"DERMEDEN valomasis pienelis veidui \u0161velniai, bet veiksmingai pa\u0161alina makia\u017e\u0105, UV filtrus ir dienos metu susikaupusius ne\u0161varumus.\",\"breadcrumb\":{\"@id\":\"https:\/\/edenrituals.lt\/product\/valomasis-pienelis-veidui-complete-cleanser-milk-lotion\/#breadcrumb\"},\"inLanguage\":\"en-GB\",\"potentialAction\":[{\"@type\":\"ReadAction\",\"target\":[\"https:\/\/edenrituals.lt\/product\/valomasis-pienelis-veidui-complete-cleanser-milk-lotion\/\"]}]},{\"@type\":\"ImageObject\",\"inLanguage\":\"en-GB\",\"@id\":\"https:\/\/edenrituals.lt\/product\/valomasis-pienelis-veidui-complete-cleanser-milk-lotion\/#primaryimage\",\"url\":\"https:\/\/edenrituals.lt\/wp-content\/uploads\/2024\/11\/Valomasis-pienelis-veidui-DERMEDEN-COMPLETE-CLEANSER-2-IN-1-MILK-LOTION.png\",\"contentUrl\":\"https:\/\/edenrituals.lt\/wp-content\/uploads\/2024\/11\/Valomasis-pienelis-veidui-DERMEDEN-COMPLETE-CLEANSER-2-IN-1-MILK-LOTION.png\",\"width\":533,\"height\":533,\"caption\":\"DERMEDEN valomasis pienelis veidui\"},{\"@type\":\"BreadcrumbList\",\"@id\":\"https:\/\/edenrituals.lt\/product\/valomasis-pienelis-veidui-complete-cleanser-milk-lotion\/#breadcrumb\",\"itemListElement\":[{\"@type\":\"ListItem\",\"position\":1,\"name\":\"Home\",\"item\":\"https:\/\/edenrituals.lt\/\"},{\"@type\":\"ListItem\",\"position\":2,\"name\":\"Parduotuv\u0117\",\"item\":\"https:\/\/edenrituals.lt\/parduotuve\/\"},{\"@type\":\"ListItem\",\"position\":3,\"name\":\"Valomasis pienelis veidui COMPLETE CLEANSER MILK LOTION\"}]},{\"@type\":\"WebSite\",\"@id\":\"https:\/\/edenrituals.lt\/#website\",\"url\":\"https:\/\/edenrituals.lt\/\",\"name\":\"Eden Rituals\",\"description\":\"every day. every moment\",\"publisher\":{\"@id\":\"https:\/\/edenrituals.lt\/#organization\"},\"potentialAction\":[{\"@type\":\"SearchAction\",\"target\":{\"@type\":\"EntryPoint\",\"urlTemplate\":\"https:\/\/edenrituals.lt\/?s={search_term_string}\"},\"query-input\":{\"@type\":\"PropertyValueSpecification\",\"valueRequired\":true,\"valueName\":\"search_term_string\"}}],\"inLanguage\":\"en-GB\"},{\"@type\":\"Organization\",\"@id\":\"https:\/\/edenrituals.lt\/#organization\",\"name\":\"Eden Rituals\",\"url\":\"https:\/\/edenrituals.lt\/\",\"logo\":{\"@type\":\"ImageObject\",\"inLanguage\":\"en-GB\",\"@id\":\"https:\/\/edenrituals.lt\/#\/schema\/logo\/image\/\",\"url\":\"https:\/\/edenrituals.lt\/wp-content\/uploads\/2024\/08\/cosmetics-3.png\",\"contentUrl\":\"https:\/\/edenrituals.lt\/wp-content\/uploads\/2024\/08\/cosmetics-3.png\",\"width\":689,\"height\":200,\"caption\":\"Eden Rituals\"},\"image\":{\"@id\":\"https:\/\/edenrituals.lt\/#\/schema\/logo\/image\/\"},\"sameAs\":[\"https:\/\/www.facebook.com\/profile.php?id=61567033621481#\",\"https:\/\/www.instagram.com\/edenrituals\/\"]}]}<\/script>\n<!-- \/ Yoast SEO plugin. -->","yoast_head_json":{"title":"Valomasis pienelis veidui COMPLETE CLEANSER MILK LOTION - Eden Rituals","description":"DERMEDEN valomasis pienelis veidui \u0161velniai, bet veiksmingai pa\u0161alina makia\u017e\u0105, UV filtrus ir dienos metu susikaupusius ne\u0161varumus.","robots":{"index":"index","follow":"follow","max-snippet":"max-snippet:-1","max-image-preview":"max-image-preview:large","max-video-preview":"max-video-preview:-1"},"canonical":"https:\/\/edenrituals.lt\/en\/product\/valomasis-pienelis-veidui-complete-cleanser-milk-lotion\/","og_locale":"en_GB","og_type":"article","og_title":"Valomasis pienelis veidui COMPLETE CLEANSER MILK LOTION - Eden Rituals","og_description":"DERMEDEN valomasis pienelis veidui \u0161velniai, bet veiksmingai pa\u0161alina makia\u017e\u0105, UV filtrus ir dienos metu susikaupusius ne\u0161varumus.","og_url":"https:\/\/edenrituals.lt\/en\/product\/valomasis-pienelis-veidui-complete-cleanser-milk-lotion\/","og_site_name":"Eden Rituals","article_publisher":"https:\/\/www.facebook.com\/profile.php?id=61567033621481#","article_modified_time":"2025-10-28T12:42:53+00:00","og_image":[{"width":533,"height":533,"url":"https:\/\/edenrituals.lt\/wp-content\/uploads\/2024\/11\/Valomasis-pienelis-veidui-DERMEDEN-COMPLETE-CLEANSER-2-IN-1-MILK-LOTION.png","type":"image\/png"}],"twitter_card":"summary_large_image","twitter_misc":{"Estimated reading time":"1 minute"},"schema":{"@context":"https:\/\/schema.org","@graph":[{"@type":"WebPage","@id":"https:\/\/edenrituals.lt\/product\/valomasis-pienelis-veidui-complete-cleanser-milk-lotion\/","url":"https:\/\/edenrituals.lt\/product\/valomasis-pienelis-veidui-complete-cleanser-milk-lotion\/","name":"Valomasis pienelis veidui COMPLETE CLEANSER MILK LOTION - Eden Rituals","isPartOf":{"@id":"https:\/\/edenrituals.lt\/#website"},"primaryImageOfPage":{"@id":"https:\/\/edenrituals.lt\/product\/valomasis-pienelis-veidui-complete-cleanser-milk-lotion\/#primaryimage"},"image":{"@id":"https:\/\/edenrituals.lt\/product\/valomasis-pienelis-veidui-complete-cleanser-milk-lotion\/#primaryimage"},"thumbnailUrl":"https:\/\/edenrituals.lt\/wp-content\/uploads\/2024\/11\/Valomasis-pienelis-veidui-DERMEDEN-COMPLETE-CLEANSER-2-IN-1-MILK-LOTION.png","datePublished":"2024-11-06T20:21:45+00:00","dateModified":"2025-10-28T12:42:53+00:00","description":"DERMEDEN valomasis pienelis veidui \u0161velniai, bet veiksmingai pa\u0161alina makia\u017e\u0105, UV filtrus ir dienos metu susikaupusius ne\u0161varumus.","breadcrumb":{"@id":"https:\/\/edenrituals.lt\/product\/valomasis-pienelis-veidui-complete-cleanser-milk-lotion\/#breadcrumb"},"inLanguage":"en-GB","potentialAction":[{"@type":"ReadAction","target":["https:\/\/edenrituals.lt\/product\/valomasis-pienelis-veidui-complete-cleanser-milk-lotion\/"]}]},{"@type":"ImageObject","inLanguage":"en-GB","@id":"https:\/\/edenrituals.lt\/product\/valomasis-pienelis-veidui-complete-cleanser-milk-lotion\/#primaryimage","url":"https:\/\/edenrituals.lt\/wp-content\/uploads\/2024\/11\/Valomasis-pienelis-veidui-DERMEDEN-COMPLETE-CLEANSER-2-IN-1-MILK-LOTION.png","contentUrl":"https:\/\/edenrituals.lt\/wp-content\/uploads\/2024\/11\/Valomasis-pienelis-veidui-DERMEDEN-COMPLETE-CLEANSER-2-IN-1-MILK-LOTION.png","width":533,"height":533,"caption":"DERMEDEN valomasis pienelis veidui"},{"@type":"BreadcrumbList","@id":"https:\/\/edenrituals.lt\/product\/valomasis-pienelis-veidui-complete-cleanser-milk-lotion\/#breadcrumb","itemListElement":[{"@type":"ListItem","position":1,"name":"Home","item":"https:\/\/edenrituals.lt\/"},{"@type":"ListItem","position":2,"name":"Parduotuv\u0117","item":"https:\/\/edenrituals.lt\/parduotuve\/"},{"@type":"ListItem","position":3,"name":"Valomasis pienelis veidui COMPLETE CLEANSER MILK LOTION"}]},{"@type":"WebSite","@id":"https:\/\/edenrituals.lt\/#website","url":"https:\/\/edenrituals.lt\/","name":"Eden Rituals","description":"every day. every moment","publisher":{"@id":"https:\/\/edenrituals.lt\/#organization"},"potentialAction":[{"@type":"SearchAction","target":{"@type":"EntryPoint","urlTemplate":"https:\/\/edenrituals.lt\/?s={search_term_string}"},"query-input":{"@type":"PropertyValueSpecification","valueRequired":true,"valueName":"search_term_string"}}],"inLanguage":"en-GB"},{"@type":"Organization","@id":"https:\/\/edenrituals.lt\/#organization","name":"Eden Rituals","url":"https:\/\/edenrituals.lt\/","logo":{"@type":"ImageObject","inLanguage":"en-GB","@id":"https:\/\/edenrituals.lt\/#\/schema\/logo\/image\/","url":"https:\/\/edenrituals.lt\/wp-content\/uploads\/2024\/08\/cosmetics-3.png","contentUrl":"https:\/\/edenrituals.lt\/wp-content\/uploads\/2024\/08\/cosmetics-3.png","width":689,"height":200,"caption":"Eden Rituals"},"image":{"@id":"https:\/\/edenrituals.lt\/#\/schema\/logo\/image\/"},"sameAs":["https:\/\/www.facebook.com\/profile.php?id=61567033621481#","https:\/\/www.instagram.com\/edenrituals\/"]}]}},"jetpack_sharing_enabled":true,"_links":{"self":[{"href":"https:\/\/edenrituals.lt\/en\/wp-json\/wp\/v2\/product\/21656","targetHints":{"allow":["GET"]}}],"collection":[{"href":"https:\/\/edenrituals.lt\/en\/wp-json\/wp\/v2\/product"}],"about":[{"href":"https:\/\/edenrituals.lt\/en\/wp-json\/wp\/v2\/types\/product"}],"replies":[{"embeddable":true,"href":"https:\/\/edenrituals.lt\/en\/wp-json\/wp\/v2\/comments?post=21656"}],"version-history":[{"count":4,"href":"https:\/\/edenrituals.lt\/en\/wp-json\/wp\/v2\/product\/21656\/revisions"}],"predecessor-version":[{"id":22036,"href":"https:\/\/edenrituals.lt\/en\/wp-json\/wp\/v2\/product\/21656\/revisions\/22036"}],"wp:featuredmedia":[{"embeddable":true,"href":"https:\/\/edenrituals.lt\/en\/wp-json\/wp\/v2\/media\/21603"}],"wp:attachment":[{"href":"https:\/\/edenrituals.lt\/en\/wp-json\/wp\/v2\/media?parent=21656"}],"wp:term":[{"taxonomy":"product_brand","embeddable":true,"href":"https:\/\/edenrituals.lt\/en\/wp-json\/wp\/v2\/product_brand?post=21656"},{"taxonomy":"product_cat","embeddable":true,"href":"https:\/\/edenrituals.lt\/en\/wp-json\/wp\/v2\/product_cat?post=21656"},{"taxonomy":"product_tag","embeddable":true,"href":"https:\/\/edenrituals.lt\/en\/wp-json\/wp\/v2\/product_tag?post=21656"}],"curies":[{"name":"wp","href":"https:\/\/api.w.org\/{rel}","templated":true}]}}