{"id":21655,"date":"2024-11-06T22:21:44","date_gmt":"2024-11-06T20:21:44","guid":{"rendered":"https:\/\/edenrituals.lt\/product\/koncentratas-mazinti-pigmentacija-txa-5-anti-dark-spots-concentrate\/"},"modified":"2025-10-28T15:15:52","modified_gmt":"2025-10-28T13:15:52","slug":"koncentratas-mazinti-pigmentacija-txa-5-anti-dark-spots-concentrate","status":"publish","type":"product","link":"https:\/\/edenrituals.lt\/en\/product\/koncentratas-mazinti-pigmentacija-txa-5-anti-dark-spots-concentrate\/","title":{"rendered":"Concentrate to reduce pigmentation TXA 5% ANTI-DARK SPOTS CONCENTRATE"},"content":{"rendered":"<p><strong>DERMEDEN Pigment Reduction Concentrate TXA 5% ANTI-DARK SPOTS works where pigment spots are formed - in the melanocytes. The formula combines 5 % Tranexamic Acid and 10 % Niacinamide, an effective combination that inhibits melanin production and helps to lighten the skin from within.<\/strong><\/p>\n<p>Tranexamic acid inhibits the process of melanin production at its onset, while niacinamide inhibits the transfer of the pigment to the skin surface. This synergy results in smoother, brighter and more radiant skin.<\/p>\n<p>In clinical trials at 56 days, the following was observed:<br \/>\n- 69 % Reduced spot size.<br \/>\n- 94 % participants reported reduced pigmentation.<br \/>\n- 88 % noticed a more even skin tone.<\/p>\n<p><strong>How to use?<\/strong><br \/>\nApply 1-2 drops of the concentrate morning and night on clean, dry skin - only on the areas where pigmentation is present.<br \/>\nRecommended for 12 weeks:<br \/>\n- in the morning before a cream or SPF 50 day cream,<br \/>\n- in the evening before night-time care.<br \/>\nAvoid contact with eyes. Not recommended during pregnancy or lactation.<\/p>\n<p><strong>Result:<\/strong><br \/>\nThe skin becomes smoother, brighter and more visually beautiful. Pigmented spots are lightened and the overall skin tone is more even.<\/p>\n<p><strong>Key ingredients:<\/strong><br \/>\nTranexamic acid - inhibits melanin production.<br \/>\nNiacinamide - brightens and reduces pigmentation.<\/p>\n<p><strong>Composition:<\/strong><br \/>\nAqua (Water), Niacinamide, Tranexamic Acid, Propanediol, Xanthan Gum, Ethylhexylglycerin, Chlorphenesin, Citric Acid, Tocopherol.<\/p>\n<p><strong>Suitable for use<\/strong>: for all skin types, including sensitive skin. Fragrance-free, silicone-free, alcohol-free. Developed under the supervision of dermatologists.<br \/>\n<strong>Capacity<\/strong>: 3 x 10 ml<br \/>\n<strong>Manufacturer<\/strong>: DERMEDEN<br \/>\n<strong>Country of origin<\/strong>: France<\/p>","protected":false},"excerpt":{"rendered":"<p><strong>Helping to fight pigmented spots.<\/strong><\/p>\n<p><strong>Why try DERMEDEN Pigment Reduction Concentrate?<\/strong><br \/>\n- Reduces all types of pigmented spots - from melasma to acne marks.<br \/>\n- Acts on both existing and newly forming pigmented areas.<br \/>\n- Balances melanin production and lightens skin tone.<br \/>\n- Suitable even for sensitive skin.<\/p>","protected":false},"featured_media":21601,"comment_status":"open","ping_status":"closed","template":"","meta":[],"product_brand":[149],"product_cat":[147],"product_tag":[],"class_list":{"0":"post-21655","1":"product","2":"type-product","3":"status-publish","4":"has-post-thumbnail","6":"product_brand-dermeden","7":"product_cat-veido-kosmetika","9":"first","10":"instock","11":"shipping-taxable","12":"product-type-simple"},"yoast_head":"<!-- This site is optimized with the Yoast SEO plugin v25.9 - https:\/\/yoast.com\/wordpress\/plugins\/seo\/ -->\n<title>Koncentratas ma\u017einti pigmentacij\u0105 TXA 5% ANTI-DARK SPOTS CONCENTRATE - Eden Rituals<\/title>\n<meta name=\"description\" content=\"DERMEDEN koncentratas ma\u017einti pigmentacij\u0105 \u0161viesina d\u0117m\u0117s, lygina bendr\u0105 odos ton\u0105. D\u0117l to oda tampa tolygesn\u0117, \u0161viesesn\u0117 ir vizualiai skaistesn\u0117\" \/>\n<meta name=\"robots\" content=\"index, follow, max-snippet:-1, max-image-preview:large, max-video-preview:-1\" \/>\n<link rel=\"canonical\" href=\"https:\/\/edenrituals.lt\/en\/product\/koncentratas-mazinti-pigmentacija-txa-5-anti-dark-spots-concentrate\/\" \/>\n<meta property=\"og:locale\" content=\"en_GB\" \/>\n<meta property=\"og:type\" content=\"article\" \/>\n<meta property=\"og:title\" content=\"Koncentratas ma\u017einti pigmentacij\u0105 TXA 5% ANTI-DARK SPOTS CONCENTRATE - Eden Rituals\" \/>\n<meta property=\"og:description\" content=\"DERMEDEN koncentratas ma\u017einti pigmentacij\u0105 \u0161viesina d\u0117m\u0117s, lygina bendr\u0105 odos ton\u0105. D\u0117l to oda tampa tolygesn\u0117, \u0161viesesn\u0117 ir vizualiai skaistesn\u0117\" \/>\n<meta property=\"og:url\" content=\"https:\/\/edenrituals.lt\/en\/product\/koncentratas-mazinti-pigmentacija-txa-5-anti-dark-spots-concentrate\/\" \/>\n<meta property=\"og:site_name\" content=\"Eden Rituals\" \/>\n<meta property=\"article:publisher\" content=\"https:\/\/www.facebook.com\/profile.php?id=61567033621481#\" \/>\n<meta property=\"article:modified_time\" content=\"2025-10-28T13:15:52+00:00\" \/>\n<meta property=\"og:image\" content=\"https:\/\/edenrituals.lt\/wp-content\/uploads\/2024\/11\/DERMEDEN-koncentratas-mazinti-pigmentcija-txa-5-anti-dark-spots-concentrate-MISIJA-ODA-1.png\" \/>\n\t<meta property=\"og:image:width\" content=\"533\" \/>\n\t<meta property=\"og:image:height\" content=\"533\" \/>\n\t<meta property=\"og:image:type\" content=\"image\/png\" \/>\n<meta name=\"twitter:card\" content=\"summary_large_image\" \/>\n<meta name=\"twitter:label1\" content=\"Estimated reading time\" \/>\n\t<meta name=\"twitter:data1\" content=\"2 minutes\" \/>\n<script type=\"application\/ld+json\" class=\"yoast-schema-graph\">{\"@context\":\"https:\/\/schema.org\",\"@graph\":[{\"@type\":\"WebPage\",\"@id\":\"https:\/\/edenrituals.lt\/product\/koncentratas-mazinti-pigmentacija-txa-5-anti-dark-spots-concentrate\/\",\"url\":\"https:\/\/edenrituals.lt\/product\/koncentratas-mazinti-pigmentacija-txa-5-anti-dark-spots-concentrate\/\",\"name\":\"Koncentratas ma\u017einti pigmentacij\u0105 TXA 5% ANTI-DARK SPOTS CONCENTRATE - Eden Rituals\",\"isPartOf\":{\"@id\":\"https:\/\/edenrituals.lt\/#website\"},\"primaryImageOfPage\":{\"@id\":\"https:\/\/edenrituals.lt\/product\/koncentratas-mazinti-pigmentacija-txa-5-anti-dark-spots-concentrate\/#primaryimage\"},\"image\":{\"@id\":\"https:\/\/edenrituals.lt\/product\/koncentratas-mazinti-pigmentacija-txa-5-anti-dark-spots-concentrate\/#primaryimage\"},\"thumbnailUrl\":\"https:\/\/edenrituals.lt\/wp-content\/uploads\/2024\/11\/DERMEDEN-koncentratas-mazinti-pigmentcija-txa-5-anti-dark-spots-concentrate-MISIJA-ODA-1.png\",\"datePublished\":\"2024-11-06T20:21:44+00:00\",\"dateModified\":\"2025-10-28T13:15:52+00:00\",\"description\":\"DERMEDEN koncentratas ma\u017einti pigmentacij\u0105 \u0161viesina d\u0117m\u0117s, lygina bendr\u0105 odos ton\u0105. D\u0117l to oda tampa tolygesn\u0117, \u0161viesesn\u0117 ir vizualiai skaistesn\u0117\",\"breadcrumb\":{\"@id\":\"https:\/\/edenrituals.lt\/product\/koncentratas-mazinti-pigmentacija-txa-5-anti-dark-spots-concentrate\/#breadcrumb\"},\"inLanguage\":\"en-GB\",\"potentialAction\":[{\"@type\":\"ReadAction\",\"target\":[\"https:\/\/edenrituals.lt\/product\/koncentratas-mazinti-pigmentacija-txa-5-anti-dark-spots-concentrate\/\"]}]},{\"@type\":\"ImageObject\",\"inLanguage\":\"en-GB\",\"@id\":\"https:\/\/edenrituals.lt\/product\/koncentratas-mazinti-pigmentacija-txa-5-anti-dark-spots-concentrate\/#primaryimage\",\"url\":\"https:\/\/edenrituals.lt\/wp-content\/uploads\/2024\/11\/DERMEDEN-koncentratas-mazinti-pigmentcija-txa-5-anti-dark-spots-concentrate-MISIJA-ODA-1.png\",\"contentUrl\":\"https:\/\/edenrituals.lt\/wp-content\/uploads\/2024\/11\/DERMEDEN-koncentratas-mazinti-pigmentcija-txa-5-anti-dark-spots-concentrate-MISIJA-ODA-1.png\",\"width\":533,\"height\":533,\"caption\":\"Koncentratas ma\u017einti pigmentacij\u0105 TXA 5% ANTI-DARK SPOTS CONCENTRATE\"},{\"@type\":\"BreadcrumbList\",\"@id\":\"https:\/\/edenrituals.lt\/product\/koncentratas-mazinti-pigmentacija-txa-5-anti-dark-spots-concentrate\/#breadcrumb\",\"itemListElement\":[{\"@type\":\"ListItem\",\"position\":1,\"name\":\"Home\",\"item\":\"https:\/\/edenrituals.lt\/\"},{\"@type\":\"ListItem\",\"position\":2,\"name\":\"Parduotuv\u0117\",\"item\":\"https:\/\/edenrituals.lt\/parduotuve\/\"},{\"@type\":\"ListItem\",\"position\":3,\"name\":\"Koncentratas ma\u017einti pigmentacij\u0105 TXA 5% ANTI-DARK SPOTS CONCENTRATE\"}]},{\"@type\":\"WebSite\",\"@id\":\"https:\/\/edenrituals.lt\/#website\",\"url\":\"https:\/\/edenrituals.lt\/\",\"name\":\"Eden Rituals\",\"description\":\"every day. every moment\",\"publisher\":{\"@id\":\"https:\/\/edenrituals.lt\/#organization\"},\"potentialAction\":[{\"@type\":\"SearchAction\",\"target\":{\"@type\":\"EntryPoint\",\"urlTemplate\":\"https:\/\/edenrituals.lt\/?s={search_term_string}\"},\"query-input\":{\"@type\":\"PropertyValueSpecification\",\"valueRequired\":true,\"valueName\":\"search_term_string\"}}],\"inLanguage\":\"en-GB\"},{\"@type\":\"Organization\",\"@id\":\"https:\/\/edenrituals.lt\/#organization\",\"name\":\"Eden Rituals\",\"url\":\"https:\/\/edenrituals.lt\/\",\"logo\":{\"@type\":\"ImageObject\",\"inLanguage\":\"en-GB\",\"@id\":\"https:\/\/edenrituals.lt\/#\/schema\/logo\/image\/\",\"url\":\"https:\/\/edenrituals.lt\/wp-content\/uploads\/2024\/08\/cosmetics-3.png\",\"contentUrl\":\"https:\/\/edenrituals.lt\/wp-content\/uploads\/2024\/08\/cosmetics-3.png\",\"width\":689,\"height\":200,\"caption\":\"Eden Rituals\"},\"image\":{\"@id\":\"https:\/\/edenrituals.lt\/#\/schema\/logo\/image\/\"},\"sameAs\":[\"https:\/\/www.facebook.com\/profile.php?id=61567033621481#\",\"https:\/\/www.instagram.com\/edenrituals\/\"]}]}<\/script>\n<!-- \/ Yoast SEO plugin. -->","yoast_head_json":{"title":"Koncentratas ma\u017einti pigmentacij\u0105 TXA 5% ANTI-DARK SPOTS CONCENTRATE - Eden Rituals","description":"DERMEDEN koncentratas ma\u017einti pigmentacij\u0105 \u0161viesina d\u0117m\u0117s, lygina bendr\u0105 odos ton\u0105. D\u0117l to oda tampa tolygesn\u0117, \u0161viesesn\u0117 ir vizualiai skaistesn\u0117","robots":{"index":"index","follow":"follow","max-snippet":"max-snippet:-1","max-image-preview":"max-image-preview:large","max-video-preview":"max-video-preview:-1"},"canonical":"https:\/\/edenrituals.lt\/en\/product\/koncentratas-mazinti-pigmentacija-txa-5-anti-dark-spots-concentrate\/","og_locale":"en_GB","og_type":"article","og_title":"Koncentratas ma\u017einti pigmentacij\u0105 TXA 5% ANTI-DARK SPOTS CONCENTRATE - Eden Rituals","og_description":"DERMEDEN koncentratas ma\u017einti pigmentacij\u0105 \u0161viesina d\u0117m\u0117s, lygina bendr\u0105 odos ton\u0105. D\u0117l to oda tampa tolygesn\u0117, \u0161viesesn\u0117 ir vizualiai skaistesn\u0117","og_url":"https:\/\/edenrituals.lt\/en\/product\/koncentratas-mazinti-pigmentacija-txa-5-anti-dark-spots-concentrate\/","og_site_name":"Eden Rituals","article_publisher":"https:\/\/www.facebook.com\/profile.php?id=61567033621481#","article_modified_time":"2025-10-28T13:15:52+00:00","og_image":[{"width":533,"height":533,"url":"https:\/\/edenrituals.lt\/wp-content\/uploads\/2024\/11\/DERMEDEN-koncentratas-mazinti-pigmentcija-txa-5-anti-dark-spots-concentrate-MISIJA-ODA-1.png","type":"image\/png"}],"twitter_card":"summary_large_image","twitter_misc":{"Estimated reading time":"2 minutes"},"schema":{"@context":"https:\/\/schema.org","@graph":[{"@type":"WebPage","@id":"https:\/\/edenrituals.lt\/product\/koncentratas-mazinti-pigmentacija-txa-5-anti-dark-spots-concentrate\/","url":"https:\/\/edenrituals.lt\/product\/koncentratas-mazinti-pigmentacija-txa-5-anti-dark-spots-concentrate\/","name":"Koncentratas ma\u017einti pigmentacij\u0105 TXA 5% ANTI-DARK SPOTS CONCENTRATE - Eden Rituals","isPartOf":{"@id":"https:\/\/edenrituals.lt\/#website"},"primaryImageOfPage":{"@id":"https:\/\/edenrituals.lt\/product\/koncentratas-mazinti-pigmentacija-txa-5-anti-dark-spots-concentrate\/#primaryimage"},"image":{"@id":"https:\/\/edenrituals.lt\/product\/koncentratas-mazinti-pigmentacija-txa-5-anti-dark-spots-concentrate\/#primaryimage"},"thumbnailUrl":"https:\/\/edenrituals.lt\/wp-content\/uploads\/2024\/11\/DERMEDEN-koncentratas-mazinti-pigmentcija-txa-5-anti-dark-spots-concentrate-MISIJA-ODA-1.png","datePublished":"2024-11-06T20:21:44+00:00","dateModified":"2025-10-28T13:15:52+00:00","description":"DERMEDEN koncentratas ma\u017einti pigmentacij\u0105 \u0161viesina d\u0117m\u0117s, lygina bendr\u0105 odos ton\u0105. D\u0117l to oda tampa tolygesn\u0117, \u0161viesesn\u0117 ir vizualiai skaistesn\u0117","breadcrumb":{"@id":"https:\/\/edenrituals.lt\/product\/koncentratas-mazinti-pigmentacija-txa-5-anti-dark-spots-concentrate\/#breadcrumb"},"inLanguage":"en-GB","potentialAction":[{"@type":"ReadAction","target":["https:\/\/edenrituals.lt\/product\/koncentratas-mazinti-pigmentacija-txa-5-anti-dark-spots-concentrate\/"]}]},{"@type":"ImageObject","inLanguage":"en-GB","@id":"https:\/\/edenrituals.lt\/product\/koncentratas-mazinti-pigmentacija-txa-5-anti-dark-spots-concentrate\/#primaryimage","url":"https:\/\/edenrituals.lt\/wp-content\/uploads\/2024\/11\/DERMEDEN-koncentratas-mazinti-pigmentcija-txa-5-anti-dark-spots-concentrate-MISIJA-ODA-1.png","contentUrl":"https:\/\/edenrituals.lt\/wp-content\/uploads\/2024\/11\/DERMEDEN-koncentratas-mazinti-pigmentcija-txa-5-anti-dark-spots-concentrate-MISIJA-ODA-1.png","width":533,"height":533,"caption":"Koncentratas ma\u017einti pigmentacij\u0105 TXA 5% ANTI-DARK SPOTS CONCENTRATE"},{"@type":"BreadcrumbList","@id":"https:\/\/edenrituals.lt\/product\/koncentratas-mazinti-pigmentacija-txa-5-anti-dark-spots-concentrate\/#breadcrumb","itemListElement":[{"@type":"ListItem","position":1,"name":"Home","item":"https:\/\/edenrituals.lt\/"},{"@type":"ListItem","position":2,"name":"Parduotuv\u0117","item":"https:\/\/edenrituals.lt\/parduotuve\/"},{"@type":"ListItem","position":3,"name":"Koncentratas ma\u017einti pigmentacij\u0105 TXA 5% ANTI-DARK SPOTS CONCENTRATE"}]},{"@type":"WebSite","@id":"https:\/\/edenrituals.lt\/#website","url":"https:\/\/edenrituals.lt\/","name":"Eden Rituals","description":"every day. every moment","publisher":{"@id":"https:\/\/edenrituals.lt\/#organization"},"potentialAction":[{"@type":"SearchAction","target":{"@type":"EntryPoint","urlTemplate":"https:\/\/edenrituals.lt\/?s={search_term_string}"},"query-input":{"@type":"PropertyValueSpecification","valueRequired":true,"valueName":"search_term_string"}}],"inLanguage":"en-GB"},{"@type":"Organization","@id":"https:\/\/edenrituals.lt\/#organization","name":"Eden Rituals","url":"https:\/\/edenrituals.lt\/","logo":{"@type":"ImageObject","inLanguage":"en-GB","@id":"https:\/\/edenrituals.lt\/#\/schema\/logo\/image\/","url":"https:\/\/edenrituals.lt\/wp-content\/uploads\/2024\/08\/cosmetics-3.png","contentUrl":"https:\/\/edenrituals.lt\/wp-content\/uploads\/2024\/08\/cosmetics-3.png","width":689,"height":200,"caption":"Eden Rituals"},"image":{"@id":"https:\/\/edenrituals.lt\/#\/schema\/logo\/image\/"},"sameAs":["https:\/\/www.facebook.com\/profile.php?id=61567033621481#","https:\/\/www.instagram.com\/edenrituals\/"]}]}},"jetpack_sharing_enabled":true,"_links":{"self":[{"href":"https:\/\/edenrituals.lt\/en\/wp-json\/wp\/v2\/product\/21655","targetHints":{"allow":["GET"]}}],"collection":[{"href":"https:\/\/edenrituals.lt\/en\/wp-json\/wp\/v2\/product"}],"about":[{"href":"https:\/\/edenrituals.lt\/en\/wp-json\/wp\/v2\/types\/product"}],"replies":[{"embeddable":true,"href":"https:\/\/edenrituals.lt\/en\/wp-json\/wp\/v2\/comments?post=21655"}],"version-history":[{"count":3,"href":"https:\/\/edenrituals.lt\/en\/wp-json\/wp\/v2\/product\/21655\/revisions"}],"predecessor-version":[{"id":22043,"href":"https:\/\/edenrituals.lt\/en\/wp-json\/wp\/v2\/product\/21655\/revisions\/22043"}],"wp:featuredmedia":[{"embeddable":true,"href":"https:\/\/edenrituals.lt\/en\/wp-json\/wp\/v2\/media\/21601"}],"wp:attachment":[{"href":"https:\/\/edenrituals.lt\/en\/wp-json\/wp\/v2\/media?parent=21655"}],"wp:term":[{"taxonomy":"product_brand","embeddable":true,"href":"https:\/\/edenrituals.lt\/en\/wp-json\/wp\/v2\/product_brand?post=21655"},{"taxonomy":"product_cat","embeddable":true,"href":"https:\/\/edenrituals.lt\/en\/wp-json\/wp\/v2\/product_cat?post=21655"},{"taxonomy":"product_tag","embeddable":true,"href":"https:\/\/edenrituals.lt\/en\/wp-json\/wp\/v2\/product_tag?post=21655"}],"curies":[{"name":"wp","href":"https:\/\/api.w.org\/{rel}","templated":true}]}}