{"id":21654,"date":"2024-11-06T22:21:44","date_gmt":"2024-11-06T20:21:44","guid":{"rendered":"https:\/\/edenrituals.lt\/product\/veido-prausiklis-su-salicilo-rugstimi-purifying-cleansing-gel\/"},"modified":"2025-10-28T14:35:11","modified_gmt":"2025-10-28T12:35:11","slug":"veido-prausiklis-su-salicilo-rugstimi-purifying-cleansing-gel","status":"publish","type":"product","link":"https:\/\/edenrituals.lt\/en\/product\/veido-prausiklis-su-salicilo-rugstimi-purifying-cleansing-gel\/","title":{"rendered":"PURIFYING CLEANSING GEL Facial Cleanser with Salicylic Acid"},"content":{"rendered":"<p><strong>DERMEDEN Facial cleanser with salicylic acid<\/strong> helps to balance combination and oily skin, reduce shine and clogged pores.<\/p>\n<p>Salicylic Acid and Zinc work synergistically to deeply cleanse, reduce rashes and help skin look clearer. Silicon microparticles gently exfoliate and improve skin texture, while Bisabolol soothes and protects against irritation.<\/p>\n<p><strong>Result:<\/strong><br \/>\nThe skin is left clean, soft and fresh - without the sensation of stretching. It looks rested, brighter and visually smoother.<\/p>\n<p><strong>How to use?<\/strong><br \/>\nMassage into damp skin in the morning and\/or evening and rinse off with water.<\/p>\n<p><strong>Key ingredients:<\/strong><br \/>\nSalicylic acid - cleanses pores and helps fight acne.<br \/>\nZinc - regulates sebum secretion and reduces inflammation.<br \/>\nBisabolol - soothes and prevents irritation.<br \/>\nSilicon microparticles - gently exfoliate and smooth the skin.<\/p>\n<p><strong>Ingredients<\/strong>:<br \/>\nAqua (Water), Sodium Laureth Sulfate, Coco-glucoside, Acrylate Copolymer, Pentylene glycol, Hydrated Silica, Sodium Hydroxide, Salicylic Acid, Zinc Gluconate, Sodium Benzoate, Chlorphenesin, Bisabolol, Cetrimonium Bromide, Disodium EDTA, Benzotriazoyl Dodecyl P-Cresol, Glycerin, CI 74260, Alcohol, Tris(tetramethylhydroxypiperidinol) citrate, Hydrolysed Algin, Zinc Sulphate.<\/p>\n<p><strong>Tinka<\/strong>: for combination and oily skin.<br \/>\n<strong>Capacity<\/strong>: 150 ml<br \/>\n<strong>Manufacturer<\/strong>: DERMEDEN<br \/>\n<strong>Country<\/strong>: France<\/p>","protected":false},"excerpt":{"rendered":"<p><strong>An easy but effective daily step for clearer skin.<\/strong><\/p>\n<p><strong>Why try PURIFYING CLEANSING GEL with Salicylic Acid?\u00a0<\/strong><br \/>\n- Cleanses impurities and make-up residues.<br \/>\n- Reduces sebum production.<br \/>\n- Helps acne heal faster.<br \/>\n- Gives a feeling of cleanliness and freshness.<br \/>\n- Suitable for everyday use.<\/p>","protected":false},"featured_media":21599,"comment_status":"open","ping_status":"closed","template":"","meta":[],"product_brand":[149],"product_cat":[147],"product_tag":[],"class_list":{"0":"post-21654","1":"product","2":"type-product","3":"status-publish","4":"has-post-thumbnail","6":"product_brand-dermeden","7":"product_cat-veido-kosmetika","9":"first","10":"instock","11":"shipping-taxable","12":"purchasable","13":"product-type-simple"},"yoast_head":"<!-- This site is optimized with the Yoast SEO plugin v25.9 - https:\/\/yoast.com\/wordpress\/plugins\/seo\/ -->\n<title>Veido prausiklis su salicilo rug\u0161timi PURIFYING CLEANSING GEL - Eden Rituals<\/title>\n<meta name=\"description\" content=\"DERMEDEN veido prausiklis su salicilo r\u016bg\u0161timi padeda subalansuoti mi\u0161ri\u0105 ir riebi\u0105 od\u0105, suma\u017einti blizges\u012f bei por\u0173 u\u017esikim\u0161im\u0105.\" \/>\n<meta name=\"robots\" content=\"index, follow, max-snippet:-1, max-image-preview:large, max-video-preview:-1\" \/>\n<link rel=\"canonical\" href=\"https:\/\/edenrituals.lt\/en\/product\/veido-prausiklis-su-salicilo-rugstimi-purifying-cleansing-gel\/\" \/>\n<meta property=\"og:locale\" content=\"en_GB\" \/>\n<meta property=\"og:type\" content=\"article\" \/>\n<meta property=\"og:title\" content=\"Veido prausiklis su salicilo rug\u0161timi PURIFYING CLEANSING GEL - Eden Rituals\" \/>\n<meta property=\"og:description\" content=\"DERMEDEN veido prausiklis su salicilo r\u016bg\u0161timi padeda subalansuoti mi\u0161ri\u0105 ir riebi\u0105 od\u0105, suma\u017einti blizges\u012f bei por\u0173 u\u017esikim\u0161im\u0105.\" \/>\n<meta property=\"og:url\" content=\"https:\/\/edenrituals.lt\/en\/product\/veido-prausiklis-su-salicilo-rugstimi-purifying-cleansing-gel\/\" \/>\n<meta property=\"og:site_name\" content=\"Eden Rituals\" \/>\n<meta property=\"article:publisher\" content=\"https:\/\/www.facebook.com\/profile.php?id=61567033621481#\" \/>\n<meta property=\"article:modified_time\" content=\"2025-10-28T12:35:11+00:00\" \/>\n<meta property=\"og:image\" content=\"https:\/\/edenrituals.lt\/wp-content\/uploads\/2024\/11\/Veido-prausiklis-su-salicilo-rugstimi-DERMEDEN-PURIFYING-CLEANSING-GEL-misija-oda.png\" \/>\n\t<meta property=\"og:image:width\" content=\"533\" \/>\n\t<meta property=\"og:image:height\" content=\"533\" \/>\n\t<meta property=\"og:image:type\" content=\"image\/png\" \/>\n<meta name=\"twitter:card\" content=\"summary_large_image\" \/>\n<meta name=\"twitter:label1\" content=\"Estimated reading time\" \/>\n\t<meta name=\"twitter:data1\" content=\"2 minutes\" \/>\n<script type=\"application\/ld+json\" class=\"yoast-schema-graph\">{\"@context\":\"https:\/\/schema.org\",\"@graph\":[{\"@type\":\"WebPage\",\"@id\":\"https:\/\/edenrituals.lt\/product\/veido-prausiklis-su-salicilo-rugstimi-purifying-cleansing-gel\/\",\"url\":\"https:\/\/edenrituals.lt\/product\/veido-prausiklis-su-salicilo-rugstimi-purifying-cleansing-gel\/\",\"name\":\"Veido prausiklis su salicilo rug\u0161timi PURIFYING CLEANSING GEL - Eden Rituals\",\"isPartOf\":{\"@id\":\"https:\/\/edenrituals.lt\/#website\"},\"primaryImageOfPage\":{\"@id\":\"https:\/\/edenrituals.lt\/product\/veido-prausiklis-su-salicilo-rugstimi-purifying-cleansing-gel\/#primaryimage\"},\"image\":{\"@id\":\"https:\/\/edenrituals.lt\/product\/veido-prausiklis-su-salicilo-rugstimi-purifying-cleansing-gel\/#primaryimage\"},\"thumbnailUrl\":\"https:\/\/edenrituals.lt\/wp-content\/uploads\/2024\/11\/Veido-prausiklis-su-salicilo-rugstimi-DERMEDEN-PURIFYING-CLEANSING-GEL-misija-oda.png\",\"datePublished\":\"2024-11-06T20:21:44+00:00\",\"dateModified\":\"2025-10-28T12:35:11+00:00\",\"description\":\"DERMEDEN veido prausiklis su salicilo r\u016bg\u0161timi padeda subalansuoti mi\u0161ri\u0105 ir riebi\u0105 od\u0105, suma\u017einti blizges\u012f bei por\u0173 u\u017esikim\u0161im\u0105.\",\"breadcrumb\":{\"@id\":\"https:\/\/edenrituals.lt\/product\/veido-prausiklis-su-salicilo-rugstimi-purifying-cleansing-gel\/#breadcrumb\"},\"inLanguage\":\"en-GB\",\"potentialAction\":[{\"@type\":\"ReadAction\",\"target\":[\"https:\/\/edenrituals.lt\/product\/veido-prausiklis-su-salicilo-rugstimi-purifying-cleansing-gel\/\"]}]},{\"@type\":\"ImageObject\",\"inLanguage\":\"en-GB\",\"@id\":\"https:\/\/edenrituals.lt\/product\/veido-prausiklis-su-salicilo-rugstimi-purifying-cleansing-gel\/#primaryimage\",\"url\":\"https:\/\/edenrituals.lt\/wp-content\/uploads\/2024\/11\/Veido-prausiklis-su-salicilo-rugstimi-DERMEDEN-PURIFYING-CLEANSING-GEL-misija-oda.png\",\"contentUrl\":\"https:\/\/edenrituals.lt\/wp-content\/uploads\/2024\/11\/Veido-prausiklis-su-salicilo-rugstimi-DERMEDEN-PURIFYING-CLEANSING-GEL-misija-oda.png\",\"width\":533,\"height\":533,\"caption\":\"Veido prausiklis su salicilo rug\u0161timi PURIFYING CLEANSING GEL\"},{\"@type\":\"BreadcrumbList\",\"@id\":\"https:\/\/edenrituals.lt\/product\/veido-prausiklis-su-salicilo-rugstimi-purifying-cleansing-gel\/#breadcrumb\",\"itemListElement\":[{\"@type\":\"ListItem\",\"position\":1,\"name\":\"Home\",\"item\":\"https:\/\/edenrituals.lt\/\"},{\"@type\":\"ListItem\",\"position\":2,\"name\":\"Parduotuv\u0117\",\"item\":\"https:\/\/edenrituals.lt\/parduotuve\/\"},{\"@type\":\"ListItem\",\"position\":3,\"name\":\"Veido prausiklis su salicilo rug\u0161timi PURIFYING CLEANSING GEL\"}]},{\"@type\":\"WebSite\",\"@id\":\"https:\/\/edenrituals.lt\/#website\",\"url\":\"https:\/\/edenrituals.lt\/\",\"name\":\"Eden Rituals\",\"description\":\"every day. every moment\",\"publisher\":{\"@id\":\"https:\/\/edenrituals.lt\/#organization\"},\"potentialAction\":[{\"@type\":\"SearchAction\",\"target\":{\"@type\":\"EntryPoint\",\"urlTemplate\":\"https:\/\/edenrituals.lt\/?s={search_term_string}\"},\"query-input\":{\"@type\":\"PropertyValueSpecification\",\"valueRequired\":true,\"valueName\":\"search_term_string\"}}],\"inLanguage\":\"en-GB\"},{\"@type\":\"Organization\",\"@id\":\"https:\/\/edenrituals.lt\/#organization\",\"name\":\"Eden Rituals\",\"url\":\"https:\/\/edenrituals.lt\/\",\"logo\":{\"@type\":\"ImageObject\",\"inLanguage\":\"en-GB\",\"@id\":\"https:\/\/edenrituals.lt\/#\/schema\/logo\/image\/\",\"url\":\"https:\/\/edenrituals.lt\/wp-content\/uploads\/2024\/08\/cosmetics-3.png\",\"contentUrl\":\"https:\/\/edenrituals.lt\/wp-content\/uploads\/2024\/08\/cosmetics-3.png\",\"width\":689,\"height\":200,\"caption\":\"Eden Rituals\"},\"image\":{\"@id\":\"https:\/\/edenrituals.lt\/#\/schema\/logo\/image\/\"},\"sameAs\":[\"https:\/\/www.facebook.com\/profile.php?id=61567033621481#\",\"https:\/\/www.instagram.com\/edenrituals\/\"]}]}<\/script>\n<!-- \/ Yoast SEO plugin. -->","yoast_head_json":{"title":"Veido prausiklis su salicilo rug\u0161timi PURIFYING CLEANSING GEL - Eden Rituals","description":"DERMEDEN veido prausiklis su salicilo r\u016bg\u0161timi padeda subalansuoti mi\u0161ri\u0105 ir riebi\u0105 od\u0105, suma\u017einti blizges\u012f bei por\u0173 u\u017esikim\u0161im\u0105.","robots":{"index":"index","follow":"follow","max-snippet":"max-snippet:-1","max-image-preview":"max-image-preview:large","max-video-preview":"max-video-preview:-1"},"canonical":"https:\/\/edenrituals.lt\/en\/product\/veido-prausiklis-su-salicilo-rugstimi-purifying-cleansing-gel\/","og_locale":"en_GB","og_type":"article","og_title":"Veido prausiklis su salicilo rug\u0161timi PURIFYING CLEANSING GEL - Eden Rituals","og_description":"DERMEDEN veido prausiklis su salicilo r\u016bg\u0161timi padeda subalansuoti mi\u0161ri\u0105 ir riebi\u0105 od\u0105, suma\u017einti blizges\u012f bei por\u0173 u\u017esikim\u0161im\u0105.","og_url":"https:\/\/edenrituals.lt\/en\/product\/veido-prausiklis-su-salicilo-rugstimi-purifying-cleansing-gel\/","og_site_name":"Eden Rituals","article_publisher":"https:\/\/www.facebook.com\/profile.php?id=61567033621481#","article_modified_time":"2025-10-28T12:35:11+00:00","og_image":[{"width":533,"height":533,"url":"https:\/\/edenrituals.lt\/wp-content\/uploads\/2024\/11\/Veido-prausiklis-su-salicilo-rugstimi-DERMEDEN-PURIFYING-CLEANSING-GEL-misija-oda.png","type":"image\/png"}],"twitter_card":"summary_large_image","twitter_misc":{"Estimated reading time":"2 minutes"},"schema":{"@context":"https:\/\/schema.org","@graph":[{"@type":"WebPage","@id":"https:\/\/edenrituals.lt\/product\/veido-prausiklis-su-salicilo-rugstimi-purifying-cleansing-gel\/","url":"https:\/\/edenrituals.lt\/product\/veido-prausiklis-su-salicilo-rugstimi-purifying-cleansing-gel\/","name":"Veido prausiklis su salicilo rug\u0161timi PURIFYING CLEANSING GEL - Eden Rituals","isPartOf":{"@id":"https:\/\/edenrituals.lt\/#website"},"primaryImageOfPage":{"@id":"https:\/\/edenrituals.lt\/product\/veido-prausiklis-su-salicilo-rugstimi-purifying-cleansing-gel\/#primaryimage"},"image":{"@id":"https:\/\/edenrituals.lt\/product\/veido-prausiklis-su-salicilo-rugstimi-purifying-cleansing-gel\/#primaryimage"},"thumbnailUrl":"https:\/\/edenrituals.lt\/wp-content\/uploads\/2024\/11\/Veido-prausiklis-su-salicilo-rugstimi-DERMEDEN-PURIFYING-CLEANSING-GEL-misija-oda.png","datePublished":"2024-11-06T20:21:44+00:00","dateModified":"2025-10-28T12:35:11+00:00","description":"DERMEDEN veido prausiklis su salicilo r\u016bg\u0161timi padeda subalansuoti mi\u0161ri\u0105 ir riebi\u0105 od\u0105, suma\u017einti blizges\u012f bei por\u0173 u\u017esikim\u0161im\u0105.","breadcrumb":{"@id":"https:\/\/edenrituals.lt\/product\/veido-prausiklis-su-salicilo-rugstimi-purifying-cleansing-gel\/#breadcrumb"},"inLanguage":"en-GB","potentialAction":[{"@type":"ReadAction","target":["https:\/\/edenrituals.lt\/product\/veido-prausiklis-su-salicilo-rugstimi-purifying-cleansing-gel\/"]}]},{"@type":"ImageObject","inLanguage":"en-GB","@id":"https:\/\/edenrituals.lt\/product\/veido-prausiklis-su-salicilo-rugstimi-purifying-cleansing-gel\/#primaryimage","url":"https:\/\/edenrituals.lt\/wp-content\/uploads\/2024\/11\/Veido-prausiklis-su-salicilo-rugstimi-DERMEDEN-PURIFYING-CLEANSING-GEL-misija-oda.png","contentUrl":"https:\/\/edenrituals.lt\/wp-content\/uploads\/2024\/11\/Veido-prausiklis-su-salicilo-rugstimi-DERMEDEN-PURIFYING-CLEANSING-GEL-misija-oda.png","width":533,"height":533,"caption":"Veido prausiklis su salicilo rug\u0161timi PURIFYING CLEANSING GEL"},{"@type":"BreadcrumbList","@id":"https:\/\/edenrituals.lt\/product\/veido-prausiklis-su-salicilo-rugstimi-purifying-cleansing-gel\/#breadcrumb","itemListElement":[{"@type":"ListItem","position":1,"name":"Home","item":"https:\/\/edenrituals.lt\/"},{"@type":"ListItem","position":2,"name":"Parduotuv\u0117","item":"https:\/\/edenrituals.lt\/parduotuve\/"},{"@type":"ListItem","position":3,"name":"Veido prausiklis su salicilo rug\u0161timi PURIFYING CLEANSING GEL"}]},{"@type":"WebSite","@id":"https:\/\/edenrituals.lt\/#website","url":"https:\/\/edenrituals.lt\/","name":"Eden Rituals","description":"every day. every moment","publisher":{"@id":"https:\/\/edenrituals.lt\/#organization"},"potentialAction":[{"@type":"SearchAction","target":{"@type":"EntryPoint","urlTemplate":"https:\/\/edenrituals.lt\/?s={search_term_string}"},"query-input":{"@type":"PropertyValueSpecification","valueRequired":true,"valueName":"search_term_string"}}],"inLanguage":"en-GB"},{"@type":"Organization","@id":"https:\/\/edenrituals.lt\/#organization","name":"Eden Rituals","url":"https:\/\/edenrituals.lt\/","logo":{"@type":"ImageObject","inLanguage":"en-GB","@id":"https:\/\/edenrituals.lt\/#\/schema\/logo\/image\/","url":"https:\/\/edenrituals.lt\/wp-content\/uploads\/2024\/08\/cosmetics-3.png","contentUrl":"https:\/\/edenrituals.lt\/wp-content\/uploads\/2024\/08\/cosmetics-3.png","width":689,"height":200,"caption":"Eden Rituals"},"image":{"@id":"https:\/\/edenrituals.lt\/#\/schema\/logo\/image\/"},"sameAs":["https:\/\/www.facebook.com\/profile.php?id=61567033621481#","https:\/\/www.instagram.com\/edenrituals\/"]}]}},"jetpack_sharing_enabled":true,"_links":{"self":[{"href":"https:\/\/edenrituals.lt\/en\/wp-json\/wp\/v2\/product\/21654","targetHints":{"allow":["GET"]}}],"collection":[{"href":"https:\/\/edenrituals.lt\/en\/wp-json\/wp\/v2\/product"}],"about":[{"href":"https:\/\/edenrituals.lt\/en\/wp-json\/wp\/v2\/types\/product"}],"replies":[{"embeddable":true,"href":"https:\/\/edenrituals.lt\/en\/wp-json\/wp\/v2\/comments?post=21654"}],"version-history":[{"count":4,"href":"https:\/\/edenrituals.lt\/en\/wp-json\/wp\/v2\/product\/21654\/revisions"}],"predecessor-version":[{"id":22034,"href":"https:\/\/edenrituals.lt\/en\/wp-json\/wp\/v2\/product\/21654\/revisions\/22034"}],"wp:featuredmedia":[{"embeddable":true,"href":"https:\/\/edenrituals.lt\/en\/wp-json\/wp\/v2\/media\/21599"}],"wp:attachment":[{"href":"https:\/\/edenrituals.lt\/en\/wp-json\/wp\/v2\/media?parent=21654"}],"wp:term":[{"taxonomy":"product_brand","embeddable":true,"href":"https:\/\/edenrituals.lt\/en\/wp-json\/wp\/v2\/product_brand?post=21654"},{"taxonomy":"product_cat","embeddable":true,"href":"https:\/\/edenrituals.lt\/en\/wp-json\/wp\/v2\/product_cat?post=21654"},{"taxonomy":"product_tag","embeddable":true,"href":"https:\/\/edenrituals.lt\/en\/wp-json\/wp\/v2\/product_tag?post=21654"}],"curies":[{"name":"wp","href":"https:\/\/api.w.org\/{rel}","templated":true}]}}