{"id":21653,"date":"2024-11-06T22:21:44","date_gmt":"2024-11-06T20:21:44","guid":{"rendered":"https:\/\/edenrituals.lt\/product\/antioksidacine-sveiciamoji-kauke-antioxidant-exfoliating-mask\/"},"modified":"2025-10-28T17:13:04","modified_gmt":"2025-10-28T15:13:04","slug":"antioksidacine-sveiciamoji-kauke-antioxidant-exfoliating-mask","status":"publish","type":"product","link":"https:\/\/edenrituals.lt\/en\/product\/antioksidacine-sveiciamoji-kauke-antioxidant-exfoliating-mask\/","title":{"rendered":"Antioxidant Exfoliating Face Mask ANTIOXIDANT EXFOLIATING MASK"},"content":{"rendered":"<p><strong>DERMEDEN Antioxidant Exfoliating Facial Mask cleanses pores, removes impurities and excess oil and helps the skin regain its radiance. <\/strong><\/p>\n<p>i works in two phases: it gently exfoliates the skin, stimulating its renewal, and it cleanses, absorbing excess sebum and toxins. After use, skin is left smooth, clean and visually refreshed.<\/p>\n<p>Developed in collaboration with dermatologists, the formula cleanses effectively without being drying. Containing white and green clay, hydroxy acids, vitamin E and an algae complex, it helps to even out skin texture, gives it a radiant glow and helps to combat oxidative stress caused by the urban environment. The mask is particularly suitable for combination and oily skin types, but is not recommended for very sensitive skin.<\/p>\n<p><strong>How to use?<\/strong><br \/>\nApply a thick layer of the mask on clean skin (avoiding the eye area). Leave on for 10 minutes - shorter for more sensitive areas. Then massage gently with wet hands, especially on the T-zone, to intensify the exfoliating effect, and rinse off with water. After the treatment, apply a moisturising cream. Recommended for use once a week.<\/p>\n<p><strong>Result:<\/strong><br \/>\nCleaner, smoother and brighter skin - without shine or clogged pores.<\/p>\n<p><strong>Key ingredients:<\/strong><br \/>\nWhite and green clay - cleanses, absorbs excess sebum and tightens pores.<br \/>\nZinc - helps regulate fat production.<br \/>\nHydroxy acids and micro-grains - gently exfoliate and promote cell renewal.<br \/>\nAlgae complex - soothing and antioxidant.<br \/>\nVitamin E - fights free radicals and protects the skin against ageing.<\/p>\n<p><strong>Composition:<\/strong><br \/>\nAqua (Water), Montmorillonite, Kaolin, Prunus Armeniaca (Apricot) Seed Powder, Cetearyl Alcohol, Glycerin, Decyl Oleate, Cetyl Alcohol, Cetyl Alcohol, Cetearyl Glucoside, Panthenol, Zinc PCA, Capryloyl Glycine, Capryloyl Glycine, Tocopheryl Acetate, Ethylhexyl Glycerin, Maris Salt (Sea Salt), Tromethamine, Xanthan Gum, Parfum (Fragrance), Algae Extract, Undecylenoyl Glycine, Lactic Acid, Arginine, Sodium Benzoate, Potassium Sorbate, Tocopherol, Silica, Hydrogenated Palm Glycerides Citrate, Limonene, Hexyl Cinnamal, Linalool, Benzyl Salicylate, Citronellol, Alpha-Isomethyl Ionone, Eugenol.<\/p>\n<p><strong>Capacity<\/strong>: 50 ml<br \/>\n<strong>Manufacturer<\/strong>: DERMEDEN<br \/>\n<strong>Country of origin<\/strong>: France<\/p>","protected":false},"excerpt":{"rendered":"<p><strong>This mask is like a deep breathing moment for your skin.<\/strong><\/p>\n<p><strong>Why try an antioxidant exfoliating face mask?<\/strong><br \/>\n- Effectively cleanses pores and absorbs excess oil.<br \/>\n- Gently exfoliates the skin, removing dead cells.<br \/>\n- Helps even skin tone and texture.<br \/>\n- Reduces shine and gives a feeling of cleanliness and freshness.<br \/>\n- Provides antioxidant protection against environmental influences.<\/p>","protected":false},"featured_media":21597,"comment_status":"open","ping_status":"closed","template":"","meta":[],"product_brand":[149],"product_cat":[147],"product_tag":[],"class_list":{"0":"post-21653","1":"product","2":"type-product","3":"status-publish","4":"has-post-thumbnail","6":"product_brand-dermeden","7":"product_cat-veido-kosmetika","9":"first","10":"instock","11":"shipping-taxable","12":"purchasable","13":"product-type-simple"},"yoast_head":"<!-- This site is optimized with the Yoast SEO plugin v25.9 - https:\/\/yoast.com\/wordpress\/plugins\/seo\/ -->\n<title>Antioksidacin\u0117 \u0161vei\u010diamoji veido kauk\u0117 ANTIOXIDANT EXFOLIATING MASK - Eden Rituals<\/title>\n<meta name=\"description\" content=\"DERMEDEN antioksidacin\u0117 \u0161vei\u010diamoji veido kauk\u0117 i\u0161valo poras, pa\u0161alina ne\u0161varumus bei perteklin\u012f riebal\u0173 sluoksn\u012f ir padeda odai atgauti skaistum\u0105.\" \/>\n<meta name=\"robots\" content=\"index, follow, max-snippet:-1, max-image-preview:large, max-video-preview:-1\" \/>\n<link rel=\"canonical\" href=\"https:\/\/edenrituals.lt\/en\/product\/antioksidacine-sveiciamoji-kauke-antioxidant-exfoliating-mask\/\" \/>\n<meta property=\"og:locale\" content=\"en_GB\" \/>\n<meta property=\"og:type\" content=\"article\" \/>\n<meta property=\"og:title\" content=\"Antioksidacin\u0117 \u0161vei\u010diamoji veido kauk\u0117 ANTIOXIDANT EXFOLIATING MASK - Eden Rituals\" \/>\n<meta property=\"og:description\" content=\"DERMEDEN antioksidacin\u0117 \u0161vei\u010diamoji veido kauk\u0117 i\u0161valo poras, pa\u0161alina ne\u0161varumus bei perteklin\u012f riebal\u0173 sluoksn\u012f ir padeda odai atgauti skaistum\u0105.\" \/>\n<meta property=\"og:url\" content=\"https:\/\/edenrituals.lt\/en\/product\/antioksidacine-sveiciamoji-kauke-antioxidant-exfoliating-mask\/\" \/>\n<meta property=\"og:site_name\" content=\"Eden Rituals\" \/>\n<meta property=\"article:publisher\" content=\"https:\/\/www.facebook.com\/profile.php?id=61567033621481#\" \/>\n<meta property=\"article:modified_time\" content=\"2025-10-28T15:13:04+00:00\" \/>\n<meta property=\"og:image\" content=\"https:\/\/edenrituals.lt\/wp-content\/uploads\/2024\/11\/Dermeden-Antioksidacine-sveiciamoji-kauke-ANTIOXIDANT-EXFOLIATING-MASK-misija-oda.png\" \/>\n\t<meta property=\"og:image:width\" content=\"533\" \/>\n\t<meta property=\"og:image:height\" content=\"533\" \/>\n\t<meta property=\"og:image:type\" content=\"image\/png\" \/>\n<meta name=\"twitter:card\" content=\"summary_large_image\" \/>\n<meta name=\"twitter:label1\" content=\"Estimated reading time\" \/>\n\t<meta name=\"twitter:data1\" content=\"2 minutes\" \/>\n<script type=\"application\/ld+json\" class=\"yoast-schema-graph\">{\"@context\":\"https:\/\/schema.org\",\"@graph\":[{\"@type\":\"WebPage\",\"@id\":\"https:\/\/edenrituals.lt\/product\/antioksidacine-sveiciamoji-kauke-antioxidant-exfoliating-mask\/\",\"url\":\"https:\/\/edenrituals.lt\/product\/antioksidacine-sveiciamoji-kauke-antioxidant-exfoliating-mask\/\",\"name\":\"Antioksidacin\u0117 \u0161vei\u010diamoji veido kauk\u0117 ANTIOXIDANT EXFOLIATING MASK - Eden Rituals\",\"isPartOf\":{\"@id\":\"https:\/\/edenrituals.lt\/#website\"},\"primaryImageOfPage\":{\"@id\":\"https:\/\/edenrituals.lt\/product\/antioksidacine-sveiciamoji-kauke-antioxidant-exfoliating-mask\/#primaryimage\"},\"image\":{\"@id\":\"https:\/\/edenrituals.lt\/product\/antioksidacine-sveiciamoji-kauke-antioxidant-exfoliating-mask\/#primaryimage\"},\"thumbnailUrl\":\"https:\/\/edenrituals.lt\/wp-content\/uploads\/2024\/11\/Dermeden-Antioksidacine-sveiciamoji-kauke-ANTIOXIDANT-EXFOLIATING-MASK-misija-oda.png\",\"datePublished\":\"2024-11-06T20:21:44+00:00\",\"dateModified\":\"2025-10-28T15:13:04+00:00\",\"description\":\"DERMEDEN antioksidacin\u0117 \u0161vei\u010diamoji veido kauk\u0117 i\u0161valo poras, pa\u0161alina ne\u0161varumus bei perteklin\u012f riebal\u0173 sluoksn\u012f ir padeda odai atgauti skaistum\u0105.\",\"breadcrumb\":{\"@id\":\"https:\/\/edenrituals.lt\/product\/antioksidacine-sveiciamoji-kauke-antioxidant-exfoliating-mask\/#breadcrumb\"},\"inLanguage\":\"en-GB\",\"potentialAction\":[{\"@type\":\"ReadAction\",\"target\":[\"https:\/\/edenrituals.lt\/product\/antioksidacine-sveiciamoji-kauke-antioxidant-exfoliating-mask\/\"]}]},{\"@type\":\"ImageObject\",\"inLanguage\":\"en-GB\",\"@id\":\"https:\/\/edenrituals.lt\/product\/antioksidacine-sveiciamoji-kauke-antioxidant-exfoliating-mask\/#primaryimage\",\"url\":\"https:\/\/edenrituals.lt\/wp-content\/uploads\/2024\/11\/Dermeden-Antioksidacine-sveiciamoji-kauke-ANTIOXIDANT-EXFOLIATING-MASK-misija-oda.png\",\"contentUrl\":\"https:\/\/edenrituals.lt\/wp-content\/uploads\/2024\/11\/Dermeden-Antioksidacine-sveiciamoji-kauke-ANTIOXIDANT-EXFOLIATING-MASK-misija-oda.png\",\"width\":533,\"height\":533,\"caption\":\"Antioksidacin\u0117 \u0161vei\u010diamoji veido kauk\u0117 ANTIOXIDANT EXFOLIATING MASK\"},{\"@type\":\"BreadcrumbList\",\"@id\":\"https:\/\/edenrituals.lt\/product\/antioksidacine-sveiciamoji-kauke-antioxidant-exfoliating-mask\/#breadcrumb\",\"itemListElement\":[{\"@type\":\"ListItem\",\"position\":1,\"name\":\"Home\",\"item\":\"https:\/\/edenrituals.lt\/\"},{\"@type\":\"ListItem\",\"position\":2,\"name\":\"Parduotuv\u0117\",\"item\":\"https:\/\/edenrituals.lt\/parduotuve\/\"},{\"@type\":\"ListItem\",\"position\":3,\"name\":\"Antioksidacin\u0117 \u0161vei\u010diamoji veido kauk\u0117 ANTIOXIDANT EXFOLIATING MASK\"}]},{\"@type\":\"WebSite\",\"@id\":\"https:\/\/edenrituals.lt\/#website\",\"url\":\"https:\/\/edenrituals.lt\/\",\"name\":\"Eden Rituals\",\"description\":\"every day. every moment\",\"publisher\":{\"@id\":\"https:\/\/edenrituals.lt\/#organization\"},\"potentialAction\":[{\"@type\":\"SearchAction\",\"target\":{\"@type\":\"EntryPoint\",\"urlTemplate\":\"https:\/\/edenrituals.lt\/?s={search_term_string}\"},\"query-input\":{\"@type\":\"PropertyValueSpecification\",\"valueRequired\":true,\"valueName\":\"search_term_string\"}}],\"inLanguage\":\"en-GB\"},{\"@type\":\"Organization\",\"@id\":\"https:\/\/edenrituals.lt\/#organization\",\"name\":\"Eden Rituals\",\"url\":\"https:\/\/edenrituals.lt\/\",\"logo\":{\"@type\":\"ImageObject\",\"inLanguage\":\"en-GB\",\"@id\":\"https:\/\/edenrituals.lt\/#\/schema\/logo\/image\/\",\"url\":\"https:\/\/edenrituals.lt\/wp-content\/uploads\/2024\/08\/cosmetics-3.png\",\"contentUrl\":\"https:\/\/edenrituals.lt\/wp-content\/uploads\/2024\/08\/cosmetics-3.png\",\"width\":689,\"height\":200,\"caption\":\"Eden Rituals\"},\"image\":{\"@id\":\"https:\/\/edenrituals.lt\/#\/schema\/logo\/image\/\"},\"sameAs\":[\"https:\/\/www.facebook.com\/profile.php?id=61567033621481#\",\"https:\/\/www.instagram.com\/edenrituals\/\"]}]}<\/script>\n<!-- \/ Yoast SEO plugin. -->","yoast_head_json":{"title":"Antioksidacin\u0117 \u0161vei\u010diamoji veido kauk\u0117 ANTIOXIDANT EXFOLIATING MASK - Eden Rituals","description":"DERMEDEN antioksidacin\u0117 \u0161vei\u010diamoji veido kauk\u0117 i\u0161valo poras, pa\u0161alina ne\u0161varumus bei perteklin\u012f riebal\u0173 sluoksn\u012f ir padeda odai atgauti skaistum\u0105.","robots":{"index":"index","follow":"follow","max-snippet":"max-snippet:-1","max-image-preview":"max-image-preview:large","max-video-preview":"max-video-preview:-1"},"canonical":"https:\/\/edenrituals.lt\/en\/product\/antioksidacine-sveiciamoji-kauke-antioxidant-exfoliating-mask\/","og_locale":"en_GB","og_type":"article","og_title":"Antioksidacin\u0117 \u0161vei\u010diamoji veido kauk\u0117 ANTIOXIDANT EXFOLIATING MASK - Eden Rituals","og_description":"DERMEDEN antioksidacin\u0117 \u0161vei\u010diamoji veido kauk\u0117 i\u0161valo poras, pa\u0161alina ne\u0161varumus bei perteklin\u012f riebal\u0173 sluoksn\u012f ir padeda odai atgauti skaistum\u0105.","og_url":"https:\/\/edenrituals.lt\/en\/product\/antioksidacine-sveiciamoji-kauke-antioxidant-exfoliating-mask\/","og_site_name":"Eden Rituals","article_publisher":"https:\/\/www.facebook.com\/profile.php?id=61567033621481#","article_modified_time":"2025-10-28T15:13:04+00:00","og_image":[{"width":533,"height":533,"url":"https:\/\/edenrituals.lt\/wp-content\/uploads\/2024\/11\/Dermeden-Antioksidacine-sveiciamoji-kauke-ANTIOXIDANT-EXFOLIATING-MASK-misija-oda.png","type":"image\/png"}],"twitter_card":"summary_large_image","twitter_misc":{"Estimated reading time":"2 minutes"},"schema":{"@context":"https:\/\/schema.org","@graph":[{"@type":"WebPage","@id":"https:\/\/edenrituals.lt\/product\/antioksidacine-sveiciamoji-kauke-antioxidant-exfoliating-mask\/","url":"https:\/\/edenrituals.lt\/product\/antioksidacine-sveiciamoji-kauke-antioxidant-exfoliating-mask\/","name":"Antioksidacin\u0117 \u0161vei\u010diamoji veido kauk\u0117 ANTIOXIDANT EXFOLIATING MASK - Eden Rituals","isPartOf":{"@id":"https:\/\/edenrituals.lt\/#website"},"primaryImageOfPage":{"@id":"https:\/\/edenrituals.lt\/product\/antioksidacine-sveiciamoji-kauke-antioxidant-exfoliating-mask\/#primaryimage"},"image":{"@id":"https:\/\/edenrituals.lt\/product\/antioksidacine-sveiciamoji-kauke-antioxidant-exfoliating-mask\/#primaryimage"},"thumbnailUrl":"https:\/\/edenrituals.lt\/wp-content\/uploads\/2024\/11\/Dermeden-Antioksidacine-sveiciamoji-kauke-ANTIOXIDANT-EXFOLIATING-MASK-misija-oda.png","datePublished":"2024-11-06T20:21:44+00:00","dateModified":"2025-10-28T15:13:04+00:00","description":"DERMEDEN antioksidacin\u0117 \u0161vei\u010diamoji veido kauk\u0117 i\u0161valo poras, pa\u0161alina ne\u0161varumus bei perteklin\u012f riebal\u0173 sluoksn\u012f ir padeda odai atgauti skaistum\u0105.","breadcrumb":{"@id":"https:\/\/edenrituals.lt\/product\/antioksidacine-sveiciamoji-kauke-antioxidant-exfoliating-mask\/#breadcrumb"},"inLanguage":"en-GB","potentialAction":[{"@type":"ReadAction","target":["https:\/\/edenrituals.lt\/product\/antioksidacine-sveiciamoji-kauke-antioxidant-exfoliating-mask\/"]}]},{"@type":"ImageObject","inLanguage":"en-GB","@id":"https:\/\/edenrituals.lt\/product\/antioksidacine-sveiciamoji-kauke-antioxidant-exfoliating-mask\/#primaryimage","url":"https:\/\/edenrituals.lt\/wp-content\/uploads\/2024\/11\/Dermeden-Antioksidacine-sveiciamoji-kauke-ANTIOXIDANT-EXFOLIATING-MASK-misija-oda.png","contentUrl":"https:\/\/edenrituals.lt\/wp-content\/uploads\/2024\/11\/Dermeden-Antioksidacine-sveiciamoji-kauke-ANTIOXIDANT-EXFOLIATING-MASK-misija-oda.png","width":533,"height":533,"caption":"Antioksidacin\u0117 \u0161vei\u010diamoji veido kauk\u0117 ANTIOXIDANT EXFOLIATING MASK"},{"@type":"BreadcrumbList","@id":"https:\/\/edenrituals.lt\/product\/antioksidacine-sveiciamoji-kauke-antioxidant-exfoliating-mask\/#breadcrumb","itemListElement":[{"@type":"ListItem","position":1,"name":"Home","item":"https:\/\/edenrituals.lt\/"},{"@type":"ListItem","position":2,"name":"Parduotuv\u0117","item":"https:\/\/edenrituals.lt\/parduotuve\/"},{"@type":"ListItem","position":3,"name":"Antioksidacin\u0117 \u0161vei\u010diamoji veido kauk\u0117 ANTIOXIDANT EXFOLIATING MASK"}]},{"@type":"WebSite","@id":"https:\/\/edenrituals.lt\/#website","url":"https:\/\/edenrituals.lt\/","name":"Eden Rituals","description":"every day. every moment","publisher":{"@id":"https:\/\/edenrituals.lt\/#organization"},"potentialAction":[{"@type":"SearchAction","target":{"@type":"EntryPoint","urlTemplate":"https:\/\/edenrituals.lt\/?s={search_term_string}"},"query-input":{"@type":"PropertyValueSpecification","valueRequired":true,"valueName":"search_term_string"}}],"inLanguage":"en-GB"},{"@type":"Organization","@id":"https:\/\/edenrituals.lt\/#organization","name":"Eden Rituals","url":"https:\/\/edenrituals.lt\/","logo":{"@type":"ImageObject","inLanguage":"en-GB","@id":"https:\/\/edenrituals.lt\/#\/schema\/logo\/image\/","url":"https:\/\/edenrituals.lt\/wp-content\/uploads\/2024\/08\/cosmetics-3.png","contentUrl":"https:\/\/edenrituals.lt\/wp-content\/uploads\/2024\/08\/cosmetics-3.png","width":689,"height":200,"caption":"Eden Rituals"},"image":{"@id":"https:\/\/edenrituals.lt\/#\/schema\/logo\/image\/"},"sameAs":["https:\/\/www.facebook.com\/profile.php?id=61567033621481#","https:\/\/www.instagram.com\/edenrituals\/"]}]}},"jetpack_sharing_enabled":true,"_links":{"self":[{"href":"https:\/\/edenrituals.lt\/en\/wp-json\/wp\/v2\/product\/21653","targetHints":{"allow":["GET"]}}],"collection":[{"href":"https:\/\/edenrituals.lt\/en\/wp-json\/wp\/v2\/product"}],"about":[{"href":"https:\/\/edenrituals.lt\/en\/wp-json\/wp\/v2\/types\/product"}],"replies":[{"embeddable":true,"href":"https:\/\/edenrituals.lt\/en\/wp-json\/wp\/v2\/comments?post=21653"}],"version-history":[{"count":5,"href":"https:\/\/edenrituals.lt\/en\/wp-json\/wp\/v2\/product\/21653\/revisions"}],"predecessor-version":[{"id":22083,"href":"https:\/\/edenrituals.lt\/en\/wp-json\/wp\/v2\/product\/21653\/revisions\/22083"}],"wp:featuredmedia":[{"embeddable":true,"href":"https:\/\/edenrituals.lt\/en\/wp-json\/wp\/v2\/media\/21597"}],"wp:attachment":[{"href":"https:\/\/edenrituals.lt\/en\/wp-json\/wp\/v2\/media?parent=21653"}],"wp:term":[{"taxonomy":"product_brand","embeddable":true,"href":"https:\/\/edenrituals.lt\/en\/wp-json\/wp\/v2\/product_brand?post=21653"},{"taxonomy":"product_cat","embeddable":true,"href":"https:\/\/edenrituals.lt\/en\/wp-json\/wp\/v2\/product_cat?post=21653"},{"taxonomy":"product_tag","embeddable":true,"href":"https:\/\/edenrituals.lt\/en\/wp-json\/wp\/v2\/product_tag?post=21653"}],"curies":[{"name":"wp","href":"https:\/\/api.w.org\/{rel}","templated":true}]}}