{"id":21652,"date":"2024-11-06T22:21:44","date_gmt":"2024-11-06T20:21:44","guid":{"rendered":"https:\/\/edenrituals.lt\/product\/dermeden-stangrinantis-kremas-nuo-striju\/"},"modified":"2025-10-28T15:41:25","modified_gmt":"2025-10-28T13:41:25","slug":"dermeden-stangrinantis-kremas-nuo-striju","status":"publish","type":"product","link":"https:\/\/edenrituals.lt\/en\/product\/dermeden-stangrinantis-kremas-nuo-striju\/","title":{"rendered":"DermEden Firming Stretch Mark Cream"},"content":{"rendered":"<p><strong>Stretch marks are caused when the skin is unable to adapt to the changing shape of the body - after pregnancy, weight changes or during periods of growth. DERMEDEN Firming Stretch Mark Cream helps to strengthen the skin's elasticity, reduce the visibility of existing stretch marks and prevent the appearance of new ones.<\/strong><\/p>\n<p>The formula is enriched with glycolic acid, Asiatic Centella extract, encapsulated retinol and hyaluronic acid - ingredients that stimulate collagen production and improve skin texture. The skin is softer, firmer and visually smoother.<\/p>\n<p>Studies have shown that 28 days of use resulted in visibly firmer, moisturised and smoother skin. Most women noticed that stretch marks became lighter and less visible.<\/p>\n<p><strong>How to use?<\/strong><br \/>\nApply to dry skin once or twice a day - especially on the abdomen, thighs, hips and chest. Massage gently in a circular motion. Due to the active heating agents, a transient sensation of warmth may be felt.<br \/>\n<strong>Not recommended during pregnancy and lactation due to the presence of retinol.<\/strong><\/p>\n<p><strong>Result<\/strong><br \/>\nThe skin becomes supple, soft and smooth, and stretch marks gradually lighten.<\/p>\n<p><strong>Key ingredients:<\/strong><br \/>\nGlycolic acid - renews the skin's surface.<br \/>\nCentella Asiatica - improves firmness.<br \/>\nEncapsulated retinol - promotes regeneration.<br \/>\nHyaluronic acid - moisturises and softens.<\/p>\n<p><strong>Composition:<\/strong><br \/>\nAqua (Water), Caprylic\/Capric Triglyceride, Isononyl Isononanoate, Coco Caprylate\/Caprate, Cetearyl Alcohol, Macadamia Integrifolia Seed Oil, Dimethicone, Glyceryl Stearate SE, PEG-100 Stearate, Glycolic Acid, Glycerin, Octadecenedioic Acid, Butylene Glycol, Polyacrylate Crosspolymer-6, Polysorbate 20, Ceteareth-20, Sodium Hydroxide, Parfum (Fragrance), Vanillyl Butyl Ether, Ethylhexylglycerin, Chlorphenesin, Hydroxyethyl Acrylate\/Sodium Acryloyldimethyl Taurate Copolymer, Tocopheryl Acetate, Hydroxypropyl Cyclodextrin, Disodium EDTA, Retinol, Centella Asiatica Leaf Extract, Sorbitan Isostearate, Polysorbate 60, T-Butyl Alcohol, Sodium Hyaluronate, Tocopherol, Sodium Metabisulphite.<\/p>\n<p><strong>Capacity<\/strong>: 200 ml<br \/>\n<strong>Manufacturer<\/strong>: DERMEDEN<br \/>\n<strong>Country of origin<\/strong>: France<\/p>","protected":false},"excerpt":{"rendered":"<p><strong>Smoother and firmer skin - every day!<\/strong><\/p>\n<p><strong>Why try DERMEDEN stretch mark cream?<\/strong><br \/>\n- Strengthens skin elasticity and firmness.<br \/>\n- Reduces the visibility of existing stretch marks.<br \/>\n- Helps prevent the appearance of new stretch marks.<br \/>\n- Intensely hydrates and nourishes the skin.<br \/>\n- Gives the skin a smooth and even complexion.<\/p>","protected":false},"featured_media":21595,"comment_status":"open","ping_status":"closed","template":"","meta":[],"product_brand":[149],"product_cat":[147],"product_tag":[],"class_list":{"0":"post-21652","1":"product","2":"type-product","3":"status-publish","4":"has-post-thumbnail","6":"product_brand-dermeden","7":"product_cat-veido-kosmetika","9":"first","10":"instock","11":"shipping-taxable","12":"purchasable","13":"product-type-simple"},"yoast_head":"<!-- This site is optimized with the Yoast SEO plugin v25.9 - https:\/\/yoast.com\/wordpress\/plugins\/seo\/ -->\n<title>DermEden stangrinantis kremas nuo strij\u0173 - Eden Rituals<\/title>\n<meta name=\"description\" content=\"DERMEDEN stangrinantis kremas nuo strij\u0173 padeda stiprinti odos elastingum\u0105, ma\u017eina esam\u0173 strij\u0173 matomum\u0105 ir saugo nuo nauj\u0173 atsiradimo.\" \/>\n<meta name=\"robots\" content=\"index, follow, max-snippet:-1, max-image-preview:large, max-video-preview:-1\" \/>\n<link rel=\"canonical\" href=\"https:\/\/edenrituals.lt\/en\/product\/dermeden-stangrinantis-kremas-nuo-striju\/\" \/>\n<meta property=\"og:locale\" content=\"en_GB\" \/>\n<meta property=\"og:type\" content=\"article\" \/>\n<meta property=\"og:title\" content=\"DermEden stangrinantis kremas nuo strij\u0173 - Eden Rituals\" \/>\n<meta property=\"og:description\" content=\"DERMEDEN stangrinantis kremas nuo strij\u0173 padeda stiprinti odos elastingum\u0105, ma\u017eina esam\u0173 strij\u0173 matomum\u0105 ir saugo nuo nauj\u0173 atsiradimo.\" \/>\n<meta property=\"og:url\" content=\"https:\/\/edenrituals.lt\/en\/product\/dermeden-stangrinantis-kremas-nuo-striju\/\" \/>\n<meta property=\"og:site_name\" content=\"Eden Rituals\" \/>\n<meta property=\"article:publisher\" content=\"https:\/\/www.facebook.com\/profile.php?id=61567033621481#\" \/>\n<meta property=\"article:modified_time\" content=\"2025-10-28T13:41:25+00:00\" \/>\n<meta property=\"og:image\" content=\"https:\/\/edenrituals.lt\/wp-content\/uploads\/2024\/11\/DermEden-stangrinantis-kremas-nuo-striju-misija-oda-1.png\" \/>\n\t<meta property=\"og:image:width\" content=\"533\" \/>\n\t<meta property=\"og:image:height\" content=\"533\" \/>\n\t<meta property=\"og:image:type\" content=\"image\/png\" \/>\n<meta name=\"twitter:card\" content=\"summary_large_image\" \/>\n<meta name=\"twitter:label1\" content=\"Estimated reading time\" \/>\n\t<meta name=\"twitter:data1\" content=\"2 minutes\" \/>\n<script type=\"application\/ld+json\" class=\"yoast-schema-graph\">{\"@context\":\"https:\/\/schema.org\",\"@graph\":[{\"@type\":\"WebPage\",\"@id\":\"https:\/\/edenrituals.lt\/product\/dermeden-stangrinantis-kremas-nuo-striju\/\",\"url\":\"https:\/\/edenrituals.lt\/product\/dermeden-stangrinantis-kremas-nuo-striju\/\",\"name\":\"DermEden stangrinantis kremas nuo strij\u0173 - Eden Rituals\",\"isPartOf\":{\"@id\":\"https:\/\/edenrituals.lt\/#website\"},\"primaryImageOfPage\":{\"@id\":\"https:\/\/edenrituals.lt\/product\/dermeden-stangrinantis-kremas-nuo-striju\/#primaryimage\"},\"image\":{\"@id\":\"https:\/\/edenrituals.lt\/product\/dermeden-stangrinantis-kremas-nuo-striju\/#primaryimage\"},\"thumbnailUrl\":\"https:\/\/edenrituals.lt\/wp-content\/uploads\/2024\/11\/DermEden-stangrinantis-kremas-nuo-striju-misija-oda-1.png\",\"datePublished\":\"2024-11-06T20:21:44+00:00\",\"dateModified\":\"2025-10-28T13:41:25+00:00\",\"description\":\"DERMEDEN stangrinantis kremas nuo strij\u0173 padeda stiprinti odos elastingum\u0105, ma\u017eina esam\u0173 strij\u0173 matomum\u0105 ir saugo nuo nauj\u0173 atsiradimo.\",\"breadcrumb\":{\"@id\":\"https:\/\/edenrituals.lt\/product\/dermeden-stangrinantis-kremas-nuo-striju\/#breadcrumb\"},\"inLanguage\":\"en-GB\",\"potentialAction\":[{\"@type\":\"ReadAction\",\"target\":[\"https:\/\/edenrituals.lt\/product\/dermeden-stangrinantis-kremas-nuo-striju\/\"]}]},{\"@type\":\"ImageObject\",\"inLanguage\":\"en-GB\",\"@id\":\"https:\/\/edenrituals.lt\/product\/dermeden-stangrinantis-kremas-nuo-striju\/#primaryimage\",\"url\":\"https:\/\/edenrituals.lt\/wp-content\/uploads\/2024\/11\/DermEden-stangrinantis-kremas-nuo-striju-misija-oda-1.png\",\"contentUrl\":\"https:\/\/edenrituals.lt\/wp-content\/uploads\/2024\/11\/DermEden-stangrinantis-kremas-nuo-striju-misija-oda-1.png\",\"width\":533,\"height\":533,\"caption\":\"DermEden stangrinantis kremas nuo strij\u0173\"},{\"@type\":\"BreadcrumbList\",\"@id\":\"https:\/\/edenrituals.lt\/product\/dermeden-stangrinantis-kremas-nuo-striju\/#breadcrumb\",\"itemListElement\":[{\"@type\":\"ListItem\",\"position\":1,\"name\":\"Home\",\"item\":\"https:\/\/edenrituals.lt\/\"},{\"@type\":\"ListItem\",\"position\":2,\"name\":\"Parduotuv\u0117\",\"item\":\"https:\/\/edenrituals.lt\/parduotuve\/\"},{\"@type\":\"ListItem\",\"position\":3,\"name\":\"DermEden stangrinantis kremas nuo strij\u0173\"}]},{\"@type\":\"WebSite\",\"@id\":\"https:\/\/edenrituals.lt\/#website\",\"url\":\"https:\/\/edenrituals.lt\/\",\"name\":\"Eden Rituals\",\"description\":\"every day. every moment\",\"publisher\":{\"@id\":\"https:\/\/edenrituals.lt\/#organization\"},\"potentialAction\":[{\"@type\":\"SearchAction\",\"target\":{\"@type\":\"EntryPoint\",\"urlTemplate\":\"https:\/\/edenrituals.lt\/?s={search_term_string}\"},\"query-input\":{\"@type\":\"PropertyValueSpecification\",\"valueRequired\":true,\"valueName\":\"search_term_string\"}}],\"inLanguage\":\"en-GB\"},{\"@type\":\"Organization\",\"@id\":\"https:\/\/edenrituals.lt\/#organization\",\"name\":\"Eden Rituals\",\"url\":\"https:\/\/edenrituals.lt\/\",\"logo\":{\"@type\":\"ImageObject\",\"inLanguage\":\"en-GB\",\"@id\":\"https:\/\/edenrituals.lt\/#\/schema\/logo\/image\/\",\"url\":\"https:\/\/edenrituals.lt\/wp-content\/uploads\/2024\/08\/cosmetics-3.png\",\"contentUrl\":\"https:\/\/edenrituals.lt\/wp-content\/uploads\/2024\/08\/cosmetics-3.png\",\"width\":689,\"height\":200,\"caption\":\"Eden Rituals\"},\"image\":{\"@id\":\"https:\/\/edenrituals.lt\/#\/schema\/logo\/image\/\"},\"sameAs\":[\"https:\/\/www.facebook.com\/profile.php?id=61567033621481#\",\"https:\/\/www.instagram.com\/edenrituals\/\"]}]}<\/script>\n<!-- \/ Yoast SEO plugin. -->","yoast_head_json":{"title":"DermEden stangrinantis kremas nuo strij\u0173 - Eden Rituals","description":"DERMEDEN stangrinantis kremas nuo strij\u0173 padeda stiprinti odos elastingum\u0105, ma\u017eina esam\u0173 strij\u0173 matomum\u0105 ir saugo nuo nauj\u0173 atsiradimo.","robots":{"index":"index","follow":"follow","max-snippet":"max-snippet:-1","max-image-preview":"max-image-preview:large","max-video-preview":"max-video-preview:-1"},"canonical":"https:\/\/edenrituals.lt\/en\/product\/dermeden-stangrinantis-kremas-nuo-striju\/","og_locale":"en_GB","og_type":"article","og_title":"DermEden stangrinantis kremas nuo strij\u0173 - Eden Rituals","og_description":"DERMEDEN stangrinantis kremas nuo strij\u0173 padeda stiprinti odos elastingum\u0105, ma\u017eina esam\u0173 strij\u0173 matomum\u0105 ir saugo nuo nauj\u0173 atsiradimo.","og_url":"https:\/\/edenrituals.lt\/en\/product\/dermeden-stangrinantis-kremas-nuo-striju\/","og_site_name":"Eden Rituals","article_publisher":"https:\/\/www.facebook.com\/profile.php?id=61567033621481#","article_modified_time":"2025-10-28T13:41:25+00:00","og_image":[{"width":533,"height":533,"url":"https:\/\/edenrituals.lt\/wp-content\/uploads\/2024\/11\/DermEden-stangrinantis-kremas-nuo-striju-misija-oda-1.png","type":"image\/png"}],"twitter_card":"summary_large_image","twitter_misc":{"Estimated reading time":"2 minutes"},"schema":{"@context":"https:\/\/schema.org","@graph":[{"@type":"WebPage","@id":"https:\/\/edenrituals.lt\/product\/dermeden-stangrinantis-kremas-nuo-striju\/","url":"https:\/\/edenrituals.lt\/product\/dermeden-stangrinantis-kremas-nuo-striju\/","name":"DermEden stangrinantis kremas nuo strij\u0173 - Eden Rituals","isPartOf":{"@id":"https:\/\/edenrituals.lt\/#website"},"primaryImageOfPage":{"@id":"https:\/\/edenrituals.lt\/product\/dermeden-stangrinantis-kremas-nuo-striju\/#primaryimage"},"image":{"@id":"https:\/\/edenrituals.lt\/product\/dermeden-stangrinantis-kremas-nuo-striju\/#primaryimage"},"thumbnailUrl":"https:\/\/edenrituals.lt\/wp-content\/uploads\/2024\/11\/DermEden-stangrinantis-kremas-nuo-striju-misija-oda-1.png","datePublished":"2024-11-06T20:21:44+00:00","dateModified":"2025-10-28T13:41:25+00:00","description":"DERMEDEN stangrinantis kremas nuo strij\u0173 padeda stiprinti odos elastingum\u0105, ma\u017eina esam\u0173 strij\u0173 matomum\u0105 ir saugo nuo nauj\u0173 atsiradimo.","breadcrumb":{"@id":"https:\/\/edenrituals.lt\/product\/dermeden-stangrinantis-kremas-nuo-striju\/#breadcrumb"},"inLanguage":"en-GB","potentialAction":[{"@type":"ReadAction","target":["https:\/\/edenrituals.lt\/product\/dermeden-stangrinantis-kremas-nuo-striju\/"]}]},{"@type":"ImageObject","inLanguage":"en-GB","@id":"https:\/\/edenrituals.lt\/product\/dermeden-stangrinantis-kremas-nuo-striju\/#primaryimage","url":"https:\/\/edenrituals.lt\/wp-content\/uploads\/2024\/11\/DermEden-stangrinantis-kremas-nuo-striju-misija-oda-1.png","contentUrl":"https:\/\/edenrituals.lt\/wp-content\/uploads\/2024\/11\/DermEden-stangrinantis-kremas-nuo-striju-misija-oda-1.png","width":533,"height":533,"caption":"DermEden stangrinantis kremas nuo strij\u0173"},{"@type":"BreadcrumbList","@id":"https:\/\/edenrituals.lt\/product\/dermeden-stangrinantis-kremas-nuo-striju\/#breadcrumb","itemListElement":[{"@type":"ListItem","position":1,"name":"Home","item":"https:\/\/edenrituals.lt\/"},{"@type":"ListItem","position":2,"name":"Parduotuv\u0117","item":"https:\/\/edenrituals.lt\/parduotuve\/"},{"@type":"ListItem","position":3,"name":"DermEden stangrinantis kremas nuo strij\u0173"}]},{"@type":"WebSite","@id":"https:\/\/edenrituals.lt\/#website","url":"https:\/\/edenrituals.lt\/","name":"Eden Rituals","description":"every day. every moment","publisher":{"@id":"https:\/\/edenrituals.lt\/#organization"},"potentialAction":[{"@type":"SearchAction","target":{"@type":"EntryPoint","urlTemplate":"https:\/\/edenrituals.lt\/?s={search_term_string}"},"query-input":{"@type":"PropertyValueSpecification","valueRequired":true,"valueName":"search_term_string"}}],"inLanguage":"en-GB"},{"@type":"Organization","@id":"https:\/\/edenrituals.lt\/#organization","name":"Eden Rituals","url":"https:\/\/edenrituals.lt\/","logo":{"@type":"ImageObject","inLanguage":"en-GB","@id":"https:\/\/edenrituals.lt\/#\/schema\/logo\/image\/","url":"https:\/\/edenrituals.lt\/wp-content\/uploads\/2024\/08\/cosmetics-3.png","contentUrl":"https:\/\/edenrituals.lt\/wp-content\/uploads\/2024\/08\/cosmetics-3.png","width":689,"height":200,"caption":"Eden Rituals"},"image":{"@id":"https:\/\/edenrituals.lt\/#\/schema\/logo\/image\/"},"sameAs":["https:\/\/www.facebook.com\/profile.php?id=61567033621481#","https:\/\/www.instagram.com\/edenrituals\/"]}]}},"jetpack_sharing_enabled":true,"_links":{"self":[{"href":"https:\/\/edenrituals.lt\/en\/wp-json\/wp\/v2\/product\/21652","targetHints":{"allow":["GET"]}}],"collection":[{"href":"https:\/\/edenrituals.lt\/en\/wp-json\/wp\/v2\/product"}],"about":[{"href":"https:\/\/edenrituals.lt\/en\/wp-json\/wp\/v2\/types\/product"}],"replies":[{"embeddable":true,"href":"https:\/\/edenrituals.lt\/en\/wp-json\/wp\/v2\/comments?post=21652"}],"version-history":[{"count":3,"href":"https:\/\/edenrituals.lt\/en\/wp-json\/wp\/v2\/product\/21652\/revisions"}],"predecessor-version":[{"id":22053,"href":"https:\/\/edenrituals.lt\/en\/wp-json\/wp\/v2\/product\/21652\/revisions\/22053"}],"wp:featuredmedia":[{"embeddable":true,"href":"https:\/\/edenrituals.lt\/en\/wp-json\/wp\/v2\/media\/21595"}],"wp:attachment":[{"href":"https:\/\/edenrituals.lt\/en\/wp-json\/wp\/v2\/media?parent=21652"}],"wp:term":[{"taxonomy":"product_brand","embeddable":true,"href":"https:\/\/edenrituals.lt\/en\/wp-json\/wp\/v2\/product_brand?post=21652"},{"taxonomy":"product_cat","embeddable":true,"href":"https:\/\/edenrituals.lt\/en\/wp-json\/wp\/v2\/product_cat?post=21652"},{"taxonomy":"product_tag","embeddable":true,"href":"https:\/\/edenrituals.lt\/en\/wp-json\/wp\/v2\/product_tag?post=21652"}],"curies":[{"name":"wp","href":"https:\/\/api.w.org\/{rel}","templated":true}]}}