{"id":21651,"date":"2024-11-06T22:21:44","date_gmt":"2024-11-06T20:21:44","guid":{"rendered":"https:\/\/edenrituals.lt\/product\/dermeden-drekinantis-ranku-kremas\/"},"modified":"2025-10-28T16:14:14","modified_gmt":"2025-10-28T14:14:14","slug":"dermeden-drekinantis-ranku-kremas","status":"publish","type":"product","link":"https:\/\/edenrituals.lt\/en\/product\/dermeden-drekinantis-ranku-kremas\/","title":{"rendered":"DERMEDEN moisturising hand cream"},"content":{"rendered":"<p><strong>Hands are exposed to a lot on a daily basis - cold, water, soap or sun can dry them out quickly. DERMEDEN Moisturising Hand Cream helps restore softness, protects against the signs of ageing and moisturises throughout the day.<\/strong><\/p>\n<p>The formula contains niacinamide, dioic and hyaluronic acids to moisturise, brighten and help reduce pigment spots. Zinc and Chlorhexidine are antibacterial, keeping hands clean and conditioned.<\/p>\n<p><strong>Clinical trials after 28 days of use found:<\/strong><br \/>\n- 100 % Improved skin hydration.<br \/>\n- 95 % better protection against external influences.<br \/>\n- 73 % reduced appearance of dark spots.<\/p>\n<p><strong>How to use?<\/strong><br \/>\nApply several times a day, especially after hand washing. Massage the cream into the skin, paying particular attention to dry areas.<\/p>\n<p><strong>Result:<\/strong><br \/>\nThe skin on the hands becomes soft, smooth and moisturised. It remains supple and protected against dryness.<\/p>\n<p><strong>Key ingredients:<\/strong><br \/>\nNiacinamide - brightens and restores skin tone.<br \/>\nHyaluronic acid - intensive hydration.<br \/>\nZinc - protects against bacteria and irritation.<\/p>\n<p><strong>Composition:<\/strong><br \/>\nAqua, Coco Caprylate Caprate, Gluconolactone, Dimethicone And Dimethicone\/Vinyl Dimethicone Crosspolymer, Silica, Cetearyl Olivate, Sorbitan Olivate, Sodium Hydroxyde, Glyceryl Stearate SE, Cetearyl Alcohol, Hydrolysed Hyaluronic Acid, Sodium Hyaluronate, Tocopheryl Acetate, Ethylhexylglycerin, Ammonium Acryloyldimethyltaurate\/VP Copolymer, Chlorphenesin, Xanthan Gum.<\/p>\n<p><strong>Capacity<\/strong>: 50 ml<br \/>\n<strong>Manufacturer<\/strong>: DERMEDEN<br \/>\n<strong>Country of origin<\/strong>: France<\/p>","protected":false},"excerpt":{"rendered":"<p><strong>A cream that pampers your hands and protects their softness.<\/strong><\/p>\n<p><strong>Why try DERMEDEN Moisturising Hand Cream?<\/strong><br \/>\n- Moisturises and softens dry hand skin.<br \/>\n- Helps reduce pigment spots.<br \/>\n- Prevents signs of ageing.<br \/>\n- Provides antibacterial protection.<br \/>\n- Leaves skin soft and smooth.<\/p>","protected":false},"featured_media":21593,"comment_status":"open","ping_status":"closed","template":"","meta":[],"product_brand":[149],"product_cat":[147],"product_tag":[],"class_list":{"0":"post-21651","1":"product","2":"type-product","3":"status-publish","4":"has-post-thumbnail","6":"product_brand-dermeden","7":"product_cat-veido-kosmetika","9":"first","10":"instock","11":"shipping-taxable","12":"purchasable","13":"product-type-simple"},"yoast_head":"<!-- This site is optimized with the Yoast SEO plugin v25.9 - https:\/\/yoast.com\/wordpress\/plugins\/seo\/ -->\n<title>DERMEDEN dr\u0117kinamasis rank\u0173 kremas - Eden Rituals<\/title>\n<meta name=\"description\" content=\"Rankos kasdien patiria daug. DERMEDEN dr\u0117kinamasis rank\u0173 kremas padeda atkurti \u0161velnum\u0105, saugo nuo sen\u0117jimo po\u017eymi\u0173 ir dr\u0117kina vis\u0105 dien\u0105.\" \/>\n<meta name=\"robots\" content=\"index, follow, max-snippet:-1, max-image-preview:large, max-video-preview:-1\" \/>\n<link rel=\"canonical\" href=\"https:\/\/edenrituals.lt\/en\/product\/dermeden-drekinantis-ranku-kremas\/\" \/>\n<meta property=\"og:locale\" content=\"en_GB\" \/>\n<meta property=\"og:type\" content=\"article\" \/>\n<meta property=\"og:title\" content=\"DERMEDEN dr\u0117kinamasis rank\u0173 kremas - Eden Rituals\" \/>\n<meta property=\"og:description\" content=\"Rankos kasdien patiria daug. DERMEDEN dr\u0117kinamasis rank\u0173 kremas padeda atkurti \u0161velnum\u0105, saugo nuo sen\u0117jimo po\u017eymi\u0173 ir dr\u0117kina vis\u0105 dien\u0105.\" \/>\n<meta property=\"og:url\" content=\"https:\/\/edenrituals.lt\/en\/product\/dermeden-drekinantis-ranku-kremas\/\" \/>\n<meta property=\"og:site_name\" content=\"Eden Rituals\" \/>\n<meta property=\"article:publisher\" content=\"https:\/\/www.facebook.com\/profile.php?id=61567033621481#\" \/>\n<meta property=\"article:modified_time\" content=\"2025-10-28T14:14:14+00:00\" \/>\n<meta property=\"og:image\" content=\"https:\/\/edenrituals.lt\/wp-content\/uploads\/2024\/11\/DermEden-Drekinantis-ranku-kremas-misija-oda.png\" \/>\n\t<meta property=\"og:image:width\" content=\"533\" \/>\n\t<meta property=\"og:image:height\" content=\"533\" \/>\n\t<meta property=\"og:image:type\" content=\"image\/png\" \/>\n<meta name=\"twitter:card\" content=\"summary_large_image\" \/>\n<meta name=\"twitter:label1\" content=\"Estimated reading time\" \/>\n\t<meta name=\"twitter:data1\" content=\"2 minutes\" \/>\n<script type=\"application\/ld+json\" class=\"yoast-schema-graph\">{\"@context\":\"https:\/\/schema.org\",\"@graph\":[{\"@type\":\"WebPage\",\"@id\":\"https:\/\/edenrituals.lt\/product\/dermeden-drekinantis-ranku-kremas\/\",\"url\":\"https:\/\/edenrituals.lt\/product\/dermeden-drekinantis-ranku-kremas\/\",\"name\":\"DERMEDEN dr\u0117kinamasis rank\u0173 kremas - Eden Rituals\",\"isPartOf\":{\"@id\":\"https:\/\/edenrituals.lt\/#website\"},\"primaryImageOfPage\":{\"@id\":\"https:\/\/edenrituals.lt\/product\/dermeden-drekinantis-ranku-kremas\/#primaryimage\"},\"image\":{\"@id\":\"https:\/\/edenrituals.lt\/product\/dermeden-drekinantis-ranku-kremas\/#primaryimage\"},\"thumbnailUrl\":\"https:\/\/edenrituals.lt\/wp-content\/uploads\/2024\/11\/DermEden-Drekinantis-ranku-kremas-misija-oda.png\",\"datePublished\":\"2024-11-06T20:21:44+00:00\",\"dateModified\":\"2025-10-28T14:14:14+00:00\",\"description\":\"Rankos kasdien patiria daug. DERMEDEN dr\u0117kinamasis rank\u0173 kremas padeda atkurti \u0161velnum\u0105, saugo nuo sen\u0117jimo po\u017eymi\u0173 ir dr\u0117kina vis\u0105 dien\u0105.\",\"breadcrumb\":{\"@id\":\"https:\/\/edenrituals.lt\/product\/dermeden-drekinantis-ranku-kremas\/#breadcrumb\"},\"inLanguage\":\"en-GB\",\"potentialAction\":[{\"@type\":\"ReadAction\",\"target\":[\"https:\/\/edenrituals.lt\/product\/dermeden-drekinantis-ranku-kremas\/\"]}]},{\"@type\":\"ImageObject\",\"inLanguage\":\"en-GB\",\"@id\":\"https:\/\/edenrituals.lt\/product\/dermeden-drekinantis-ranku-kremas\/#primaryimage\",\"url\":\"https:\/\/edenrituals.lt\/wp-content\/uploads\/2024\/11\/DermEden-Drekinantis-ranku-kremas-misija-oda.png\",\"contentUrl\":\"https:\/\/edenrituals.lt\/wp-content\/uploads\/2024\/11\/DermEden-Drekinantis-ranku-kremas-misija-oda.png\",\"width\":533,\"height\":533,\"caption\":\"DERMEDEN dr\u0117kinamasis rank\u0173 kremas\"},{\"@type\":\"BreadcrumbList\",\"@id\":\"https:\/\/edenrituals.lt\/product\/dermeden-drekinantis-ranku-kremas\/#breadcrumb\",\"itemListElement\":[{\"@type\":\"ListItem\",\"position\":1,\"name\":\"Home\",\"item\":\"https:\/\/edenrituals.lt\/\"},{\"@type\":\"ListItem\",\"position\":2,\"name\":\"Parduotuv\u0117\",\"item\":\"https:\/\/edenrituals.lt\/parduotuve\/\"},{\"@type\":\"ListItem\",\"position\":3,\"name\":\"DERMEDEN dr\u0117kinamasis rank\u0173 kremas\"}]},{\"@type\":\"WebSite\",\"@id\":\"https:\/\/edenrituals.lt\/#website\",\"url\":\"https:\/\/edenrituals.lt\/\",\"name\":\"Eden Rituals\",\"description\":\"every day. every moment\",\"publisher\":{\"@id\":\"https:\/\/edenrituals.lt\/#organization\"},\"potentialAction\":[{\"@type\":\"SearchAction\",\"target\":{\"@type\":\"EntryPoint\",\"urlTemplate\":\"https:\/\/edenrituals.lt\/?s={search_term_string}\"},\"query-input\":{\"@type\":\"PropertyValueSpecification\",\"valueRequired\":true,\"valueName\":\"search_term_string\"}}],\"inLanguage\":\"en-GB\"},{\"@type\":\"Organization\",\"@id\":\"https:\/\/edenrituals.lt\/#organization\",\"name\":\"Eden Rituals\",\"url\":\"https:\/\/edenrituals.lt\/\",\"logo\":{\"@type\":\"ImageObject\",\"inLanguage\":\"en-GB\",\"@id\":\"https:\/\/edenrituals.lt\/#\/schema\/logo\/image\/\",\"url\":\"https:\/\/edenrituals.lt\/wp-content\/uploads\/2024\/08\/cosmetics-3.png\",\"contentUrl\":\"https:\/\/edenrituals.lt\/wp-content\/uploads\/2024\/08\/cosmetics-3.png\",\"width\":689,\"height\":200,\"caption\":\"Eden Rituals\"},\"image\":{\"@id\":\"https:\/\/edenrituals.lt\/#\/schema\/logo\/image\/\"},\"sameAs\":[\"https:\/\/www.facebook.com\/profile.php?id=61567033621481#\",\"https:\/\/www.instagram.com\/edenrituals\/\"]}]}<\/script>\n<!-- \/ Yoast SEO plugin. -->","yoast_head_json":{"title":"DERMEDEN dr\u0117kinamasis rank\u0173 kremas - Eden Rituals","description":"Rankos kasdien patiria daug. DERMEDEN dr\u0117kinamasis rank\u0173 kremas padeda atkurti \u0161velnum\u0105, saugo nuo sen\u0117jimo po\u017eymi\u0173 ir dr\u0117kina vis\u0105 dien\u0105.","robots":{"index":"index","follow":"follow","max-snippet":"max-snippet:-1","max-image-preview":"max-image-preview:large","max-video-preview":"max-video-preview:-1"},"canonical":"https:\/\/edenrituals.lt\/en\/product\/dermeden-drekinantis-ranku-kremas\/","og_locale":"en_GB","og_type":"article","og_title":"DERMEDEN dr\u0117kinamasis rank\u0173 kremas - Eden Rituals","og_description":"Rankos kasdien patiria daug. DERMEDEN dr\u0117kinamasis rank\u0173 kremas padeda atkurti \u0161velnum\u0105, saugo nuo sen\u0117jimo po\u017eymi\u0173 ir dr\u0117kina vis\u0105 dien\u0105.","og_url":"https:\/\/edenrituals.lt\/en\/product\/dermeden-drekinantis-ranku-kremas\/","og_site_name":"Eden Rituals","article_publisher":"https:\/\/www.facebook.com\/profile.php?id=61567033621481#","article_modified_time":"2025-10-28T14:14:14+00:00","og_image":[{"width":533,"height":533,"url":"https:\/\/edenrituals.lt\/wp-content\/uploads\/2024\/11\/DermEden-Drekinantis-ranku-kremas-misija-oda.png","type":"image\/png"}],"twitter_card":"summary_large_image","twitter_misc":{"Estimated reading time":"2 minutes"},"schema":{"@context":"https:\/\/schema.org","@graph":[{"@type":"WebPage","@id":"https:\/\/edenrituals.lt\/product\/dermeden-drekinantis-ranku-kremas\/","url":"https:\/\/edenrituals.lt\/product\/dermeden-drekinantis-ranku-kremas\/","name":"DERMEDEN dr\u0117kinamasis rank\u0173 kremas - Eden Rituals","isPartOf":{"@id":"https:\/\/edenrituals.lt\/#website"},"primaryImageOfPage":{"@id":"https:\/\/edenrituals.lt\/product\/dermeden-drekinantis-ranku-kremas\/#primaryimage"},"image":{"@id":"https:\/\/edenrituals.lt\/product\/dermeden-drekinantis-ranku-kremas\/#primaryimage"},"thumbnailUrl":"https:\/\/edenrituals.lt\/wp-content\/uploads\/2024\/11\/DermEden-Drekinantis-ranku-kremas-misija-oda.png","datePublished":"2024-11-06T20:21:44+00:00","dateModified":"2025-10-28T14:14:14+00:00","description":"Rankos kasdien patiria daug. DERMEDEN dr\u0117kinamasis rank\u0173 kremas padeda atkurti \u0161velnum\u0105, saugo nuo sen\u0117jimo po\u017eymi\u0173 ir dr\u0117kina vis\u0105 dien\u0105.","breadcrumb":{"@id":"https:\/\/edenrituals.lt\/product\/dermeden-drekinantis-ranku-kremas\/#breadcrumb"},"inLanguage":"en-GB","potentialAction":[{"@type":"ReadAction","target":["https:\/\/edenrituals.lt\/product\/dermeden-drekinantis-ranku-kremas\/"]}]},{"@type":"ImageObject","inLanguage":"en-GB","@id":"https:\/\/edenrituals.lt\/product\/dermeden-drekinantis-ranku-kremas\/#primaryimage","url":"https:\/\/edenrituals.lt\/wp-content\/uploads\/2024\/11\/DermEden-Drekinantis-ranku-kremas-misija-oda.png","contentUrl":"https:\/\/edenrituals.lt\/wp-content\/uploads\/2024\/11\/DermEden-Drekinantis-ranku-kremas-misija-oda.png","width":533,"height":533,"caption":"DERMEDEN dr\u0117kinamasis rank\u0173 kremas"},{"@type":"BreadcrumbList","@id":"https:\/\/edenrituals.lt\/product\/dermeden-drekinantis-ranku-kremas\/#breadcrumb","itemListElement":[{"@type":"ListItem","position":1,"name":"Home","item":"https:\/\/edenrituals.lt\/"},{"@type":"ListItem","position":2,"name":"Parduotuv\u0117","item":"https:\/\/edenrituals.lt\/parduotuve\/"},{"@type":"ListItem","position":3,"name":"DERMEDEN dr\u0117kinamasis rank\u0173 kremas"}]},{"@type":"WebSite","@id":"https:\/\/edenrituals.lt\/#website","url":"https:\/\/edenrituals.lt\/","name":"Eden Rituals","description":"every day. every moment","publisher":{"@id":"https:\/\/edenrituals.lt\/#organization"},"potentialAction":[{"@type":"SearchAction","target":{"@type":"EntryPoint","urlTemplate":"https:\/\/edenrituals.lt\/?s={search_term_string}"},"query-input":{"@type":"PropertyValueSpecification","valueRequired":true,"valueName":"search_term_string"}}],"inLanguage":"en-GB"},{"@type":"Organization","@id":"https:\/\/edenrituals.lt\/#organization","name":"Eden Rituals","url":"https:\/\/edenrituals.lt\/","logo":{"@type":"ImageObject","inLanguage":"en-GB","@id":"https:\/\/edenrituals.lt\/#\/schema\/logo\/image\/","url":"https:\/\/edenrituals.lt\/wp-content\/uploads\/2024\/08\/cosmetics-3.png","contentUrl":"https:\/\/edenrituals.lt\/wp-content\/uploads\/2024\/08\/cosmetics-3.png","width":689,"height":200,"caption":"Eden Rituals"},"image":{"@id":"https:\/\/edenrituals.lt\/#\/schema\/logo\/image\/"},"sameAs":["https:\/\/www.facebook.com\/profile.php?id=61567033621481#","https:\/\/www.instagram.com\/edenrituals\/"]}]}},"jetpack_sharing_enabled":true,"_links":{"self":[{"href":"https:\/\/edenrituals.lt\/en\/wp-json\/wp\/v2\/product\/21651","targetHints":{"allow":["GET"]}}],"collection":[{"href":"https:\/\/edenrituals.lt\/en\/wp-json\/wp\/v2\/product"}],"about":[{"href":"https:\/\/edenrituals.lt\/en\/wp-json\/wp\/v2\/types\/product"}],"replies":[{"embeddable":true,"href":"https:\/\/edenrituals.lt\/en\/wp-json\/wp\/v2\/comments?post=21651"}],"version-history":[{"count":2,"href":"https:\/\/edenrituals.lt\/en\/wp-json\/wp\/v2\/product\/21651\/revisions"}],"predecessor-version":[{"id":22063,"href":"https:\/\/edenrituals.lt\/en\/wp-json\/wp\/v2\/product\/21651\/revisions\/22063"}],"wp:featuredmedia":[{"embeddable":true,"href":"https:\/\/edenrituals.lt\/en\/wp-json\/wp\/v2\/media\/21593"}],"wp:attachment":[{"href":"https:\/\/edenrituals.lt\/en\/wp-json\/wp\/v2\/media?parent=21651"}],"wp:term":[{"taxonomy":"product_brand","embeddable":true,"href":"https:\/\/edenrituals.lt\/en\/wp-json\/wp\/v2\/product_brand?post=21651"},{"taxonomy":"product_cat","embeddable":true,"href":"https:\/\/edenrituals.lt\/en\/wp-json\/wp\/v2\/product_cat?post=21651"},{"taxonomy":"product_tag","embeddable":true,"href":"https:\/\/edenrituals.lt\/en\/wp-json\/wp\/v2\/product_tag?post=21651"}],"curies":[{"name":"wp","href":"https:\/\/api.w.org\/{rel}","templated":true}]}}