{"id":21649,"date":"2024-11-06T22:21:44","date_gmt":"2024-11-06T20:21:44","guid":{"rendered":"https:\/\/edenrituals.lt\/product\/dermeden-glikolio-rugstinis-pilingas-namuose-veidui\/"},"modified":"2025-10-28T16:07:17","modified_gmt":"2025-10-28T14:07:17","slug":"dermeden-glikolio-rugstinis-pilingas-namuose-veidui","status":"publish","type":"product","link":"https:\/\/edenrituals.lt\/en\/product\/dermeden-glikolio-rugstinis-pilingas-namuose-veidui\/","title":{"rendered":"DERMEDEN facial scrub with glycolic acid"},"content":{"rendered":"<p><strong>This two-step DERMEDEN Facial Scrub with Glycolic Acid gently but effectively renews the skin, reduces pigment spots, smoothes wrinkles and adds radiance. The encapsulated glycolic acid is released gradually, making the treatment suitable even for sensitive skin.<\/strong><\/p>\n<p><strong>In clinical trials at 28 days:<\/strong><br \/>\n- In 100 % participants, a decrease in melanin in pigmented areas was detected.<br \/>\n- 88 % noticed clearer and smoother skin.<br \/>\n- The depth of the wrinkles decreased to 56 % and the pair to 73 %.<br \/>\n- Skin regeneration was accelerated by 5 days.<\/p>\n<p><strong>Step 1: PRE-PEEL - skin preparation<\/strong><br \/>\nIt exfoliates, removes excess sebum, gently exfoliates and gradually lowers the skin's pH for an even and effective peeling action.<br \/>\nMain ingredients: 0.2 % encapsulated glycolic acid, 4 % decylglucoside, 1.5 % glycerin, 0.5 % provitamin B5.<\/p>\n<p><strong>Step 2: PEEL - deep skin renewal<\/strong><br \/>\nActive phase with 20 % encapsulated glycolic acid. The slow-release acid stimulates cell renewal, brightens and smooths the skin.<\/p>\n<p><strong>How to use?<\/strong><br \/>\nUse 1-2 times a week.<br \/>\n1\ufe0f\u20e3 PRE-PEEL: apply to a cotton pad and spread evenly over dry skin. Do not rinse.<br \/>\n2\ufe0f\u20e3 After 1 minute, continue with the PEEL - spread over the face (avoiding the eye and mucous membrane area).<\/p>\n<p>Store as needed:<br \/>\n- Lack of shine - 1 coat \/ 5 min.<br \/>\n- Visible wrinkles - 1 layer \/ 10 min.<br \/>\n- Hyperpigmentation - 2 layers \/ 10 min.<br \/>\n- Acne - 3 layers \/ 10 min.<\/p>\n<p>Rinse with water after the treatment. A slight tingling sensation is normal.<br \/>\nUse SPF 50 for at least 3 days after the treatment.<\/p>\n<p><strong>Result<\/strong><br \/>\nThe skin becomes smoother, brighter and more radiant. The peeling gives the effect of a professional treatment.<\/p>\n<p><strong>Key ingredients:<\/strong><br \/>\nEncapsulated glycolic acid - gently exfoliates and brightens.<br \/>\nProvitamin B5 - soothes and moisturises.<br \/>\nGlycerin - maintains moisture balance.<\/p>\n<p><strong>Capacity<\/strong>: 2\u00d730 ml<br \/>\n<strong>Manufacturer<\/strong>: DERMEDEN<br \/>\n<strong>Country of origin<\/strong>: France<\/p>","protected":false},"excerpt":{"rendered":"<p><strong>Professional results - without a visit to a beautician.<\/strong><\/p>\n<p><strong>Why try DERMEDEN Facial Scrub with Glycolic Acid?<\/strong><br \/>\n- Reduces pigment spots and uneven skin tone.<br \/>\n- Brightens and revitalises the complexion.<br \/>\n- Smoothes wrinkles, improves skin texture.<br \/>\n- Helps reduce pore size.<br \/>\n- Suitable even for sensitive skin.<\/p>","protected":false},"featured_media":21589,"comment_status":"open","ping_status":"closed","template":"","meta":[],"product_brand":[149],"product_cat":[147],"product_tag":[],"class_list":{"0":"post-21649","1":"product","2":"type-product","3":"status-publish","4":"has-post-thumbnail","6":"product_brand-dermeden","7":"product_cat-veido-kosmetika","9":"first","10":"instock","11":"shipping-taxable","12":"purchasable","13":"product-type-simple"},"yoast_head":"<!-- This site is optimized with the Yoast SEO plugin v25.9 - https:\/\/yoast.com\/wordpress\/plugins\/seo\/ -->\n<title>DERMEDEN veido \u0161veitiklis su glikolio r\u016bg\u0161timi - Eden Rituals<\/title>\n<meta name=\"description\" content=\"\u0160is dviej\u0173 \u017eingsni\u0173 DERMEDEN veido \u0161veitiklis su glikolio r\u016bg\u0161timi \u0161velniai, bet veiksmingai atnaujina od\u0105, ma\u017eina pigmentines d\u0117mes, lygina rauk\u0161leles.\" \/>\n<meta name=\"robots\" content=\"index, follow, max-snippet:-1, max-image-preview:large, max-video-preview:-1\" \/>\n<link rel=\"canonical\" href=\"https:\/\/edenrituals.lt\/en\/product\/dermeden-glikolio-rugstinis-pilingas-namuose-veidui\/\" \/>\n<meta property=\"og:locale\" content=\"en_GB\" \/>\n<meta property=\"og:type\" content=\"article\" \/>\n<meta property=\"og:title\" content=\"DERMEDEN veido \u0161veitiklis su glikolio r\u016bg\u0161timi - Eden Rituals\" \/>\n<meta property=\"og:description\" content=\"\u0160is dviej\u0173 \u017eingsni\u0173 DERMEDEN veido \u0161veitiklis su glikolio r\u016bg\u0161timi \u0161velniai, bet veiksmingai atnaujina od\u0105, ma\u017eina pigmentines d\u0117mes, lygina rauk\u0161leles.\" \/>\n<meta property=\"og:url\" content=\"https:\/\/edenrituals.lt\/en\/product\/dermeden-glikolio-rugstinis-pilingas-namuose-veidui\/\" \/>\n<meta property=\"og:site_name\" content=\"Eden Rituals\" \/>\n<meta property=\"article:publisher\" content=\"https:\/\/www.facebook.com\/profile.php?id=61567033621481#\" \/>\n<meta property=\"article:modified_time\" content=\"2025-10-28T14:07:17+00:00\" \/>\n<meta property=\"og:image\" content=\"https:\/\/edenrituals.lt\/wp-content\/uploads\/2024\/11\/DERMEDEN-Glikolio-rugstinis-pilingas-namuose-veidui-MISIJA-ODA.png\" \/>\n\t<meta property=\"og:image:width\" content=\"533\" \/>\n\t<meta property=\"og:image:height\" content=\"533\" \/>\n\t<meta property=\"og:image:type\" content=\"image\/png\" \/>\n<meta name=\"twitter:card\" content=\"summary_large_image\" \/>\n<meta name=\"twitter:label1\" content=\"Estimated reading time\" \/>\n\t<meta name=\"twitter:data1\" content=\"2 minutes\" \/>\n<script type=\"application\/ld+json\" class=\"yoast-schema-graph\">{\"@context\":\"https:\/\/schema.org\",\"@graph\":[{\"@type\":\"WebPage\",\"@id\":\"https:\/\/edenrituals.lt\/product\/dermeden-glikolio-rugstinis-pilingas-namuose-veidui\/\",\"url\":\"https:\/\/edenrituals.lt\/product\/dermeden-glikolio-rugstinis-pilingas-namuose-veidui\/\",\"name\":\"DERMEDEN veido \u0161veitiklis su glikolio r\u016bg\u0161timi - Eden Rituals\",\"isPartOf\":{\"@id\":\"https:\/\/edenrituals.lt\/#website\"},\"primaryImageOfPage\":{\"@id\":\"https:\/\/edenrituals.lt\/product\/dermeden-glikolio-rugstinis-pilingas-namuose-veidui\/#primaryimage\"},\"image\":{\"@id\":\"https:\/\/edenrituals.lt\/product\/dermeden-glikolio-rugstinis-pilingas-namuose-veidui\/#primaryimage\"},\"thumbnailUrl\":\"https:\/\/edenrituals.lt\/wp-content\/uploads\/2024\/11\/DERMEDEN-Glikolio-rugstinis-pilingas-namuose-veidui-MISIJA-ODA.png\",\"datePublished\":\"2024-11-06T20:21:44+00:00\",\"dateModified\":\"2025-10-28T14:07:17+00:00\",\"description\":\"\u0160is dviej\u0173 \u017eingsni\u0173 DERMEDEN veido \u0161veitiklis su glikolio r\u016bg\u0161timi \u0161velniai, bet veiksmingai atnaujina od\u0105, ma\u017eina pigmentines d\u0117mes, lygina rauk\u0161leles.\",\"breadcrumb\":{\"@id\":\"https:\/\/edenrituals.lt\/product\/dermeden-glikolio-rugstinis-pilingas-namuose-veidui\/#breadcrumb\"},\"inLanguage\":\"en-GB\",\"potentialAction\":[{\"@type\":\"ReadAction\",\"target\":[\"https:\/\/edenrituals.lt\/product\/dermeden-glikolio-rugstinis-pilingas-namuose-veidui\/\"]}]},{\"@type\":\"ImageObject\",\"inLanguage\":\"en-GB\",\"@id\":\"https:\/\/edenrituals.lt\/product\/dermeden-glikolio-rugstinis-pilingas-namuose-veidui\/#primaryimage\",\"url\":\"https:\/\/edenrituals.lt\/wp-content\/uploads\/2024\/11\/DERMEDEN-Glikolio-rugstinis-pilingas-namuose-veidui-MISIJA-ODA.png\",\"contentUrl\":\"https:\/\/edenrituals.lt\/wp-content\/uploads\/2024\/11\/DERMEDEN-Glikolio-rugstinis-pilingas-namuose-veidui-MISIJA-ODA.png\",\"width\":533,\"height\":533},{\"@type\":\"BreadcrumbList\",\"@id\":\"https:\/\/edenrituals.lt\/product\/dermeden-glikolio-rugstinis-pilingas-namuose-veidui\/#breadcrumb\",\"itemListElement\":[{\"@type\":\"ListItem\",\"position\":1,\"name\":\"Home\",\"item\":\"https:\/\/edenrituals.lt\/\"},{\"@type\":\"ListItem\",\"position\":2,\"name\":\"Parduotuv\u0117\",\"item\":\"https:\/\/edenrituals.lt\/parduotuve\/\"},{\"@type\":\"ListItem\",\"position\":3,\"name\":\"DERMEDEN veido \u0161veitiklis su glikolio r\u016bg\u0161timi\"}]},{\"@type\":\"WebSite\",\"@id\":\"https:\/\/edenrituals.lt\/#website\",\"url\":\"https:\/\/edenrituals.lt\/\",\"name\":\"Eden Rituals\",\"description\":\"every day. every moment\",\"publisher\":{\"@id\":\"https:\/\/edenrituals.lt\/#organization\"},\"potentialAction\":[{\"@type\":\"SearchAction\",\"target\":{\"@type\":\"EntryPoint\",\"urlTemplate\":\"https:\/\/edenrituals.lt\/?s={search_term_string}\"},\"query-input\":{\"@type\":\"PropertyValueSpecification\",\"valueRequired\":true,\"valueName\":\"search_term_string\"}}],\"inLanguage\":\"en-GB\"},{\"@type\":\"Organization\",\"@id\":\"https:\/\/edenrituals.lt\/#organization\",\"name\":\"Eden Rituals\",\"url\":\"https:\/\/edenrituals.lt\/\",\"logo\":{\"@type\":\"ImageObject\",\"inLanguage\":\"en-GB\",\"@id\":\"https:\/\/edenrituals.lt\/#\/schema\/logo\/image\/\",\"url\":\"https:\/\/edenrituals.lt\/wp-content\/uploads\/2024\/08\/cosmetics-3.png\",\"contentUrl\":\"https:\/\/edenrituals.lt\/wp-content\/uploads\/2024\/08\/cosmetics-3.png\",\"width\":689,\"height\":200,\"caption\":\"Eden Rituals\"},\"image\":{\"@id\":\"https:\/\/edenrituals.lt\/#\/schema\/logo\/image\/\"},\"sameAs\":[\"https:\/\/www.facebook.com\/profile.php?id=61567033621481#\",\"https:\/\/www.instagram.com\/edenrituals\/\"]}]}<\/script>\n<!-- \/ Yoast SEO plugin. -->","yoast_head_json":{"title":"DERMEDEN veido \u0161veitiklis su glikolio r\u016bg\u0161timi - Eden Rituals","description":"\u0160is dviej\u0173 \u017eingsni\u0173 DERMEDEN veido \u0161veitiklis su glikolio r\u016bg\u0161timi \u0161velniai, bet veiksmingai atnaujina od\u0105, ma\u017eina pigmentines d\u0117mes, lygina rauk\u0161leles.","robots":{"index":"index","follow":"follow","max-snippet":"max-snippet:-1","max-image-preview":"max-image-preview:large","max-video-preview":"max-video-preview:-1"},"canonical":"https:\/\/edenrituals.lt\/en\/product\/dermeden-glikolio-rugstinis-pilingas-namuose-veidui\/","og_locale":"en_GB","og_type":"article","og_title":"DERMEDEN veido \u0161veitiklis su glikolio r\u016bg\u0161timi - Eden Rituals","og_description":"\u0160is dviej\u0173 \u017eingsni\u0173 DERMEDEN veido \u0161veitiklis su glikolio r\u016bg\u0161timi \u0161velniai, bet veiksmingai atnaujina od\u0105, ma\u017eina pigmentines d\u0117mes, lygina rauk\u0161leles.","og_url":"https:\/\/edenrituals.lt\/en\/product\/dermeden-glikolio-rugstinis-pilingas-namuose-veidui\/","og_site_name":"Eden Rituals","article_publisher":"https:\/\/www.facebook.com\/profile.php?id=61567033621481#","article_modified_time":"2025-10-28T14:07:17+00:00","og_image":[{"width":533,"height":533,"url":"https:\/\/edenrituals.lt\/wp-content\/uploads\/2024\/11\/DERMEDEN-Glikolio-rugstinis-pilingas-namuose-veidui-MISIJA-ODA.png","type":"image\/png"}],"twitter_card":"summary_large_image","twitter_misc":{"Estimated reading time":"2 minutes"},"schema":{"@context":"https:\/\/schema.org","@graph":[{"@type":"WebPage","@id":"https:\/\/edenrituals.lt\/product\/dermeden-glikolio-rugstinis-pilingas-namuose-veidui\/","url":"https:\/\/edenrituals.lt\/product\/dermeden-glikolio-rugstinis-pilingas-namuose-veidui\/","name":"DERMEDEN veido \u0161veitiklis su glikolio r\u016bg\u0161timi - Eden Rituals","isPartOf":{"@id":"https:\/\/edenrituals.lt\/#website"},"primaryImageOfPage":{"@id":"https:\/\/edenrituals.lt\/product\/dermeden-glikolio-rugstinis-pilingas-namuose-veidui\/#primaryimage"},"image":{"@id":"https:\/\/edenrituals.lt\/product\/dermeden-glikolio-rugstinis-pilingas-namuose-veidui\/#primaryimage"},"thumbnailUrl":"https:\/\/edenrituals.lt\/wp-content\/uploads\/2024\/11\/DERMEDEN-Glikolio-rugstinis-pilingas-namuose-veidui-MISIJA-ODA.png","datePublished":"2024-11-06T20:21:44+00:00","dateModified":"2025-10-28T14:07:17+00:00","description":"\u0160is dviej\u0173 \u017eingsni\u0173 DERMEDEN veido \u0161veitiklis su glikolio r\u016bg\u0161timi \u0161velniai, bet veiksmingai atnaujina od\u0105, ma\u017eina pigmentines d\u0117mes, lygina rauk\u0161leles.","breadcrumb":{"@id":"https:\/\/edenrituals.lt\/product\/dermeden-glikolio-rugstinis-pilingas-namuose-veidui\/#breadcrumb"},"inLanguage":"en-GB","potentialAction":[{"@type":"ReadAction","target":["https:\/\/edenrituals.lt\/product\/dermeden-glikolio-rugstinis-pilingas-namuose-veidui\/"]}]},{"@type":"ImageObject","inLanguage":"en-GB","@id":"https:\/\/edenrituals.lt\/product\/dermeden-glikolio-rugstinis-pilingas-namuose-veidui\/#primaryimage","url":"https:\/\/edenrituals.lt\/wp-content\/uploads\/2024\/11\/DERMEDEN-Glikolio-rugstinis-pilingas-namuose-veidui-MISIJA-ODA.png","contentUrl":"https:\/\/edenrituals.lt\/wp-content\/uploads\/2024\/11\/DERMEDEN-Glikolio-rugstinis-pilingas-namuose-veidui-MISIJA-ODA.png","width":533,"height":533},{"@type":"BreadcrumbList","@id":"https:\/\/edenrituals.lt\/product\/dermeden-glikolio-rugstinis-pilingas-namuose-veidui\/#breadcrumb","itemListElement":[{"@type":"ListItem","position":1,"name":"Home","item":"https:\/\/edenrituals.lt\/"},{"@type":"ListItem","position":2,"name":"Parduotuv\u0117","item":"https:\/\/edenrituals.lt\/parduotuve\/"},{"@type":"ListItem","position":3,"name":"DERMEDEN veido \u0161veitiklis su glikolio r\u016bg\u0161timi"}]},{"@type":"WebSite","@id":"https:\/\/edenrituals.lt\/#website","url":"https:\/\/edenrituals.lt\/","name":"Eden Rituals","description":"every day. every moment","publisher":{"@id":"https:\/\/edenrituals.lt\/#organization"},"potentialAction":[{"@type":"SearchAction","target":{"@type":"EntryPoint","urlTemplate":"https:\/\/edenrituals.lt\/?s={search_term_string}"},"query-input":{"@type":"PropertyValueSpecification","valueRequired":true,"valueName":"search_term_string"}}],"inLanguage":"en-GB"},{"@type":"Organization","@id":"https:\/\/edenrituals.lt\/#organization","name":"Eden Rituals","url":"https:\/\/edenrituals.lt\/","logo":{"@type":"ImageObject","inLanguage":"en-GB","@id":"https:\/\/edenrituals.lt\/#\/schema\/logo\/image\/","url":"https:\/\/edenrituals.lt\/wp-content\/uploads\/2024\/08\/cosmetics-3.png","contentUrl":"https:\/\/edenrituals.lt\/wp-content\/uploads\/2024\/08\/cosmetics-3.png","width":689,"height":200,"caption":"Eden Rituals"},"image":{"@id":"https:\/\/edenrituals.lt\/#\/schema\/logo\/image\/"},"sameAs":["https:\/\/www.facebook.com\/profile.php?id=61567033621481#","https:\/\/www.instagram.com\/edenrituals\/"]}]}},"jetpack_sharing_enabled":true,"_links":{"self":[{"href":"https:\/\/edenrituals.lt\/en\/wp-json\/wp\/v2\/product\/21649","targetHints":{"allow":["GET"]}}],"collection":[{"href":"https:\/\/edenrituals.lt\/en\/wp-json\/wp\/v2\/product"}],"about":[{"href":"https:\/\/edenrituals.lt\/en\/wp-json\/wp\/v2\/types\/product"}],"replies":[{"embeddable":true,"href":"https:\/\/edenrituals.lt\/en\/wp-json\/wp\/v2\/comments?post=21649"}],"version-history":[{"count":3,"href":"https:\/\/edenrituals.lt\/en\/wp-json\/wp\/v2\/product\/21649\/revisions"}],"predecessor-version":[{"id":22061,"href":"https:\/\/edenrituals.lt\/en\/wp-json\/wp\/v2\/product\/21649\/revisions\/22061"}],"wp:featuredmedia":[{"embeddable":true,"href":"https:\/\/edenrituals.lt\/en\/wp-json\/wp\/v2\/media\/21589"}],"wp:attachment":[{"href":"https:\/\/edenrituals.lt\/en\/wp-json\/wp\/v2\/media?parent=21649"}],"wp:term":[{"taxonomy":"product_brand","embeddable":true,"href":"https:\/\/edenrituals.lt\/en\/wp-json\/wp\/v2\/product_brand?post=21649"},{"taxonomy":"product_cat","embeddable":true,"href":"https:\/\/edenrituals.lt\/en\/wp-json\/wp\/v2\/product_cat?post=21649"},{"taxonomy":"product_tag","embeddable":true,"href":"https:\/\/edenrituals.lt\/en\/wp-json\/wp\/v2\/product_tag?post=21649"}],"curies":[{"name":"wp","href":"https:\/\/api.w.org\/{rel}","templated":true}]}}