{"id":21648,"date":"2024-11-06T22:21:44","date_gmt":"2024-11-06T20:21:44","guid":{"rendered":"https:\/\/edenrituals.lt\/product\/atkuriamasis-kremas-pazeistai-odai-cicaderm\/"},"modified":"2025-10-28T16:54:09","modified_gmt":"2025-10-28T14:54:09","slug":"atkuriamasis-kremas-pazeistai-odai-cicaderm","status":"publish","type":"product","link":"https:\/\/edenrituals.lt\/en\/product\/atkuriamasis-kremas-pazeistai-odai-cicaderm\/","title":{"rendered":"Repair cream for damaged skin CICADERM"},"content":{"rendered":"<p><strong>DERMEDEN Repair Cream for damaged skin soothes, moisturises and protects the skin when it needs help the most. Its lightweight, fast-absorbing texture is designed to help repair damaged, dry or irritated skin after a variety of treatments, environmental exposures or everyday irritants.<\/strong><\/p>\n<p>Developed in collaboration with dermatologists, the formula has anti-inflammatory, antibacterial and regenerative properties. The cream helps to restore the skin's barrier, reduce redness, dandruff or tightness, and helps fight hyperpigmentation after scarring or other lesions.<\/p>\n<p>Free from fragrances, parabens and alcohol - safe even for extremely sensitive skin.<\/p>\n<p><strong>Result:<\/strong><br \/>\nSoothed, moisturised and revitalised skin, restoring its protective barrier and even skin tone.<\/p>\n<p><strong>How to use?<\/strong><br \/>\nApply to clean, dry skin several times a day. You can also use it as a preparatory treatment 3-5 days before and after cosmetic procedures.<\/p>\n<p><strong>Key ingredients:<\/strong><br \/>\nArnica - soothing, anti-inflammatory.<br \/>\nMimosa - helps skin regeneration and healing.<br \/>\nHyaluronic acid - hydrates and restores elasticity.<br \/>\nZinc and chlorhexidine - antibacterial properties.<br \/>\nDioic acid - helps lighten pigmented spots and slows their appearance.<\/p>\n<p><strong>Composition:<\/strong><br \/>\nAqua (Water), Caprylic\/Capric Triglyceride, Butylene Glycol, Glycerin, Dimethicone, Cetearyl Alcohol, Propylene Glycol, Zinc Oxide, Polyglyceryl-3 Diisostearate, Octadecenedioic Acid, Hydroxyethyl Acrylate\/Sodium Acryloyldimethyl Taurate Copolymer, Glyceryl Stearate SE, PEG-100 Stearate, Chlorphenesin, Tocopheryl Acetate, Ceteareth-20, Mimosa Tenuiflora Bark Extract, Citric Acid, Sorbitan Isostearate, Polysorbate 60, Disodium EDTA, Chlorhexidine Digluconate, Arnica Montana Flower Extract, Sodium Hyaluronate, Tocopherol.<\/p>\n<p><strong>Capacity<\/strong>: 50 ml<br \/>\n<strong>Manufacturer<\/strong>: DERMEDEN<br \/>\n<strong>Country of origin<\/strong>: France<\/p>","protected":false},"excerpt":{"rendered":"<p><strong>A gentle touch to help the skin recover faster.<\/strong><\/p>\n<p><strong>Why try a repair cream for damaged skin?<\/strong><br \/>\n- Soothes the skin and reduces inflammation.<br \/>\n- Moisturises and helps repair damaged skin layers faster.<br \/>\n- Strongly moisturises and reduces the feeling of stretching<br \/>\n- Antibacterial and anti-inflammatory.<br \/>\n- Reduces the brightness of scars and pigmented spots.<br \/>\n- Restores the skin's natural protective barrier.<\/p>","protected":false},"featured_media":21587,"comment_status":"open","ping_status":"closed","template":"","meta":[],"product_brand":[149],"product_cat":[147],"product_tag":[],"class_list":{"0":"post-21648","1":"product","2":"type-product","3":"status-publish","4":"has-post-thumbnail","6":"product_brand-dermeden","7":"product_cat-veido-kosmetika","9":"first","10":"instock","11":"shipping-taxable","12":"purchasable","13":"product-type-simple"},"yoast_head":"<!-- This site is optimized with the Yoast SEO plugin v25.9 - https:\/\/yoast.com\/wordpress\/plugins\/seo\/ -->\n<title>Atkuriamasis kremas pa\u017eeistai odai CICADERM - Eden Rituals<\/title>\n<meta name=\"description\" content=\"DERMEDEN atkuriamasis kremas pa\u017eeistai odai ramina, dr\u0117kina ir saugo od\u0105. Be kvapikli\u0173, paraben\u0173 ir alkoholio \u2013 tod\u0117l saugus net itin jautriai odai.\" \/>\n<meta name=\"robots\" content=\"index, follow, max-snippet:-1, max-image-preview:large, max-video-preview:-1\" \/>\n<link rel=\"canonical\" href=\"https:\/\/edenrituals.lt\/en\/product\/atkuriamasis-kremas-pazeistai-odai-cicaderm\/\" \/>\n<meta property=\"og:locale\" content=\"en_GB\" \/>\n<meta property=\"og:type\" content=\"article\" \/>\n<meta property=\"og:title\" content=\"Atkuriamasis kremas pa\u017eeistai odai CICADERM - Eden Rituals\" \/>\n<meta property=\"og:description\" content=\"DERMEDEN atkuriamasis kremas pa\u017eeistai odai ramina, dr\u0117kina ir saugo od\u0105. Be kvapikli\u0173, paraben\u0173 ir alkoholio \u2013 tod\u0117l saugus net itin jautriai odai.\" \/>\n<meta property=\"og:url\" content=\"https:\/\/edenrituals.lt\/en\/product\/atkuriamasis-kremas-pazeistai-odai-cicaderm\/\" \/>\n<meta property=\"og:site_name\" content=\"Eden Rituals\" \/>\n<meta property=\"article:publisher\" content=\"https:\/\/www.facebook.com\/profile.php?id=61567033621481#\" \/>\n<meta property=\"article:modified_time\" content=\"2025-10-28T14:54:09+00:00\" \/>\n<meta property=\"og:image\" content=\"https:\/\/edenrituals.lt\/wp-content\/uploads\/2024\/11\/Atkuriamasis-kremas-pazeistai-odai-Dermeden-CICADERM-misija-oda.png\" \/>\n\t<meta property=\"og:image:width\" content=\"533\" \/>\n\t<meta property=\"og:image:height\" content=\"533\" \/>\n\t<meta property=\"og:image:type\" content=\"image\/png\" \/>\n<meta name=\"twitter:card\" content=\"summary_large_image\" \/>\n<meta name=\"twitter:label1\" content=\"Estimated reading time\" \/>\n\t<meta name=\"twitter:data1\" content=\"2 minutes\" \/>\n<script type=\"application\/ld+json\" class=\"yoast-schema-graph\">{\"@context\":\"https:\/\/schema.org\",\"@graph\":[{\"@type\":\"WebPage\",\"@id\":\"https:\/\/edenrituals.lt\/product\/atkuriamasis-kremas-pazeistai-odai-cicaderm\/\",\"url\":\"https:\/\/edenrituals.lt\/product\/atkuriamasis-kremas-pazeistai-odai-cicaderm\/\",\"name\":\"Atkuriamasis kremas pa\u017eeistai odai CICADERM - Eden Rituals\",\"isPartOf\":{\"@id\":\"https:\/\/edenrituals.lt\/#website\"},\"primaryImageOfPage\":{\"@id\":\"https:\/\/edenrituals.lt\/product\/atkuriamasis-kremas-pazeistai-odai-cicaderm\/#primaryimage\"},\"image\":{\"@id\":\"https:\/\/edenrituals.lt\/product\/atkuriamasis-kremas-pazeistai-odai-cicaderm\/#primaryimage\"},\"thumbnailUrl\":\"https:\/\/edenrituals.lt\/wp-content\/uploads\/2024\/11\/Atkuriamasis-kremas-pazeistai-odai-Dermeden-CICADERM-misija-oda.png\",\"datePublished\":\"2024-11-06T20:21:44+00:00\",\"dateModified\":\"2025-10-28T14:54:09+00:00\",\"description\":\"DERMEDEN atkuriamasis kremas pa\u017eeistai odai ramina, dr\u0117kina ir saugo od\u0105. Be kvapikli\u0173, paraben\u0173 ir alkoholio \u2013 tod\u0117l saugus net itin jautriai odai.\",\"breadcrumb\":{\"@id\":\"https:\/\/edenrituals.lt\/product\/atkuriamasis-kremas-pazeistai-odai-cicaderm\/#breadcrumb\"},\"inLanguage\":\"en-GB\",\"potentialAction\":[{\"@type\":\"ReadAction\",\"target\":[\"https:\/\/edenrituals.lt\/product\/atkuriamasis-kremas-pazeistai-odai-cicaderm\/\"]}]},{\"@type\":\"ImageObject\",\"inLanguage\":\"en-GB\",\"@id\":\"https:\/\/edenrituals.lt\/product\/atkuriamasis-kremas-pazeistai-odai-cicaderm\/#primaryimage\",\"url\":\"https:\/\/edenrituals.lt\/wp-content\/uploads\/2024\/11\/Atkuriamasis-kremas-pazeistai-odai-Dermeden-CICADERM-misija-oda.png\",\"contentUrl\":\"https:\/\/edenrituals.lt\/wp-content\/uploads\/2024\/11\/Atkuriamasis-kremas-pazeistai-odai-Dermeden-CICADERM-misija-oda.png\",\"width\":533,\"height\":533,\"caption\":\"Atkuriamasis kremas pa\u017eeistai odai CICADERM\"},{\"@type\":\"BreadcrumbList\",\"@id\":\"https:\/\/edenrituals.lt\/product\/atkuriamasis-kremas-pazeistai-odai-cicaderm\/#breadcrumb\",\"itemListElement\":[{\"@type\":\"ListItem\",\"position\":1,\"name\":\"Home\",\"item\":\"https:\/\/edenrituals.lt\/\"},{\"@type\":\"ListItem\",\"position\":2,\"name\":\"Parduotuv\u0117\",\"item\":\"https:\/\/edenrituals.lt\/parduotuve\/\"},{\"@type\":\"ListItem\",\"position\":3,\"name\":\"Atkuriamasis kremas pa\u017eeistai odai CICADERM\"}]},{\"@type\":\"WebSite\",\"@id\":\"https:\/\/edenrituals.lt\/#website\",\"url\":\"https:\/\/edenrituals.lt\/\",\"name\":\"Eden Rituals\",\"description\":\"every day. every moment\",\"publisher\":{\"@id\":\"https:\/\/edenrituals.lt\/#organization\"},\"potentialAction\":[{\"@type\":\"SearchAction\",\"target\":{\"@type\":\"EntryPoint\",\"urlTemplate\":\"https:\/\/edenrituals.lt\/?s={search_term_string}\"},\"query-input\":{\"@type\":\"PropertyValueSpecification\",\"valueRequired\":true,\"valueName\":\"search_term_string\"}}],\"inLanguage\":\"en-GB\"},{\"@type\":\"Organization\",\"@id\":\"https:\/\/edenrituals.lt\/#organization\",\"name\":\"Eden Rituals\",\"url\":\"https:\/\/edenrituals.lt\/\",\"logo\":{\"@type\":\"ImageObject\",\"inLanguage\":\"en-GB\",\"@id\":\"https:\/\/edenrituals.lt\/#\/schema\/logo\/image\/\",\"url\":\"https:\/\/edenrituals.lt\/wp-content\/uploads\/2024\/08\/cosmetics-3.png\",\"contentUrl\":\"https:\/\/edenrituals.lt\/wp-content\/uploads\/2024\/08\/cosmetics-3.png\",\"width\":689,\"height\":200,\"caption\":\"Eden Rituals\"},\"image\":{\"@id\":\"https:\/\/edenrituals.lt\/#\/schema\/logo\/image\/\"},\"sameAs\":[\"https:\/\/www.facebook.com\/profile.php?id=61567033621481#\",\"https:\/\/www.instagram.com\/edenrituals\/\"]}]}<\/script>\n<!-- \/ Yoast SEO plugin. -->","yoast_head_json":{"title":"Atkuriamasis kremas pa\u017eeistai odai CICADERM - Eden Rituals","description":"DERMEDEN atkuriamasis kremas pa\u017eeistai odai ramina, dr\u0117kina ir saugo od\u0105. Be kvapikli\u0173, paraben\u0173 ir alkoholio \u2013 tod\u0117l saugus net itin jautriai odai.","robots":{"index":"index","follow":"follow","max-snippet":"max-snippet:-1","max-image-preview":"max-image-preview:large","max-video-preview":"max-video-preview:-1"},"canonical":"https:\/\/edenrituals.lt\/en\/product\/atkuriamasis-kremas-pazeistai-odai-cicaderm\/","og_locale":"en_GB","og_type":"article","og_title":"Atkuriamasis kremas pa\u017eeistai odai CICADERM - Eden Rituals","og_description":"DERMEDEN atkuriamasis kremas pa\u017eeistai odai ramina, dr\u0117kina ir saugo od\u0105. Be kvapikli\u0173, paraben\u0173 ir alkoholio \u2013 tod\u0117l saugus net itin jautriai odai.","og_url":"https:\/\/edenrituals.lt\/en\/product\/atkuriamasis-kremas-pazeistai-odai-cicaderm\/","og_site_name":"Eden Rituals","article_publisher":"https:\/\/www.facebook.com\/profile.php?id=61567033621481#","article_modified_time":"2025-10-28T14:54:09+00:00","og_image":[{"width":533,"height":533,"url":"https:\/\/edenrituals.lt\/wp-content\/uploads\/2024\/11\/Atkuriamasis-kremas-pazeistai-odai-Dermeden-CICADERM-misija-oda.png","type":"image\/png"}],"twitter_card":"summary_large_image","twitter_misc":{"Estimated reading time":"2 minutes"},"schema":{"@context":"https:\/\/schema.org","@graph":[{"@type":"WebPage","@id":"https:\/\/edenrituals.lt\/product\/atkuriamasis-kremas-pazeistai-odai-cicaderm\/","url":"https:\/\/edenrituals.lt\/product\/atkuriamasis-kremas-pazeistai-odai-cicaderm\/","name":"Atkuriamasis kremas pa\u017eeistai odai CICADERM - Eden Rituals","isPartOf":{"@id":"https:\/\/edenrituals.lt\/#website"},"primaryImageOfPage":{"@id":"https:\/\/edenrituals.lt\/product\/atkuriamasis-kremas-pazeistai-odai-cicaderm\/#primaryimage"},"image":{"@id":"https:\/\/edenrituals.lt\/product\/atkuriamasis-kremas-pazeistai-odai-cicaderm\/#primaryimage"},"thumbnailUrl":"https:\/\/edenrituals.lt\/wp-content\/uploads\/2024\/11\/Atkuriamasis-kremas-pazeistai-odai-Dermeden-CICADERM-misija-oda.png","datePublished":"2024-11-06T20:21:44+00:00","dateModified":"2025-10-28T14:54:09+00:00","description":"DERMEDEN atkuriamasis kremas pa\u017eeistai odai ramina, dr\u0117kina ir saugo od\u0105. Be kvapikli\u0173, paraben\u0173 ir alkoholio \u2013 tod\u0117l saugus net itin jautriai odai.","breadcrumb":{"@id":"https:\/\/edenrituals.lt\/product\/atkuriamasis-kremas-pazeistai-odai-cicaderm\/#breadcrumb"},"inLanguage":"en-GB","potentialAction":[{"@type":"ReadAction","target":["https:\/\/edenrituals.lt\/product\/atkuriamasis-kremas-pazeistai-odai-cicaderm\/"]}]},{"@type":"ImageObject","inLanguage":"en-GB","@id":"https:\/\/edenrituals.lt\/product\/atkuriamasis-kremas-pazeistai-odai-cicaderm\/#primaryimage","url":"https:\/\/edenrituals.lt\/wp-content\/uploads\/2024\/11\/Atkuriamasis-kremas-pazeistai-odai-Dermeden-CICADERM-misija-oda.png","contentUrl":"https:\/\/edenrituals.lt\/wp-content\/uploads\/2024\/11\/Atkuriamasis-kremas-pazeistai-odai-Dermeden-CICADERM-misija-oda.png","width":533,"height":533,"caption":"Atkuriamasis kremas pa\u017eeistai odai CICADERM"},{"@type":"BreadcrumbList","@id":"https:\/\/edenrituals.lt\/product\/atkuriamasis-kremas-pazeistai-odai-cicaderm\/#breadcrumb","itemListElement":[{"@type":"ListItem","position":1,"name":"Home","item":"https:\/\/edenrituals.lt\/"},{"@type":"ListItem","position":2,"name":"Parduotuv\u0117","item":"https:\/\/edenrituals.lt\/parduotuve\/"},{"@type":"ListItem","position":3,"name":"Atkuriamasis kremas pa\u017eeistai odai CICADERM"}]},{"@type":"WebSite","@id":"https:\/\/edenrituals.lt\/#website","url":"https:\/\/edenrituals.lt\/","name":"Eden Rituals","description":"every day. every moment","publisher":{"@id":"https:\/\/edenrituals.lt\/#organization"},"potentialAction":[{"@type":"SearchAction","target":{"@type":"EntryPoint","urlTemplate":"https:\/\/edenrituals.lt\/?s={search_term_string}"},"query-input":{"@type":"PropertyValueSpecification","valueRequired":true,"valueName":"search_term_string"}}],"inLanguage":"en-GB"},{"@type":"Organization","@id":"https:\/\/edenrituals.lt\/#organization","name":"Eden Rituals","url":"https:\/\/edenrituals.lt\/","logo":{"@type":"ImageObject","inLanguage":"en-GB","@id":"https:\/\/edenrituals.lt\/#\/schema\/logo\/image\/","url":"https:\/\/edenrituals.lt\/wp-content\/uploads\/2024\/08\/cosmetics-3.png","contentUrl":"https:\/\/edenrituals.lt\/wp-content\/uploads\/2024\/08\/cosmetics-3.png","width":689,"height":200,"caption":"Eden Rituals"},"image":{"@id":"https:\/\/edenrituals.lt\/#\/schema\/logo\/image\/"},"sameAs":["https:\/\/www.facebook.com\/profile.php?id=61567033621481#","https:\/\/www.instagram.com\/edenrituals\/"]}]}},"jetpack_sharing_enabled":true,"_links":{"self":[{"href":"https:\/\/edenrituals.lt\/en\/wp-json\/wp\/v2\/product\/21648","targetHints":{"allow":["GET"]}}],"collection":[{"href":"https:\/\/edenrituals.lt\/en\/wp-json\/wp\/v2\/product"}],"about":[{"href":"https:\/\/edenrituals.lt\/en\/wp-json\/wp\/v2\/types\/product"}],"replies":[{"embeddable":true,"href":"https:\/\/edenrituals.lt\/en\/wp-json\/wp\/v2\/comments?post=21648"}],"version-history":[{"count":4,"href":"https:\/\/edenrituals.lt\/en\/wp-json\/wp\/v2\/product\/21648\/revisions"}],"predecessor-version":[{"id":22076,"href":"https:\/\/edenrituals.lt\/en\/wp-json\/wp\/v2\/product\/21648\/revisions\/22076"}],"wp:featuredmedia":[{"embeddable":true,"href":"https:\/\/edenrituals.lt\/en\/wp-json\/wp\/v2\/media\/21587"}],"wp:attachment":[{"href":"https:\/\/edenrituals.lt\/en\/wp-json\/wp\/v2\/media?parent=21648"}],"wp:term":[{"taxonomy":"product_brand","embeddable":true,"href":"https:\/\/edenrituals.lt\/en\/wp-json\/wp\/v2\/product_brand?post=21648"},{"taxonomy":"product_cat","embeddable":true,"href":"https:\/\/edenrituals.lt\/en\/wp-json\/wp\/v2\/product_cat?post=21648"},{"taxonomy":"product_tag","embeddable":true,"href":"https:\/\/edenrituals.lt\/en\/wp-json\/wp\/v2\/product_tag?post=21648"}],"curies":[{"name":"wp","href":"https:\/\/api.w.org\/{rel}","templated":true}]}}