{"id":21645,"date":"2024-11-06T22:21:44","date_gmt":"2024-11-06T20:21:44","guid":{"rendered":"https:\/\/edenrituals.lt\/product\/dermeden-drekinantis-kuno-losjonas\/"},"modified":"2025-10-28T16:26:07","modified_gmt":"2025-10-28T14:26:07","slug":"dermeden-drekinantis-kuno-losjonas","status":"publish","type":"product","link":"https:\/\/edenrituals.lt\/en\/product\/dermeden-drekinantis-kuno-losjonas\/","title":{"rendered":"DermEden moisturising body lotion"},"content":{"rendered":"<p><strong>When your skin craves softness, DERMEDEN Moisturising Body Lotion becomes a daily little spa ritual. Its velvety texture absorbs instantly, leaving skin supple and pleasantly moisturised.<\/strong><\/p>\n<p>Hyaluronic Acid, Shea Butter and Glycerin nourish and help retain moisture, while Dioic Acid evens skin tone and radiance.<\/p>\n<p><strong>How to use?<\/strong><br \/>\nApply once or twice a day to clean skin and massage gently. Pay particular attention to drier areas such as elbows, knees or shins.<\/p>\n<p><strong>Result:<\/strong><br \/>\nThe skin is left smooth, soft and pleasantly moisturised, with a natural glow.<\/p>\n<p><strong>Key ingredients:<\/strong><br \/>\nHyaluronic acid - hydrates.<br \/>\nShea butter - nourishes and softens.<br \/>\nDioic acid - brightens the skin.<\/p>\n<p><strong>Ingredients<\/strong>:<br \/>\nAqua (Water), Octyldodecanol, Cocoglycerides, Glycerin, Propanediol, Butyrospermum Parkii (Shea) Butter, Cetearyl Alcohol, Helianthus Annuus (Sunflower) Seed Wax, Glyceryl Stearate SE, PEG-100 Stearate, Octadecenedioic Acid, Sodium Polyacrylate, Parfum (Fragrance), Ceteareth-20, Ethylhexylglycerin, Chlorphenesin, Tocopheryl Acetate, Sodium Hyaluronate, Tocopherol, BHT.<\/p>\n<p><strong>Capacity<\/strong>: 200 ml<br \/>\n<strong>Manufacturer<\/strong>: DERMEDEN<br \/>\n<strong>Country of origin<\/strong>: France<\/p>","protected":false},"excerpt":{"rendered":"<p><strong>A light touch that leaves the skin feeling soft and moisturised.<\/strong><\/p>\n<p><strong>Why try DERMEDEN Moisturising Body Lotion?<\/strong><br \/>\n- Deeply moisturises and restores skin elasticity.<br \/>\n- Helps even skin tone and reduce the visibility of dark spots.<br \/>\n- Gives the skin a glow and softness.<br \/>\n- The light texture absorbs quickly and does not leave a sticky feeling.<\/p>","protected":false},"featured_media":21581,"comment_status":"open","ping_status":"closed","template":"","meta":[],"product_brand":[149],"product_cat":[147],"product_tag":[],"class_list":{"0":"post-21645","1":"product","2":"type-product","3":"status-publish","4":"has-post-thumbnail","6":"product_brand-dermeden","7":"product_cat-veido-kosmetika","9":"first","10":"instock","11":"shipping-taxable","12":"purchasable","13":"product-type-simple"},"yoast_head":"<!-- This site is optimized with the Yoast SEO plugin v25.9 - https:\/\/yoast.com\/wordpress\/plugins\/seo\/ -->\n<title>DermEden dr\u0117kinantis k\u016bno losjonas - Eden Rituals<\/title>\n<meta name=\"description\" content=\"DERMEDEN dr\u0117kinantis k\u016bno losjonas tampa kasdieniu SPA ritualu. Jo aksomin\u0117 tekst\u016bra akimirksniu \u012fsigeria, oda tampa elastinga ir maloniai sudr\u0117kinta.\" \/>\n<meta name=\"robots\" content=\"index, follow, max-snippet:-1, max-image-preview:large, max-video-preview:-1\" \/>\n<link rel=\"canonical\" href=\"https:\/\/edenrituals.lt\/en\/product\/dermeden-drekinantis-kuno-losjonas\/\" \/>\n<meta property=\"og:locale\" content=\"en_GB\" \/>\n<meta property=\"og:type\" content=\"article\" \/>\n<meta property=\"og:title\" content=\"DermEden dr\u0117kinantis k\u016bno losjonas - Eden Rituals\" \/>\n<meta property=\"og:description\" content=\"DERMEDEN dr\u0117kinantis k\u016bno losjonas tampa kasdieniu SPA ritualu. Jo aksomin\u0117 tekst\u016bra akimirksniu \u012fsigeria, oda tampa elastinga ir maloniai sudr\u0117kinta.\" \/>\n<meta property=\"og:url\" content=\"https:\/\/edenrituals.lt\/en\/product\/dermeden-drekinantis-kuno-losjonas\/\" \/>\n<meta property=\"og:site_name\" content=\"Eden Rituals\" \/>\n<meta property=\"article:publisher\" content=\"https:\/\/www.facebook.com\/profile.php?id=61567033621481#\" \/>\n<meta property=\"article:modified_time\" content=\"2025-10-28T14:26:07+00:00\" \/>\n<meta property=\"og:image\" content=\"https:\/\/edenrituals.lt\/wp-content\/uploads\/2024\/11\/Dermeden-drekinantis-kuno-losjonas-misija-oda.png\" \/>\n\t<meta property=\"og:image:width\" content=\"533\" \/>\n\t<meta property=\"og:image:height\" content=\"533\" \/>\n\t<meta property=\"og:image:type\" content=\"image\/png\" \/>\n<meta name=\"twitter:card\" content=\"summary_large_image\" \/>\n<meta name=\"twitter:label1\" content=\"Estimated reading time\" \/>\n\t<meta name=\"twitter:data1\" content=\"1 minute\" \/>\n<script type=\"application\/ld+json\" class=\"yoast-schema-graph\">{\"@context\":\"https:\/\/schema.org\",\"@graph\":[{\"@type\":\"WebPage\",\"@id\":\"https:\/\/edenrituals.lt\/product\/dermeden-drekinantis-kuno-losjonas\/\",\"url\":\"https:\/\/edenrituals.lt\/product\/dermeden-drekinantis-kuno-losjonas\/\",\"name\":\"DermEden dr\u0117kinantis k\u016bno losjonas - Eden Rituals\",\"isPartOf\":{\"@id\":\"https:\/\/edenrituals.lt\/#website\"},\"primaryImageOfPage\":{\"@id\":\"https:\/\/edenrituals.lt\/product\/dermeden-drekinantis-kuno-losjonas\/#primaryimage\"},\"image\":{\"@id\":\"https:\/\/edenrituals.lt\/product\/dermeden-drekinantis-kuno-losjonas\/#primaryimage\"},\"thumbnailUrl\":\"https:\/\/edenrituals.lt\/wp-content\/uploads\/2024\/11\/Dermeden-drekinantis-kuno-losjonas-misija-oda.png\",\"datePublished\":\"2024-11-06T20:21:44+00:00\",\"dateModified\":\"2025-10-28T14:26:07+00:00\",\"description\":\"DERMEDEN dr\u0117kinantis k\u016bno losjonas tampa kasdieniu SPA ritualu. Jo aksomin\u0117 tekst\u016bra akimirksniu \u012fsigeria, oda tampa elastinga ir maloniai sudr\u0117kinta.\",\"breadcrumb\":{\"@id\":\"https:\/\/edenrituals.lt\/product\/dermeden-drekinantis-kuno-losjonas\/#breadcrumb\"},\"inLanguage\":\"en-GB\",\"potentialAction\":[{\"@type\":\"ReadAction\",\"target\":[\"https:\/\/edenrituals.lt\/product\/dermeden-drekinantis-kuno-losjonas\/\"]}]},{\"@type\":\"ImageObject\",\"inLanguage\":\"en-GB\",\"@id\":\"https:\/\/edenrituals.lt\/product\/dermeden-drekinantis-kuno-losjonas\/#primaryimage\",\"url\":\"https:\/\/edenrituals.lt\/wp-content\/uploads\/2024\/11\/Dermeden-drekinantis-kuno-losjonas-misija-oda.png\",\"contentUrl\":\"https:\/\/edenrituals.lt\/wp-content\/uploads\/2024\/11\/Dermeden-drekinantis-kuno-losjonas-misija-oda.png\",\"width\":533,\"height\":533,\"caption\":\"DermEden dr\u0117kinantis k\u016bno losjonas\"},{\"@type\":\"BreadcrumbList\",\"@id\":\"https:\/\/edenrituals.lt\/product\/dermeden-drekinantis-kuno-losjonas\/#breadcrumb\",\"itemListElement\":[{\"@type\":\"ListItem\",\"position\":1,\"name\":\"Home\",\"item\":\"https:\/\/edenrituals.lt\/\"},{\"@type\":\"ListItem\",\"position\":2,\"name\":\"Parduotuv\u0117\",\"item\":\"https:\/\/edenrituals.lt\/parduotuve\/\"},{\"@type\":\"ListItem\",\"position\":3,\"name\":\"DermEden dr\u0117kinantis k\u016bno losjonas\"}]},{\"@type\":\"WebSite\",\"@id\":\"https:\/\/edenrituals.lt\/#website\",\"url\":\"https:\/\/edenrituals.lt\/\",\"name\":\"Eden Rituals\",\"description\":\"every day. every moment\",\"publisher\":{\"@id\":\"https:\/\/edenrituals.lt\/#organization\"},\"potentialAction\":[{\"@type\":\"SearchAction\",\"target\":{\"@type\":\"EntryPoint\",\"urlTemplate\":\"https:\/\/edenrituals.lt\/?s={search_term_string}\"},\"query-input\":{\"@type\":\"PropertyValueSpecification\",\"valueRequired\":true,\"valueName\":\"search_term_string\"}}],\"inLanguage\":\"en-GB\"},{\"@type\":\"Organization\",\"@id\":\"https:\/\/edenrituals.lt\/#organization\",\"name\":\"Eden Rituals\",\"url\":\"https:\/\/edenrituals.lt\/\",\"logo\":{\"@type\":\"ImageObject\",\"inLanguage\":\"en-GB\",\"@id\":\"https:\/\/edenrituals.lt\/#\/schema\/logo\/image\/\",\"url\":\"https:\/\/edenrituals.lt\/wp-content\/uploads\/2024\/08\/cosmetics-3.png\",\"contentUrl\":\"https:\/\/edenrituals.lt\/wp-content\/uploads\/2024\/08\/cosmetics-3.png\",\"width\":689,\"height\":200,\"caption\":\"Eden Rituals\"},\"image\":{\"@id\":\"https:\/\/edenrituals.lt\/#\/schema\/logo\/image\/\"},\"sameAs\":[\"https:\/\/www.facebook.com\/profile.php?id=61567033621481#\",\"https:\/\/www.instagram.com\/edenrituals\/\"]}]}<\/script>\n<!-- \/ Yoast SEO plugin. -->","yoast_head_json":{"title":"DermEden dr\u0117kinantis k\u016bno losjonas - Eden Rituals","description":"DERMEDEN dr\u0117kinantis k\u016bno losjonas tampa kasdieniu SPA ritualu. Jo aksomin\u0117 tekst\u016bra akimirksniu \u012fsigeria, oda tampa elastinga ir maloniai sudr\u0117kinta.","robots":{"index":"index","follow":"follow","max-snippet":"max-snippet:-1","max-image-preview":"max-image-preview:large","max-video-preview":"max-video-preview:-1"},"canonical":"https:\/\/edenrituals.lt\/en\/product\/dermeden-drekinantis-kuno-losjonas\/","og_locale":"en_GB","og_type":"article","og_title":"DermEden dr\u0117kinantis k\u016bno losjonas - Eden Rituals","og_description":"DERMEDEN dr\u0117kinantis k\u016bno losjonas tampa kasdieniu SPA ritualu. Jo aksomin\u0117 tekst\u016bra akimirksniu \u012fsigeria, oda tampa elastinga ir maloniai sudr\u0117kinta.","og_url":"https:\/\/edenrituals.lt\/en\/product\/dermeden-drekinantis-kuno-losjonas\/","og_site_name":"Eden Rituals","article_publisher":"https:\/\/www.facebook.com\/profile.php?id=61567033621481#","article_modified_time":"2025-10-28T14:26:07+00:00","og_image":[{"width":533,"height":533,"url":"https:\/\/edenrituals.lt\/wp-content\/uploads\/2024\/11\/Dermeden-drekinantis-kuno-losjonas-misija-oda.png","type":"image\/png"}],"twitter_card":"summary_large_image","twitter_misc":{"Estimated reading time":"1 minute"},"schema":{"@context":"https:\/\/schema.org","@graph":[{"@type":"WebPage","@id":"https:\/\/edenrituals.lt\/product\/dermeden-drekinantis-kuno-losjonas\/","url":"https:\/\/edenrituals.lt\/product\/dermeden-drekinantis-kuno-losjonas\/","name":"DermEden dr\u0117kinantis k\u016bno losjonas - Eden Rituals","isPartOf":{"@id":"https:\/\/edenrituals.lt\/#website"},"primaryImageOfPage":{"@id":"https:\/\/edenrituals.lt\/product\/dermeden-drekinantis-kuno-losjonas\/#primaryimage"},"image":{"@id":"https:\/\/edenrituals.lt\/product\/dermeden-drekinantis-kuno-losjonas\/#primaryimage"},"thumbnailUrl":"https:\/\/edenrituals.lt\/wp-content\/uploads\/2024\/11\/Dermeden-drekinantis-kuno-losjonas-misija-oda.png","datePublished":"2024-11-06T20:21:44+00:00","dateModified":"2025-10-28T14:26:07+00:00","description":"DERMEDEN dr\u0117kinantis k\u016bno losjonas tampa kasdieniu SPA ritualu. Jo aksomin\u0117 tekst\u016bra akimirksniu \u012fsigeria, oda tampa elastinga ir maloniai sudr\u0117kinta.","breadcrumb":{"@id":"https:\/\/edenrituals.lt\/product\/dermeden-drekinantis-kuno-losjonas\/#breadcrumb"},"inLanguage":"en-GB","potentialAction":[{"@type":"ReadAction","target":["https:\/\/edenrituals.lt\/product\/dermeden-drekinantis-kuno-losjonas\/"]}]},{"@type":"ImageObject","inLanguage":"en-GB","@id":"https:\/\/edenrituals.lt\/product\/dermeden-drekinantis-kuno-losjonas\/#primaryimage","url":"https:\/\/edenrituals.lt\/wp-content\/uploads\/2024\/11\/Dermeden-drekinantis-kuno-losjonas-misija-oda.png","contentUrl":"https:\/\/edenrituals.lt\/wp-content\/uploads\/2024\/11\/Dermeden-drekinantis-kuno-losjonas-misija-oda.png","width":533,"height":533,"caption":"DermEden dr\u0117kinantis k\u016bno losjonas"},{"@type":"BreadcrumbList","@id":"https:\/\/edenrituals.lt\/product\/dermeden-drekinantis-kuno-losjonas\/#breadcrumb","itemListElement":[{"@type":"ListItem","position":1,"name":"Home","item":"https:\/\/edenrituals.lt\/"},{"@type":"ListItem","position":2,"name":"Parduotuv\u0117","item":"https:\/\/edenrituals.lt\/parduotuve\/"},{"@type":"ListItem","position":3,"name":"DermEden dr\u0117kinantis k\u016bno losjonas"}]},{"@type":"WebSite","@id":"https:\/\/edenrituals.lt\/#website","url":"https:\/\/edenrituals.lt\/","name":"Eden Rituals","description":"every day. every moment","publisher":{"@id":"https:\/\/edenrituals.lt\/#organization"},"potentialAction":[{"@type":"SearchAction","target":{"@type":"EntryPoint","urlTemplate":"https:\/\/edenrituals.lt\/?s={search_term_string}"},"query-input":{"@type":"PropertyValueSpecification","valueRequired":true,"valueName":"search_term_string"}}],"inLanguage":"en-GB"},{"@type":"Organization","@id":"https:\/\/edenrituals.lt\/#organization","name":"Eden Rituals","url":"https:\/\/edenrituals.lt\/","logo":{"@type":"ImageObject","inLanguage":"en-GB","@id":"https:\/\/edenrituals.lt\/#\/schema\/logo\/image\/","url":"https:\/\/edenrituals.lt\/wp-content\/uploads\/2024\/08\/cosmetics-3.png","contentUrl":"https:\/\/edenrituals.lt\/wp-content\/uploads\/2024\/08\/cosmetics-3.png","width":689,"height":200,"caption":"Eden Rituals"},"image":{"@id":"https:\/\/edenrituals.lt\/#\/schema\/logo\/image\/"},"sameAs":["https:\/\/www.facebook.com\/profile.php?id=61567033621481#","https:\/\/www.instagram.com\/edenrituals\/"]}]}},"jetpack_sharing_enabled":true,"_links":{"self":[{"href":"https:\/\/edenrituals.lt\/en\/wp-json\/wp\/v2\/product\/21645","targetHints":{"allow":["GET"]}}],"collection":[{"href":"https:\/\/edenrituals.lt\/en\/wp-json\/wp\/v2\/product"}],"about":[{"href":"https:\/\/edenrituals.lt\/en\/wp-json\/wp\/v2\/types\/product"}],"replies":[{"embeddable":true,"href":"https:\/\/edenrituals.lt\/en\/wp-json\/wp\/v2\/comments?post=21645"}],"version-history":[{"count":3,"href":"https:\/\/edenrituals.lt\/en\/wp-json\/wp\/v2\/product\/21645\/revisions"}],"predecessor-version":[{"id":22067,"href":"https:\/\/edenrituals.lt\/en\/wp-json\/wp\/v2\/product\/21645\/revisions\/22067"}],"wp:featuredmedia":[{"embeddable":true,"href":"https:\/\/edenrituals.lt\/en\/wp-json\/wp\/v2\/media\/21581"}],"wp:attachment":[{"href":"https:\/\/edenrituals.lt\/en\/wp-json\/wp\/v2\/media?parent=21645"}],"wp:term":[{"taxonomy":"product_brand","embeddable":true,"href":"https:\/\/edenrituals.lt\/en\/wp-json\/wp\/v2\/product_brand?post=21645"},{"taxonomy":"product_cat","embeddable":true,"href":"https:\/\/edenrituals.lt\/en\/wp-json\/wp\/v2\/product_cat?post=21645"},{"taxonomy":"product_tag","embeddable":true,"href":"https:\/\/edenrituals.lt\/en\/wp-json\/wp\/v2\/product_tag?post=21645"}],"curies":[{"name":"wp","href":"https:\/\/api.w.org\/{rel}","templated":true}]}}