{"id":21644,"date":"2024-11-06T22:21:44","date_gmt":"2024-11-06T20:21:44","guid":{"rendered":"https:\/\/edenrituals.lt\/product\/dd-kremas-su-apsauga-nuo-saules-spf-50\/"},"modified":"2025-12-21T13:54:07","modified_gmt":"2025-12-21T11:54:07","slug":"dd-kremas-su-apsauga-nuo-saules-spf-50","status":"publish","type":"product","link":"https:\/\/edenrituals.lt\/en\/product\/dd-kremas-su-apsauga-nuo-saules-spf-50\/","title":{"rendered":"DERMEDEN DD face cream with SPF 50"},"content":{"rendered":"<p><strong>When you want glowing, natural skin and reliable protection - DERMEDEN DD Face Cream with SPF 50 gives you just that in one swipe.<\/strong><\/p>\n<p>The micro-encapsulated pigments adapt to your skin tone, so your face looks fresh and even, without a mask effect.<br \/>\nThe cream moisturises, evens the tone and protects against UVA\/UVB rays and blue light. Hyaluronic Acid maintains moisture balance and Dioic Acid helps lighten pigment spots.<\/p>\n<p><strong>How to use?<\/strong><br \/>\nApply every morning to clean skin on the face, neck and d\u00e9collet\u00e9. Gently blend in circular motions until the colour blends evenly into the skin. Avoid contact with eyes.<\/p>\n<p><strong>Result:<\/strong><br \/>\nProtected, moisturised and naturally radiant skin, without mask effect - perfect for everyday use.<\/p>\n<p><strong>Key ingredients:<\/strong><br \/>\nHyaluronic acid - moisturises and maintains skin elasticity.<br \/>\nDioic acid - helps reduce pigment spots and protects against ageing.<br \/>\nMicroencapsulated pigments for an even and natural tone.<\/p>\n<p><strong>Composition:<\/strong><br \/>\nAqua (Water), Ethylhexyl Methoxycinnamate, Diethylamino Hydroxybenzoyl Hexyl Benzoate, Caprylyl Caprylate\/Caprate, C12-15 Alkyl Benzoate, Methylene Bis-Benzotriazolyl Tetramethylbutylphenol, Caprylic\/Capric Triglyceride, Bis-Ethylhexylhexyloxyphenol Methoxylphenyl Triazine, Ethylhexyl Triazone, Cetearyl Alcohol, Propylene Glycol Laurate, Dimethicone, Glycerin, Talc, Glyceryl Stearate SE, PEG-100 Stearate, Octadecenedioic Acid, Sodium Polyacrylate, CI 77891 (Titanium Dioxide), Mannitol, CI 77492 (Iron Oxide), Decyl Glucoside, Dimethicone\/Vinyl Dimethicone Crosspolymer, Diethylhexyl Syringylidenemalonate, Ethylhexylglycerin, Ceteareth-20, Chlorophenesin, Hydrogenated Lecithin, Cichorium Intybus (Chicory) Root Extract, Ethylcellulose, Propylene Glycol Isostearate, Polymethyl Methacrylate, CI 77491 (Iron Oxide), Disodium EDTA, Propylene Glycol, Aluminum Hydroxide, CI 77499 (Iron Oxide), Xanthan Gum, Phenoxyethanol, Sodium Hyaluronate, BHT, Tocopherol, Helianthus Annuus (Sunflower) Seed Oil.<\/p>\n<p><strong>Capacity<\/strong>: 50 ml<br \/>\n<strong>Manufacturer<\/strong>: DERMEDEN<br \/>\n<strong>Country of origin<\/strong>: France<\/p>","protected":false},"excerpt":{"rendered":"<p><strong>Like a soft garment for your skin, it gives it radiance, moisture and sun protection.<\/strong><\/p>\n<p><strong>Why try DERMEDEN DD Face Cream with SPF 50?<\/strong><br \/>\n- Easily camouflages and evens out skin tone.<br \/>\n- Moisturises the skin and helps maintain its elasticity.<br \/>\n- Protects against UVA\/UVB and blue light (SPF 50).<br \/>\n- Adapts to your skin tone for a naturally fresh look.<br \/>\n- Perfect as an everyday cream or make-up base.<\/p>","protected":false},"featured_media":21579,"comment_status":"open","ping_status":"closed","template":"","meta":[],"product_brand":[149],"product_cat":[147],"product_tag":[],"class_list":{"0":"post-21644","1":"product","2":"type-product","3":"status-publish","4":"has-post-thumbnail","6":"product_brand-dermeden","7":"product_cat-veido-kosmetika","9":"first","10":"instock","11":"shipping-taxable","12":"purchasable","13":"product-type-simple"},"yoast_head":"<!-- This site is optimized with the Yoast SEO plugin v25.9 - https:\/\/yoast.com\/wordpress\/plugins\/seo\/ -->\n<title>DERMEDEN DD veido kremas su SPF 50 - Eden Rituals<\/title>\n<meta name=\"description\" content=\"Kai norisi \u0161vytin\u010dios, nat\u016bralios odos ir patikimos apsaugos \u2013 DERMEDEN DD veido kremas su SPF 50 tai suteikia vienu pot\u0117piu.\" \/>\n<meta name=\"robots\" content=\"index, follow, max-snippet:-1, max-image-preview:large, max-video-preview:-1\" \/>\n<link rel=\"canonical\" href=\"https:\/\/edenrituals.lt\/en\/product\/dd-kremas-su-apsauga-nuo-saules-spf-50\/\" \/>\n<meta property=\"og:locale\" content=\"en_GB\" \/>\n<meta property=\"og:type\" content=\"article\" \/>\n<meta property=\"og:title\" content=\"DERMEDEN DD veido kremas su SPF 50 - Eden Rituals\" \/>\n<meta property=\"og:description\" content=\"Kai norisi \u0161vytin\u010dios, nat\u016bralios odos ir patikimos apsaugos \u2013 DERMEDEN DD veido kremas su SPF 50 tai suteikia vienu pot\u0117piu.\" \/>\n<meta property=\"og:url\" content=\"https:\/\/edenrituals.lt\/en\/product\/dd-kremas-su-apsauga-nuo-saules-spf-50\/\" \/>\n<meta property=\"og:site_name\" content=\"Eden Rituals\" \/>\n<meta property=\"article:publisher\" content=\"https:\/\/www.facebook.com\/profile.php?id=61567033621481#\" \/>\n<meta property=\"article:modified_time\" content=\"2025-12-21T11:54:07+00:00\" \/>\n<meta property=\"og:image\" content=\"https:\/\/edenrituals.lt\/wp-content\/uploads\/2024\/11\/Dermeden-DD-kremas-su-apsauga-nuo-saules-SPF-50-DERMEDEN-DD-CREAM-LIGHT-misija-oda.png\" \/>\n\t<meta property=\"og:image:width\" content=\"533\" \/>\n\t<meta property=\"og:image:height\" content=\"533\" \/>\n\t<meta property=\"og:image:type\" content=\"image\/png\" \/>\n<meta name=\"twitter:card\" content=\"summary_large_image\" \/>\n<meta name=\"twitter:label1\" content=\"Estimated reading time\" \/>\n\t<meta name=\"twitter:data1\" content=\"2 minutes\" \/>\n<script type=\"application\/ld+json\" class=\"yoast-schema-graph\">{\"@context\":\"https:\/\/schema.org\",\"@graph\":[{\"@type\":\"WebPage\",\"@id\":\"https:\/\/edenrituals.lt\/product\/dd-kremas-su-apsauga-nuo-saules-spf-50\/\",\"url\":\"https:\/\/edenrituals.lt\/product\/dd-kremas-su-apsauga-nuo-saules-spf-50\/\",\"name\":\"DERMEDEN DD veido kremas su SPF 50 - Eden Rituals\",\"isPartOf\":{\"@id\":\"https:\/\/edenrituals.lt\/#website\"},\"primaryImageOfPage\":{\"@id\":\"https:\/\/edenrituals.lt\/product\/dd-kremas-su-apsauga-nuo-saules-spf-50\/#primaryimage\"},\"image\":{\"@id\":\"https:\/\/edenrituals.lt\/product\/dd-kremas-su-apsauga-nuo-saules-spf-50\/#primaryimage\"},\"thumbnailUrl\":\"https:\/\/edenrituals.lt\/wp-content\/uploads\/2024\/11\/Dermeden-DD-kremas-su-apsauga-nuo-saules-SPF-50-DERMEDEN-DD-CREAM-LIGHT-misija-oda.png\",\"datePublished\":\"2024-11-06T20:21:44+00:00\",\"dateModified\":\"2025-12-21T11:54:07+00:00\",\"description\":\"Kai norisi \u0161vytin\u010dios, nat\u016bralios odos ir patikimos apsaugos \u2013 DERMEDEN DD veido kremas su SPF 50 tai suteikia vienu pot\u0117piu.\",\"breadcrumb\":{\"@id\":\"https:\/\/edenrituals.lt\/product\/dd-kremas-su-apsauga-nuo-saules-spf-50\/#breadcrumb\"},\"inLanguage\":\"en-GB\",\"potentialAction\":[{\"@type\":\"ReadAction\",\"target\":[\"https:\/\/edenrituals.lt\/product\/dd-kremas-su-apsauga-nuo-saules-spf-50\/\"]}]},{\"@type\":\"ImageObject\",\"inLanguage\":\"en-GB\",\"@id\":\"https:\/\/edenrituals.lt\/product\/dd-kremas-su-apsauga-nuo-saules-spf-50\/#primaryimage\",\"url\":\"https:\/\/edenrituals.lt\/wp-content\/uploads\/2024\/11\/Dermeden-DD-kremas-su-apsauga-nuo-saules-SPF-50-DERMEDEN-DD-CREAM-LIGHT-misija-oda.png\",\"contentUrl\":\"https:\/\/edenrituals.lt\/wp-content\/uploads\/2024\/11\/Dermeden-DD-kremas-su-apsauga-nuo-saules-SPF-50-DERMEDEN-DD-CREAM-LIGHT-misija-oda.png\",\"width\":533,\"height\":533},{\"@type\":\"BreadcrumbList\",\"@id\":\"https:\/\/edenrituals.lt\/product\/dd-kremas-su-apsauga-nuo-saules-spf-50\/#breadcrumb\",\"itemListElement\":[{\"@type\":\"ListItem\",\"position\":1,\"name\":\"Home\",\"item\":\"https:\/\/edenrituals.lt\/\"},{\"@type\":\"ListItem\",\"position\":2,\"name\":\"Parduotuv\u0117\",\"item\":\"https:\/\/edenrituals.lt\/parduotuve\/\"},{\"@type\":\"ListItem\",\"position\":3,\"name\":\"DERMEDEN DD veido kremas su SPF 50\"}]},{\"@type\":\"WebSite\",\"@id\":\"https:\/\/edenrituals.lt\/#website\",\"url\":\"https:\/\/edenrituals.lt\/\",\"name\":\"Eden Rituals\",\"description\":\"every day. every moment\",\"publisher\":{\"@id\":\"https:\/\/edenrituals.lt\/#organization\"},\"potentialAction\":[{\"@type\":\"SearchAction\",\"target\":{\"@type\":\"EntryPoint\",\"urlTemplate\":\"https:\/\/edenrituals.lt\/?s={search_term_string}\"},\"query-input\":{\"@type\":\"PropertyValueSpecification\",\"valueRequired\":true,\"valueName\":\"search_term_string\"}}],\"inLanguage\":\"en-GB\"},{\"@type\":\"Organization\",\"@id\":\"https:\/\/edenrituals.lt\/#organization\",\"name\":\"Eden Rituals\",\"url\":\"https:\/\/edenrituals.lt\/\",\"logo\":{\"@type\":\"ImageObject\",\"inLanguage\":\"en-GB\",\"@id\":\"https:\/\/edenrituals.lt\/#\/schema\/logo\/image\/\",\"url\":\"https:\/\/edenrituals.lt\/wp-content\/uploads\/2024\/08\/cosmetics-3.png\",\"contentUrl\":\"https:\/\/edenrituals.lt\/wp-content\/uploads\/2024\/08\/cosmetics-3.png\",\"width\":689,\"height\":200,\"caption\":\"Eden Rituals\"},\"image\":{\"@id\":\"https:\/\/edenrituals.lt\/#\/schema\/logo\/image\/\"},\"sameAs\":[\"https:\/\/www.facebook.com\/profile.php?id=61567033621481#\",\"https:\/\/www.instagram.com\/edenrituals\/\"]}]}<\/script>\n<!-- \/ Yoast SEO plugin. -->","yoast_head_json":{"title":"DERMEDEN DD veido kremas su SPF 50 - Eden Rituals","description":"Kai norisi \u0161vytin\u010dios, nat\u016bralios odos ir patikimos apsaugos \u2013 DERMEDEN DD veido kremas su SPF 50 tai suteikia vienu pot\u0117piu.","robots":{"index":"index","follow":"follow","max-snippet":"max-snippet:-1","max-image-preview":"max-image-preview:large","max-video-preview":"max-video-preview:-1"},"canonical":"https:\/\/edenrituals.lt\/en\/product\/dd-kremas-su-apsauga-nuo-saules-spf-50\/","og_locale":"en_GB","og_type":"article","og_title":"DERMEDEN DD veido kremas su SPF 50 - Eden Rituals","og_description":"Kai norisi \u0161vytin\u010dios, nat\u016bralios odos ir patikimos apsaugos \u2013 DERMEDEN DD veido kremas su SPF 50 tai suteikia vienu pot\u0117piu.","og_url":"https:\/\/edenrituals.lt\/en\/product\/dd-kremas-su-apsauga-nuo-saules-spf-50\/","og_site_name":"Eden Rituals","article_publisher":"https:\/\/www.facebook.com\/profile.php?id=61567033621481#","article_modified_time":"2025-12-21T11:54:07+00:00","og_image":[{"width":533,"height":533,"url":"https:\/\/edenrituals.lt\/wp-content\/uploads\/2024\/11\/Dermeden-DD-kremas-su-apsauga-nuo-saules-SPF-50-DERMEDEN-DD-CREAM-LIGHT-misija-oda.png","type":"image\/png"}],"twitter_card":"summary_large_image","twitter_misc":{"Estimated reading time":"2 minutes"},"schema":{"@context":"https:\/\/schema.org","@graph":[{"@type":"WebPage","@id":"https:\/\/edenrituals.lt\/product\/dd-kremas-su-apsauga-nuo-saules-spf-50\/","url":"https:\/\/edenrituals.lt\/product\/dd-kremas-su-apsauga-nuo-saules-spf-50\/","name":"DERMEDEN DD veido kremas su SPF 50 - Eden Rituals","isPartOf":{"@id":"https:\/\/edenrituals.lt\/#website"},"primaryImageOfPage":{"@id":"https:\/\/edenrituals.lt\/product\/dd-kremas-su-apsauga-nuo-saules-spf-50\/#primaryimage"},"image":{"@id":"https:\/\/edenrituals.lt\/product\/dd-kremas-su-apsauga-nuo-saules-spf-50\/#primaryimage"},"thumbnailUrl":"https:\/\/edenrituals.lt\/wp-content\/uploads\/2024\/11\/Dermeden-DD-kremas-su-apsauga-nuo-saules-SPF-50-DERMEDEN-DD-CREAM-LIGHT-misija-oda.png","datePublished":"2024-11-06T20:21:44+00:00","dateModified":"2025-12-21T11:54:07+00:00","description":"Kai norisi \u0161vytin\u010dios, nat\u016bralios odos ir patikimos apsaugos \u2013 DERMEDEN DD veido kremas su SPF 50 tai suteikia vienu pot\u0117piu.","breadcrumb":{"@id":"https:\/\/edenrituals.lt\/product\/dd-kremas-su-apsauga-nuo-saules-spf-50\/#breadcrumb"},"inLanguage":"en-GB","potentialAction":[{"@type":"ReadAction","target":["https:\/\/edenrituals.lt\/product\/dd-kremas-su-apsauga-nuo-saules-spf-50\/"]}]},{"@type":"ImageObject","inLanguage":"en-GB","@id":"https:\/\/edenrituals.lt\/product\/dd-kremas-su-apsauga-nuo-saules-spf-50\/#primaryimage","url":"https:\/\/edenrituals.lt\/wp-content\/uploads\/2024\/11\/Dermeden-DD-kremas-su-apsauga-nuo-saules-SPF-50-DERMEDEN-DD-CREAM-LIGHT-misija-oda.png","contentUrl":"https:\/\/edenrituals.lt\/wp-content\/uploads\/2024\/11\/Dermeden-DD-kremas-su-apsauga-nuo-saules-SPF-50-DERMEDEN-DD-CREAM-LIGHT-misija-oda.png","width":533,"height":533},{"@type":"BreadcrumbList","@id":"https:\/\/edenrituals.lt\/product\/dd-kremas-su-apsauga-nuo-saules-spf-50\/#breadcrumb","itemListElement":[{"@type":"ListItem","position":1,"name":"Home","item":"https:\/\/edenrituals.lt\/"},{"@type":"ListItem","position":2,"name":"Parduotuv\u0117","item":"https:\/\/edenrituals.lt\/parduotuve\/"},{"@type":"ListItem","position":3,"name":"DERMEDEN DD veido kremas su SPF 50"}]},{"@type":"WebSite","@id":"https:\/\/edenrituals.lt\/#website","url":"https:\/\/edenrituals.lt\/","name":"Eden Rituals","description":"every day. every moment","publisher":{"@id":"https:\/\/edenrituals.lt\/#organization"},"potentialAction":[{"@type":"SearchAction","target":{"@type":"EntryPoint","urlTemplate":"https:\/\/edenrituals.lt\/?s={search_term_string}"},"query-input":{"@type":"PropertyValueSpecification","valueRequired":true,"valueName":"search_term_string"}}],"inLanguage":"en-GB"},{"@type":"Organization","@id":"https:\/\/edenrituals.lt\/#organization","name":"Eden Rituals","url":"https:\/\/edenrituals.lt\/","logo":{"@type":"ImageObject","inLanguage":"en-GB","@id":"https:\/\/edenrituals.lt\/#\/schema\/logo\/image\/","url":"https:\/\/edenrituals.lt\/wp-content\/uploads\/2024\/08\/cosmetics-3.png","contentUrl":"https:\/\/edenrituals.lt\/wp-content\/uploads\/2024\/08\/cosmetics-3.png","width":689,"height":200,"caption":"Eden Rituals"},"image":{"@id":"https:\/\/edenrituals.lt\/#\/schema\/logo\/image\/"},"sameAs":["https:\/\/www.facebook.com\/profile.php?id=61567033621481#","https:\/\/www.instagram.com\/edenrituals\/"]}]}},"jetpack_sharing_enabled":true,"_links":{"self":[{"href":"https:\/\/edenrituals.lt\/en\/wp-json\/wp\/v2\/product\/21644","targetHints":{"allow":["GET"]}}],"collection":[{"href":"https:\/\/edenrituals.lt\/en\/wp-json\/wp\/v2\/product"}],"about":[{"href":"https:\/\/edenrituals.lt\/en\/wp-json\/wp\/v2\/types\/product"}],"replies":[{"embeddable":true,"href":"https:\/\/edenrituals.lt\/en\/wp-json\/wp\/v2\/comments?post=21644"}],"version-history":[{"count":4,"href":"https:\/\/edenrituals.lt\/en\/wp-json\/wp\/v2\/product\/21644\/revisions"}],"predecessor-version":[{"id":22073,"href":"https:\/\/edenrituals.lt\/en\/wp-json\/wp\/v2\/product\/21644\/revisions\/22073"}],"wp:featuredmedia":[{"embeddable":true,"href":"https:\/\/edenrituals.lt\/en\/wp-json\/wp\/v2\/media\/21579"}],"wp:attachment":[{"href":"https:\/\/edenrituals.lt\/en\/wp-json\/wp\/v2\/media?parent=21644"}],"wp:term":[{"taxonomy":"product_brand","embeddable":true,"href":"https:\/\/edenrituals.lt\/en\/wp-json\/wp\/v2\/product_brand?post=21644"},{"taxonomy":"product_cat","embeddable":true,"href":"https:\/\/edenrituals.lt\/en\/wp-json\/wp\/v2\/product_cat?post=21644"},{"taxonomy":"product_tag","embeddable":true,"href":"https:\/\/edenrituals.lt\/en\/wp-json\/wp\/v2\/product_tag?post=21644"}],"curies":[{"name":"wp","href":"https:\/\/api.w.org\/{rel}","templated":true}]}}