{"id":21643,"date":"2024-11-06T22:21:44","date_gmt":"2024-11-06T20:21:44","guid":{"rendered":"https:\/\/edenrituals.lt\/product\/prausimosi-putos-veidui-antioxidant-cleansing-foam\/"},"modified":"2025-10-28T15:03:12","modified_gmt":"2025-10-28T13:03:12","slug":"prausimosi-putos-veidui-antioxidant-cleansing-foam","status":"publish","type":"product","link":"https:\/\/edenrituals.lt\/en\/product\/prausimosi-putos-veidui-antioxidant-cleansing-foam\/","title":{"rendered":"Facial cleansing foam ANTIOXIDANT CLEANSING FOAM"},"content":{"rendered":"<p><strong>DERMEDEN antioxidant-enriched cleansing foam gently but deeply cleanses the skin, removing make-up residue and impurities without damaging the protective barrier.<\/strong><\/p>\n<p>Contains extracts of cucumber, green tea, ginger, acerola and rosemary to tone, brighten and protect the skin from environmental aggressors. The foam is suitable for all skin types - even sensitive skin, when you want lightness and cleanliness.<\/p>\n<p>Suitable for all skin types from dry to combination, especially if you want a light and refreshing cleanser.<\/p>\n<p><strong>Result:<\/strong><br \/>\nThe skin is left clean, matt and refreshed. The mousse helps to reduce shine, while regular use gives balance and a healthy glow.<\/p>\n<p><strong>How to use:<\/strong><br \/>\nMassage the foam into damp skin in the morning and evening, then rinse with water.<\/p>\n<p><strong>Key ingredients:<\/strong><br \/>\nCucumber extract - refreshes and soothes the skin.<br \/>\nGreen tea extract - provides antioxidant protection.<br \/>\nGinger and acerola - tones and brightens.<br \/>\nRosemary - cleanses and strengthens the skin barrier.<\/p>\n<p><strong>Composition:<\/strong><br \/>\nAqua (Water), Sodium Laureth Sulphate, PEG-7 Glyceryl Cocoate, Decyl Glucoside, Benzyl Alcohol, Sodium Benzoate, Glycerin, Glycerin, Chlorphenesin, Cucumis Sativus (Cucumber) Fruit Extract, Imidazolidinyl Urea, Parfum (Fragrance), Citric Acid, O-Cymen-5-Ol, Propylene Glycol, Potassium Sorbate, Zingiber Officinale (Ginger) Root Extract, Rosmarinus Officinalis (Rosemary) Leaf Extract, Camellia Sinensis Leaf Extract, Malpighia Punicifolia (Acerola) Fruit Extract, Maltodextrin.<\/p>\n<p><strong>Manufacturer<\/strong>: DERMEDEN<br \/>\n<strong>Capacity<\/strong>: 150 ml<br \/>\n<strong>Country of origin<\/strong>: France<\/p>","protected":false},"excerpt":{"rendered":"<p><strong>Light as a cloud, but merciless to dirt.<\/strong><\/p>\n<p><strong>Why try DERMEDEN foam?<\/strong><br \/>\n- Gently removes dirt and make-up residue.<br \/>\n- Deep cleans pores and prevents them from clogging.<br \/>\n- Tones, moisturises and brightens.<br \/>\n- Helps maintain skin elasticity and youthfulness.<br \/>\n- Suitable for everyday use, even on sensitive skin.<\/p>","protected":false},"featured_media":21577,"comment_status":"open","ping_status":"closed","template":"","meta":[],"product_brand":[149],"product_cat":[147],"product_tag":[],"class_list":{"0":"post-21643","1":"product","2":"type-product","3":"status-publish","4":"has-post-thumbnail","6":"product_brand-dermeden","7":"product_cat-veido-kosmetika","9":"first","10":"instock","11":"shipping-taxable","12":"purchasable","13":"product-type-simple"},"yoast_head":"<!-- This site is optimized with the Yoast SEO plugin v25.9 - https:\/\/yoast.com\/wordpress\/plugins\/seo\/ -->\n<title>Prausimosi putos veidui ANTIOXIDANT CLEANSING FOAM - Eden Rituals<\/title>\n<meta name=\"description\" content=\"DERMEDEN antioksidantais praturtintos prausimosi putos \u0161velniai, bet giliai valo od\u0105, pa\u0161alina ne\u0161varumus, nepa\u017eeisdamos apsauginio barjero.\" \/>\n<meta name=\"robots\" content=\"index, follow, max-snippet:-1, max-image-preview:large, max-video-preview:-1\" \/>\n<link rel=\"canonical\" href=\"https:\/\/edenrituals.lt\/en\/product\/prausimosi-putos-veidui-antioxidant-cleansing-foam\/\" \/>\n<meta property=\"og:locale\" content=\"en_GB\" \/>\n<meta property=\"og:type\" content=\"article\" \/>\n<meta property=\"og:title\" content=\"Prausimosi putos veidui ANTIOXIDANT CLEANSING FOAM - Eden Rituals\" \/>\n<meta property=\"og:description\" content=\"DERMEDEN antioksidantais praturtintos prausimosi putos \u0161velniai, bet giliai valo od\u0105, pa\u0161alina ne\u0161varumus, nepa\u017eeisdamos apsauginio barjero.\" \/>\n<meta property=\"og:url\" content=\"https:\/\/edenrituals.lt\/en\/product\/prausimosi-putos-veidui-antioxidant-cleansing-foam\/\" \/>\n<meta property=\"og:site_name\" content=\"Eden Rituals\" \/>\n<meta property=\"article:publisher\" content=\"https:\/\/www.facebook.com\/profile.php?id=61567033621481#\" \/>\n<meta property=\"article:modified_time\" content=\"2025-10-28T13:03:12+00:00\" \/>\n<meta property=\"og:image\" content=\"https:\/\/edenrituals.lt\/wp-content\/uploads\/2024\/11\/Prausimosi-putos-veidui-Dermeden-ANTIOXIDANT-CLEANSING-FOAM-misija-oda.png\" \/>\n\t<meta property=\"og:image:width\" content=\"533\" \/>\n\t<meta property=\"og:image:height\" content=\"533\" \/>\n\t<meta property=\"og:image:type\" content=\"image\/png\" \/>\n<meta name=\"twitter:card\" content=\"summary_large_image\" \/>\n<meta name=\"twitter:label1\" content=\"Estimated reading time\" \/>\n\t<meta name=\"twitter:data1\" content=\"2 minutes\" \/>\n<script type=\"application\/ld+json\" class=\"yoast-schema-graph\">{\"@context\":\"https:\/\/schema.org\",\"@graph\":[{\"@type\":\"WebPage\",\"@id\":\"https:\/\/edenrituals.lt\/product\/prausimosi-putos-veidui-antioxidant-cleansing-foam\/\",\"url\":\"https:\/\/edenrituals.lt\/product\/prausimosi-putos-veidui-antioxidant-cleansing-foam\/\",\"name\":\"Prausimosi putos veidui ANTIOXIDANT CLEANSING FOAM - Eden Rituals\",\"isPartOf\":{\"@id\":\"https:\/\/edenrituals.lt\/#website\"},\"primaryImageOfPage\":{\"@id\":\"https:\/\/edenrituals.lt\/product\/prausimosi-putos-veidui-antioxidant-cleansing-foam\/#primaryimage\"},\"image\":{\"@id\":\"https:\/\/edenrituals.lt\/product\/prausimosi-putos-veidui-antioxidant-cleansing-foam\/#primaryimage\"},\"thumbnailUrl\":\"https:\/\/edenrituals.lt\/wp-content\/uploads\/2024\/11\/Prausimosi-putos-veidui-Dermeden-ANTIOXIDANT-CLEANSING-FOAM-misija-oda.png\",\"datePublished\":\"2024-11-06T20:21:44+00:00\",\"dateModified\":\"2025-10-28T13:03:12+00:00\",\"description\":\"DERMEDEN antioksidantais praturtintos prausimosi putos \u0161velniai, bet giliai valo od\u0105, pa\u0161alina ne\u0161varumus, nepa\u017eeisdamos apsauginio barjero.\",\"breadcrumb\":{\"@id\":\"https:\/\/edenrituals.lt\/product\/prausimosi-putos-veidui-antioxidant-cleansing-foam\/#breadcrumb\"},\"inLanguage\":\"en-GB\",\"potentialAction\":[{\"@type\":\"ReadAction\",\"target\":[\"https:\/\/edenrituals.lt\/product\/prausimosi-putos-veidui-antioxidant-cleansing-foam\/\"]}]},{\"@type\":\"ImageObject\",\"inLanguage\":\"en-GB\",\"@id\":\"https:\/\/edenrituals.lt\/product\/prausimosi-putos-veidui-antioxidant-cleansing-foam\/#primaryimage\",\"url\":\"https:\/\/edenrituals.lt\/wp-content\/uploads\/2024\/11\/Prausimosi-putos-veidui-Dermeden-ANTIOXIDANT-CLEANSING-FOAM-misija-oda.png\",\"contentUrl\":\"https:\/\/edenrituals.lt\/wp-content\/uploads\/2024\/11\/Prausimosi-putos-veidui-Dermeden-ANTIOXIDANT-CLEANSING-FOAM-misija-oda.png\",\"width\":533,\"height\":533,\"caption\":\"Prausimosi putos veidui ANTIOXIDANT CLEANSING FOAM\"},{\"@type\":\"BreadcrumbList\",\"@id\":\"https:\/\/edenrituals.lt\/product\/prausimosi-putos-veidui-antioxidant-cleansing-foam\/#breadcrumb\",\"itemListElement\":[{\"@type\":\"ListItem\",\"position\":1,\"name\":\"Home\",\"item\":\"https:\/\/edenrituals.lt\/\"},{\"@type\":\"ListItem\",\"position\":2,\"name\":\"Parduotuv\u0117\",\"item\":\"https:\/\/edenrituals.lt\/parduotuve\/\"},{\"@type\":\"ListItem\",\"position\":3,\"name\":\"Prausimosi putos veidui ANTIOXIDANT CLEANSING FOAM\"}]},{\"@type\":\"WebSite\",\"@id\":\"https:\/\/edenrituals.lt\/#website\",\"url\":\"https:\/\/edenrituals.lt\/\",\"name\":\"Eden Rituals\",\"description\":\"every day. every moment\",\"publisher\":{\"@id\":\"https:\/\/edenrituals.lt\/#organization\"},\"potentialAction\":[{\"@type\":\"SearchAction\",\"target\":{\"@type\":\"EntryPoint\",\"urlTemplate\":\"https:\/\/edenrituals.lt\/?s={search_term_string}\"},\"query-input\":{\"@type\":\"PropertyValueSpecification\",\"valueRequired\":true,\"valueName\":\"search_term_string\"}}],\"inLanguage\":\"en-GB\"},{\"@type\":\"Organization\",\"@id\":\"https:\/\/edenrituals.lt\/#organization\",\"name\":\"Eden Rituals\",\"url\":\"https:\/\/edenrituals.lt\/\",\"logo\":{\"@type\":\"ImageObject\",\"inLanguage\":\"en-GB\",\"@id\":\"https:\/\/edenrituals.lt\/#\/schema\/logo\/image\/\",\"url\":\"https:\/\/edenrituals.lt\/wp-content\/uploads\/2024\/08\/cosmetics-3.png\",\"contentUrl\":\"https:\/\/edenrituals.lt\/wp-content\/uploads\/2024\/08\/cosmetics-3.png\",\"width\":689,\"height\":200,\"caption\":\"Eden Rituals\"},\"image\":{\"@id\":\"https:\/\/edenrituals.lt\/#\/schema\/logo\/image\/\"},\"sameAs\":[\"https:\/\/www.facebook.com\/profile.php?id=61567033621481#\",\"https:\/\/www.instagram.com\/edenrituals\/\"]}]}<\/script>\n<!-- \/ Yoast SEO plugin. -->","yoast_head_json":{"title":"Prausimosi putos veidui ANTIOXIDANT CLEANSING FOAM - Eden Rituals","description":"DERMEDEN antioksidantais praturtintos prausimosi putos \u0161velniai, bet giliai valo od\u0105, pa\u0161alina ne\u0161varumus, nepa\u017eeisdamos apsauginio barjero.","robots":{"index":"index","follow":"follow","max-snippet":"max-snippet:-1","max-image-preview":"max-image-preview:large","max-video-preview":"max-video-preview:-1"},"canonical":"https:\/\/edenrituals.lt\/en\/product\/prausimosi-putos-veidui-antioxidant-cleansing-foam\/","og_locale":"en_GB","og_type":"article","og_title":"Prausimosi putos veidui ANTIOXIDANT CLEANSING FOAM - Eden Rituals","og_description":"DERMEDEN antioksidantais praturtintos prausimosi putos \u0161velniai, bet giliai valo od\u0105, pa\u0161alina ne\u0161varumus, nepa\u017eeisdamos apsauginio barjero.","og_url":"https:\/\/edenrituals.lt\/en\/product\/prausimosi-putos-veidui-antioxidant-cleansing-foam\/","og_site_name":"Eden Rituals","article_publisher":"https:\/\/www.facebook.com\/profile.php?id=61567033621481#","article_modified_time":"2025-10-28T13:03:12+00:00","og_image":[{"width":533,"height":533,"url":"https:\/\/edenrituals.lt\/wp-content\/uploads\/2024\/11\/Prausimosi-putos-veidui-Dermeden-ANTIOXIDANT-CLEANSING-FOAM-misija-oda.png","type":"image\/png"}],"twitter_card":"summary_large_image","twitter_misc":{"Estimated reading time":"2 minutes"},"schema":{"@context":"https:\/\/schema.org","@graph":[{"@type":"WebPage","@id":"https:\/\/edenrituals.lt\/product\/prausimosi-putos-veidui-antioxidant-cleansing-foam\/","url":"https:\/\/edenrituals.lt\/product\/prausimosi-putos-veidui-antioxidant-cleansing-foam\/","name":"Prausimosi putos veidui ANTIOXIDANT CLEANSING FOAM - Eden Rituals","isPartOf":{"@id":"https:\/\/edenrituals.lt\/#website"},"primaryImageOfPage":{"@id":"https:\/\/edenrituals.lt\/product\/prausimosi-putos-veidui-antioxidant-cleansing-foam\/#primaryimage"},"image":{"@id":"https:\/\/edenrituals.lt\/product\/prausimosi-putos-veidui-antioxidant-cleansing-foam\/#primaryimage"},"thumbnailUrl":"https:\/\/edenrituals.lt\/wp-content\/uploads\/2024\/11\/Prausimosi-putos-veidui-Dermeden-ANTIOXIDANT-CLEANSING-FOAM-misija-oda.png","datePublished":"2024-11-06T20:21:44+00:00","dateModified":"2025-10-28T13:03:12+00:00","description":"DERMEDEN antioksidantais praturtintos prausimosi putos \u0161velniai, bet giliai valo od\u0105, pa\u0161alina ne\u0161varumus, nepa\u017eeisdamos apsauginio barjero.","breadcrumb":{"@id":"https:\/\/edenrituals.lt\/product\/prausimosi-putos-veidui-antioxidant-cleansing-foam\/#breadcrumb"},"inLanguage":"en-GB","potentialAction":[{"@type":"ReadAction","target":["https:\/\/edenrituals.lt\/product\/prausimosi-putos-veidui-antioxidant-cleansing-foam\/"]}]},{"@type":"ImageObject","inLanguage":"en-GB","@id":"https:\/\/edenrituals.lt\/product\/prausimosi-putos-veidui-antioxidant-cleansing-foam\/#primaryimage","url":"https:\/\/edenrituals.lt\/wp-content\/uploads\/2024\/11\/Prausimosi-putos-veidui-Dermeden-ANTIOXIDANT-CLEANSING-FOAM-misija-oda.png","contentUrl":"https:\/\/edenrituals.lt\/wp-content\/uploads\/2024\/11\/Prausimosi-putos-veidui-Dermeden-ANTIOXIDANT-CLEANSING-FOAM-misija-oda.png","width":533,"height":533,"caption":"Prausimosi putos veidui ANTIOXIDANT CLEANSING FOAM"},{"@type":"BreadcrumbList","@id":"https:\/\/edenrituals.lt\/product\/prausimosi-putos-veidui-antioxidant-cleansing-foam\/#breadcrumb","itemListElement":[{"@type":"ListItem","position":1,"name":"Home","item":"https:\/\/edenrituals.lt\/"},{"@type":"ListItem","position":2,"name":"Parduotuv\u0117","item":"https:\/\/edenrituals.lt\/parduotuve\/"},{"@type":"ListItem","position":3,"name":"Prausimosi putos veidui ANTIOXIDANT CLEANSING FOAM"}]},{"@type":"WebSite","@id":"https:\/\/edenrituals.lt\/#website","url":"https:\/\/edenrituals.lt\/","name":"Eden Rituals","description":"every day. every moment","publisher":{"@id":"https:\/\/edenrituals.lt\/#organization"},"potentialAction":[{"@type":"SearchAction","target":{"@type":"EntryPoint","urlTemplate":"https:\/\/edenrituals.lt\/?s={search_term_string}"},"query-input":{"@type":"PropertyValueSpecification","valueRequired":true,"valueName":"search_term_string"}}],"inLanguage":"en-GB"},{"@type":"Organization","@id":"https:\/\/edenrituals.lt\/#organization","name":"Eden Rituals","url":"https:\/\/edenrituals.lt\/","logo":{"@type":"ImageObject","inLanguage":"en-GB","@id":"https:\/\/edenrituals.lt\/#\/schema\/logo\/image\/","url":"https:\/\/edenrituals.lt\/wp-content\/uploads\/2024\/08\/cosmetics-3.png","contentUrl":"https:\/\/edenrituals.lt\/wp-content\/uploads\/2024\/08\/cosmetics-3.png","width":689,"height":200,"caption":"Eden Rituals"},"image":{"@id":"https:\/\/edenrituals.lt\/#\/schema\/logo\/image\/"},"sameAs":["https:\/\/www.facebook.com\/profile.php?id=61567033621481#","https:\/\/www.instagram.com\/edenrituals\/"]}]}},"jetpack_sharing_enabled":true,"_links":{"self":[{"href":"https:\/\/edenrituals.lt\/en\/wp-json\/wp\/v2\/product\/21643","targetHints":{"allow":["GET"]}}],"collection":[{"href":"https:\/\/edenrituals.lt\/en\/wp-json\/wp\/v2\/product"}],"about":[{"href":"https:\/\/edenrituals.lt\/en\/wp-json\/wp\/v2\/types\/product"}],"replies":[{"embeddable":true,"href":"https:\/\/edenrituals.lt\/en\/wp-json\/wp\/v2\/comments?post=21643"}],"version-history":[{"count":3,"href":"https:\/\/edenrituals.lt\/en\/wp-json\/wp\/v2\/product\/21643\/revisions"}],"predecessor-version":[{"id":22039,"href":"https:\/\/edenrituals.lt\/en\/wp-json\/wp\/v2\/product\/21643\/revisions\/22039"}],"wp:featuredmedia":[{"embeddable":true,"href":"https:\/\/edenrituals.lt\/en\/wp-json\/wp\/v2\/media\/21577"}],"wp:attachment":[{"href":"https:\/\/edenrituals.lt\/en\/wp-json\/wp\/v2\/media?parent=21643"}],"wp:term":[{"taxonomy":"product_brand","embeddable":true,"href":"https:\/\/edenrituals.lt\/en\/wp-json\/wp\/v2\/product_brand?post=21643"},{"taxonomy":"product_cat","embeddable":true,"href":"https:\/\/edenrituals.lt\/en\/wp-json\/wp\/v2\/product_cat?post=21643"},{"taxonomy":"product_tag","embeddable":true,"href":"https:\/\/edenrituals.lt\/en\/wp-json\/wp\/v2\/product_tag?post=21643"}],"curies":[{"name":"wp","href":"https:\/\/api.w.org\/{rel}","templated":true}]}}