{"id":21642,"date":"2024-11-06T22:21:44","date_gmt":"2024-11-06T20:21:44","guid":{"rendered":"https:\/\/edenrituals.lt\/product\/intensyvus-naktinis-veido-kremas-intense-night-cream\/"},"modified":"2025-10-28T15:29:27","modified_gmt":"2025-10-28T13:29:27","slug":"intensyvus-naktinis-veido-kremas-intense-night-cream","status":"publish","type":"product","link":"https:\/\/edenrituals.lt\/en\/product\/intensyvus-naktinis-veido-kremas-intense-night-cream\/","title":{"rendered":"INTENSE NIGHT CREAM INTENSE NIGHT CREAM"},"content":{"rendered":"<p><strong>DERMEDEN Intensive Night Facial Cream helps the skin to regenerate and regain its radiance. A unique complex of three acids - glycolic, salicylic and dioic acid - acts as a gentle but effective youth activator.<\/strong><\/p>\n<p>It also contains a combination of retinol, niacinamide and hyaluronic acid to moisturise, reduce wrinkles and brighten the skin. Regular use gives a smoother, more elastic and visually even tone.<\/p>\n<p><strong>How to use?<\/strong><br \/>\nApply to clean face, neck and d\u00e9collet\u00e9 every evening, at least 30 minutes before bedtime. Avoid the under-eye area.<br \/>\nIf you feel a slight tingling sensation, use every other day until your skin adjusts to the active ingredients.<\/p>\n<p><strong>Result:<\/strong><br \/>\nIn the morning, skin looks smoother, more even and rested. Wrinkles are reduced and the face has a healthy glow.<\/p>\n<p><strong>Key ingredients:<\/strong><br \/>\nRetinol - reduces wrinkles and promotes regeneration.<br \/>\nGlycolic acid - gently exfoliates.<br \/>\nNiacinamide - brightens and balances tone.<br \/>\nHyaluronic acid - moisturises and provides elasticity.<br \/>\nDioic acid - helps fight pigmented spots.<\/p>\n<p><strong>Composition:<\/strong><br \/>\nAqua (Water), Coco Caprylate\/Caprate, Niacinamide, Cetearyl Alcohol, Caprylic Capric Triglyceride, Dimethicone, Glycolic Acid, Undecane, Glyceryl Stearate, Tridecane, Glycerin, Glyceryl Stearate SE, PEG-100 Stearate, Dimethicone Vinyl Dimethicone Crosspolymer, Parfum (Fragrance), Octadecenedioic Acid, Sodium Hydroxide, Polyacrylate Crosspolymer-6, Polysorbate 20, Ceteareth-20, Cetyl Palmitate, Cocoglycerides, Ethylhexylglycerin, Chlorphenesin, Hydroxyethyl Acrylate\/Sodium Acryloyldimethyl Taurate Copolymer, Salicylic Acid, Tocopheryl Acetate, Caprylic Capric Triglyceride, Hydroxypropyl Cyclodextrin, Disodium EDTA, Retinol, Sorbitan Isostearate, Polysorbate 60, T-Butyl Alcohol, Sodium Hyaluronate, Tocopherol, Sodium Metabisulphite, Helianthus Annuus (Sunflower) Seed Oil.<\/p>\n<p><strong>Suitable for use<\/strong>: for all skin types.<br \/>\n<strong>Capacity<\/strong>: 50 ml<br \/>\n<strong>Manufacturer<\/strong>: DERMEDEN<br \/>\n<strong>Country of origin<\/strong>: France<\/p>","protected":false},"excerpt":{"rendered":"<p><strong>A rich formulation that works while you sleep.<\/strong><\/p>\n<p><strong>Why try DERMEDEN Night Face Cream?<\/strong><br \/>\n- Smoothes and softens wrinkles and improves skin elasticity.<br \/>\n- Brightens pigmented spots and brightens the skin.<br \/>\n- It is highly moisturising and helps maintain water balance.<br \/>\n- Gently exfoliates and stimulates cell renewal.<br \/>\n- Improves skin regeneration processes.<\/p>","protected":false},"featured_media":21575,"comment_status":"open","ping_status":"closed","template":"","meta":[],"product_brand":[149],"product_cat":[147],"product_tag":[],"class_list":{"0":"post-21642","1":"product","2":"type-product","3":"status-publish","4":"has-post-thumbnail","6":"product_brand-dermeden","7":"product_cat-veido-kosmetika","9":"first","10":"instock","11":"shipping-taxable","12":"purchasable","13":"product-type-simple"},"yoast_head":"<!-- This site is optimized with the Yoast SEO plugin v25.9 - https:\/\/yoast.com\/wordpress\/plugins\/seo\/ -->\n<title>Intensyvus naktinis veido kremas INTENSE NIGHT CREAM - Eden Rituals<\/title>\n<meta name=\"description\" content=\"DERMEDEN intensyvus naktinis veido kremas padeda odai atsinaujinti ir atgauti spindes\u012f. Naudojant reguliariai suteikia glotnumo, elastingumo, lygesn\u012f ton\u0105.\" \/>\n<meta name=\"robots\" content=\"index, follow, max-snippet:-1, max-image-preview:large, max-video-preview:-1\" \/>\n<link rel=\"canonical\" href=\"https:\/\/edenrituals.lt\/en\/product\/intensyvus-naktinis-veido-kremas-intense-night-cream\/\" \/>\n<meta property=\"og:locale\" content=\"en_GB\" \/>\n<meta property=\"og:type\" content=\"article\" \/>\n<meta property=\"og:title\" content=\"Intensyvus naktinis veido kremas INTENSE NIGHT CREAM - Eden Rituals\" \/>\n<meta property=\"og:description\" content=\"DERMEDEN intensyvus naktinis veido kremas padeda odai atsinaujinti ir atgauti spindes\u012f. Naudojant reguliariai suteikia glotnumo, elastingumo, lygesn\u012f ton\u0105.\" \/>\n<meta property=\"og:url\" content=\"https:\/\/edenrituals.lt\/en\/product\/intensyvus-naktinis-veido-kremas-intense-night-cream\/\" \/>\n<meta property=\"og:site_name\" content=\"Eden Rituals\" \/>\n<meta property=\"article:publisher\" content=\"https:\/\/www.facebook.com\/profile.php?id=61567033621481#\" \/>\n<meta property=\"article:modified_time\" content=\"2025-10-28T13:29:27+00:00\" \/>\n<meta property=\"og:image\" content=\"https:\/\/edenrituals.lt\/wp-content\/uploads\/2024\/11\/Intensyvus-naktinis-veido-kremas-DERMEDEN-INTENSE-NIGHT-CREAM-Misija-oda.png\" \/>\n\t<meta property=\"og:image:width\" content=\"533\" \/>\n\t<meta property=\"og:image:height\" content=\"533\" \/>\n\t<meta property=\"og:image:type\" content=\"image\/png\" \/>\n<meta name=\"twitter:card\" content=\"summary_large_image\" \/>\n<meta name=\"twitter:label1\" content=\"Estimated reading time\" \/>\n\t<meta name=\"twitter:data1\" content=\"2 minutes\" \/>\n<script type=\"application\/ld+json\" class=\"yoast-schema-graph\">{\"@context\":\"https:\/\/schema.org\",\"@graph\":[{\"@type\":\"WebPage\",\"@id\":\"https:\/\/edenrituals.lt\/product\/intensyvus-naktinis-veido-kremas-intense-night-cream\/\",\"url\":\"https:\/\/edenrituals.lt\/product\/intensyvus-naktinis-veido-kremas-intense-night-cream\/\",\"name\":\"Intensyvus naktinis veido kremas INTENSE NIGHT CREAM - Eden Rituals\",\"isPartOf\":{\"@id\":\"https:\/\/edenrituals.lt\/#website\"},\"primaryImageOfPage\":{\"@id\":\"https:\/\/edenrituals.lt\/product\/intensyvus-naktinis-veido-kremas-intense-night-cream\/#primaryimage\"},\"image\":{\"@id\":\"https:\/\/edenrituals.lt\/product\/intensyvus-naktinis-veido-kremas-intense-night-cream\/#primaryimage\"},\"thumbnailUrl\":\"https:\/\/edenrituals.lt\/wp-content\/uploads\/2024\/11\/Intensyvus-naktinis-veido-kremas-DERMEDEN-INTENSE-NIGHT-CREAM-Misija-oda.png\",\"datePublished\":\"2024-11-06T20:21:44+00:00\",\"dateModified\":\"2025-10-28T13:29:27+00:00\",\"description\":\"DERMEDEN intensyvus naktinis veido kremas padeda odai atsinaujinti ir atgauti spindes\u012f. Naudojant reguliariai suteikia glotnumo, elastingumo, lygesn\u012f ton\u0105.\",\"breadcrumb\":{\"@id\":\"https:\/\/edenrituals.lt\/product\/intensyvus-naktinis-veido-kremas-intense-night-cream\/#breadcrumb\"},\"inLanguage\":\"en-GB\",\"potentialAction\":[{\"@type\":\"ReadAction\",\"target\":[\"https:\/\/edenrituals.lt\/product\/intensyvus-naktinis-veido-kremas-intense-night-cream\/\"]}]},{\"@type\":\"ImageObject\",\"inLanguage\":\"en-GB\",\"@id\":\"https:\/\/edenrituals.lt\/product\/intensyvus-naktinis-veido-kremas-intense-night-cream\/#primaryimage\",\"url\":\"https:\/\/edenrituals.lt\/wp-content\/uploads\/2024\/11\/Intensyvus-naktinis-veido-kremas-DERMEDEN-INTENSE-NIGHT-CREAM-Misija-oda.png\",\"contentUrl\":\"https:\/\/edenrituals.lt\/wp-content\/uploads\/2024\/11\/Intensyvus-naktinis-veido-kremas-DERMEDEN-INTENSE-NIGHT-CREAM-Misija-oda.png\",\"width\":533,\"height\":533,\"caption\":\"Intensyvus naktinis veido kremas INTENSE NIGHT CREAM\"},{\"@type\":\"BreadcrumbList\",\"@id\":\"https:\/\/edenrituals.lt\/product\/intensyvus-naktinis-veido-kremas-intense-night-cream\/#breadcrumb\",\"itemListElement\":[{\"@type\":\"ListItem\",\"position\":1,\"name\":\"Home\",\"item\":\"https:\/\/edenrituals.lt\/\"},{\"@type\":\"ListItem\",\"position\":2,\"name\":\"Parduotuv\u0117\",\"item\":\"https:\/\/edenrituals.lt\/parduotuve\/\"},{\"@type\":\"ListItem\",\"position\":3,\"name\":\"Intensyvus naktinis veido kremas INTENSE NIGHT CREAM\"}]},{\"@type\":\"WebSite\",\"@id\":\"https:\/\/edenrituals.lt\/#website\",\"url\":\"https:\/\/edenrituals.lt\/\",\"name\":\"Eden Rituals\",\"description\":\"every day. every moment\",\"publisher\":{\"@id\":\"https:\/\/edenrituals.lt\/#organization\"},\"potentialAction\":[{\"@type\":\"SearchAction\",\"target\":{\"@type\":\"EntryPoint\",\"urlTemplate\":\"https:\/\/edenrituals.lt\/?s={search_term_string}\"},\"query-input\":{\"@type\":\"PropertyValueSpecification\",\"valueRequired\":true,\"valueName\":\"search_term_string\"}}],\"inLanguage\":\"en-GB\"},{\"@type\":\"Organization\",\"@id\":\"https:\/\/edenrituals.lt\/#organization\",\"name\":\"Eden Rituals\",\"url\":\"https:\/\/edenrituals.lt\/\",\"logo\":{\"@type\":\"ImageObject\",\"inLanguage\":\"en-GB\",\"@id\":\"https:\/\/edenrituals.lt\/#\/schema\/logo\/image\/\",\"url\":\"https:\/\/edenrituals.lt\/wp-content\/uploads\/2024\/08\/cosmetics-3.png\",\"contentUrl\":\"https:\/\/edenrituals.lt\/wp-content\/uploads\/2024\/08\/cosmetics-3.png\",\"width\":689,\"height\":200,\"caption\":\"Eden Rituals\"},\"image\":{\"@id\":\"https:\/\/edenrituals.lt\/#\/schema\/logo\/image\/\"},\"sameAs\":[\"https:\/\/www.facebook.com\/profile.php?id=61567033621481#\",\"https:\/\/www.instagram.com\/edenrituals\/\"]}]}<\/script>\n<!-- \/ Yoast SEO plugin. -->","yoast_head_json":{"title":"Intensyvus naktinis veido kremas INTENSE NIGHT CREAM - Eden Rituals","description":"DERMEDEN intensyvus naktinis veido kremas padeda odai atsinaujinti ir atgauti spindes\u012f. Naudojant reguliariai suteikia glotnumo, elastingumo, lygesn\u012f ton\u0105.","robots":{"index":"index","follow":"follow","max-snippet":"max-snippet:-1","max-image-preview":"max-image-preview:large","max-video-preview":"max-video-preview:-1"},"canonical":"https:\/\/edenrituals.lt\/en\/product\/intensyvus-naktinis-veido-kremas-intense-night-cream\/","og_locale":"en_GB","og_type":"article","og_title":"Intensyvus naktinis veido kremas INTENSE NIGHT CREAM - Eden Rituals","og_description":"DERMEDEN intensyvus naktinis veido kremas padeda odai atsinaujinti ir atgauti spindes\u012f. Naudojant reguliariai suteikia glotnumo, elastingumo, lygesn\u012f ton\u0105.","og_url":"https:\/\/edenrituals.lt\/en\/product\/intensyvus-naktinis-veido-kremas-intense-night-cream\/","og_site_name":"Eden Rituals","article_publisher":"https:\/\/www.facebook.com\/profile.php?id=61567033621481#","article_modified_time":"2025-10-28T13:29:27+00:00","og_image":[{"width":533,"height":533,"url":"https:\/\/edenrituals.lt\/wp-content\/uploads\/2024\/11\/Intensyvus-naktinis-veido-kremas-DERMEDEN-INTENSE-NIGHT-CREAM-Misija-oda.png","type":"image\/png"}],"twitter_card":"summary_large_image","twitter_misc":{"Estimated reading time":"2 minutes"},"schema":{"@context":"https:\/\/schema.org","@graph":[{"@type":"WebPage","@id":"https:\/\/edenrituals.lt\/product\/intensyvus-naktinis-veido-kremas-intense-night-cream\/","url":"https:\/\/edenrituals.lt\/product\/intensyvus-naktinis-veido-kremas-intense-night-cream\/","name":"Intensyvus naktinis veido kremas INTENSE NIGHT CREAM - Eden Rituals","isPartOf":{"@id":"https:\/\/edenrituals.lt\/#website"},"primaryImageOfPage":{"@id":"https:\/\/edenrituals.lt\/product\/intensyvus-naktinis-veido-kremas-intense-night-cream\/#primaryimage"},"image":{"@id":"https:\/\/edenrituals.lt\/product\/intensyvus-naktinis-veido-kremas-intense-night-cream\/#primaryimage"},"thumbnailUrl":"https:\/\/edenrituals.lt\/wp-content\/uploads\/2024\/11\/Intensyvus-naktinis-veido-kremas-DERMEDEN-INTENSE-NIGHT-CREAM-Misija-oda.png","datePublished":"2024-11-06T20:21:44+00:00","dateModified":"2025-10-28T13:29:27+00:00","description":"DERMEDEN intensyvus naktinis veido kremas padeda odai atsinaujinti ir atgauti spindes\u012f. Naudojant reguliariai suteikia glotnumo, elastingumo, lygesn\u012f ton\u0105.","breadcrumb":{"@id":"https:\/\/edenrituals.lt\/product\/intensyvus-naktinis-veido-kremas-intense-night-cream\/#breadcrumb"},"inLanguage":"en-GB","potentialAction":[{"@type":"ReadAction","target":["https:\/\/edenrituals.lt\/product\/intensyvus-naktinis-veido-kremas-intense-night-cream\/"]}]},{"@type":"ImageObject","inLanguage":"en-GB","@id":"https:\/\/edenrituals.lt\/product\/intensyvus-naktinis-veido-kremas-intense-night-cream\/#primaryimage","url":"https:\/\/edenrituals.lt\/wp-content\/uploads\/2024\/11\/Intensyvus-naktinis-veido-kremas-DERMEDEN-INTENSE-NIGHT-CREAM-Misija-oda.png","contentUrl":"https:\/\/edenrituals.lt\/wp-content\/uploads\/2024\/11\/Intensyvus-naktinis-veido-kremas-DERMEDEN-INTENSE-NIGHT-CREAM-Misija-oda.png","width":533,"height":533,"caption":"Intensyvus naktinis veido kremas INTENSE NIGHT CREAM"},{"@type":"BreadcrumbList","@id":"https:\/\/edenrituals.lt\/product\/intensyvus-naktinis-veido-kremas-intense-night-cream\/#breadcrumb","itemListElement":[{"@type":"ListItem","position":1,"name":"Home","item":"https:\/\/edenrituals.lt\/"},{"@type":"ListItem","position":2,"name":"Parduotuv\u0117","item":"https:\/\/edenrituals.lt\/parduotuve\/"},{"@type":"ListItem","position":3,"name":"Intensyvus naktinis veido kremas INTENSE NIGHT CREAM"}]},{"@type":"WebSite","@id":"https:\/\/edenrituals.lt\/#website","url":"https:\/\/edenrituals.lt\/","name":"Eden Rituals","description":"every day. every moment","publisher":{"@id":"https:\/\/edenrituals.lt\/#organization"},"potentialAction":[{"@type":"SearchAction","target":{"@type":"EntryPoint","urlTemplate":"https:\/\/edenrituals.lt\/?s={search_term_string}"},"query-input":{"@type":"PropertyValueSpecification","valueRequired":true,"valueName":"search_term_string"}}],"inLanguage":"en-GB"},{"@type":"Organization","@id":"https:\/\/edenrituals.lt\/#organization","name":"Eden Rituals","url":"https:\/\/edenrituals.lt\/","logo":{"@type":"ImageObject","inLanguage":"en-GB","@id":"https:\/\/edenrituals.lt\/#\/schema\/logo\/image\/","url":"https:\/\/edenrituals.lt\/wp-content\/uploads\/2024\/08\/cosmetics-3.png","contentUrl":"https:\/\/edenrituals.lt\/wp-content\/uploads\/2024\/08\/cosmetics-3.png","width":689,"height":200,"caption":"Eden Rituals"},"image":{"@id":"https:\/\/edenrituals.lt\/#\/schema\/logo\/image\/"},"sameAs":["https:\/\/www.facebook.com\/profile.php?id=61567033621481#","https:\/\/www.instagram.com\/edenrituals\/"]}]}},"jetpack_sharing_enabled":true,"_links":{"self":[{"href":"https:\/\/edenrituals.lt\/en\/wp-json\/wp\/v2\/product\/21642","targetHints":{"allow":["GET"]}}],"collection":[{"href":"https:\/\/edenrituals.lt\/en\/wp-json\/wp\/v2\/product"}],"about":[{"href":"https:\/\/edenrituals.lt\/en\/wp-json\/wp\/v2\/types\/product"}],"replies":[{"embeddable":true,"href":"https:\/\/edenrituals.lt\/en\/wp-json\/wp\/v2\/comments?post=21642"}],"version-history":[{"count":3,"href":"https:\/\/edenrituals.lt\/en\/wp-json\/wp\/v2\/product\/21642\/revisions"}],"predecessor-version":[{"id":22049,"href":"https:\/\/edenrituals.lt\/en\/wp-json\/wp\/v2\/product\/21642\/revisions\/22049"}],"wp:featuredmedia":[{"embeddable":true,"href":"https:\/\/edenrituals.lt\/en\/wp-json\/wp\/v2\/media\/21575"}],"wp:attachment":[{"href":"https:\/\/edenrituals.lt\/en\/wp-json\/wp\/v2\/media?parent=21642"}],"wp:term":[{"taxonomy":"product_brand","embeddable":true,"href":"https:\/\/edenrituals.lt\/en\/wp-json\/wp\/v2\/product_brand?post=21642"},{"taxonomy":"product_cat","embeddable":true,"href":"https:\/\/edenrituals.lt\/en\/wp-json\/wp\/v2\/product_cat?post=21642"},{"taxonomy":"product_tag","embeddable":true,"href":"https:\/\/edenrituals.lt\/en\/wp-json\/wp\/v2\/product_tag?post=21642"}],"curies":[{"name":"wp","href":"https:\/\/api.w.org\/{rel}","templated":true}]}}