{"id":21639,"date":"2024-11-06T22:21:44","date_gmt":"2024-11-06T20:21:44","guid":{"rendered":"https:\/\/edenrituals.lt\/product\/dermeden-drekinantis-kremas-sausai-odai-rich-cream\/"},"modified":"2025-10-28T16:42:48","modified_gmt":"2025-10-28T14:42:48","slug":"dermeden-drekinantis-kremas-sausai-odai-rich-cream","status":"publish","type":"product","link":"https:\/\/edenrituals.lt\/en\/product\/dermeden-drekinantis-kremas-sausai-odai-rich-cream\/","title":{"rendered":"DERMEDEN Moisturising cream for dry skin RICH CREAM"},"content":{"rendered":"<p><strong>When skin loses its softness and moisture, DERMEDEN Moisturising Cream for Dry Skin helps restore its vitality and elasticity. The rich-feeling texture envelops the skin in comfort and intense moisture.<\/strong><\/p>\n<p>The hyaluronic acids in the formula moisturise on several levels, gluconolactone stimulates collagen production and phytoqualane restores lipid balance. DERMEDEN Moisturising Cream for dry skin helps to make it softer, firmer and visually smoother.<\/p>\n<p><strong>How to use?<\/strong><br \/>\nApply to clean face, neck and d\u00e9collet\u00e9. Massage gently in circular motions until fully absorbed.<\/p>\n<p><strong>Result:<\/strong><br \/>\nSkin is left comfortably hydrated, smoother and visually refreshed - as if infused with vitality from within.<\/p>\n<p><strong>Key ingredients:<\/strong><br \/>\nHyaluronic acids - moisturises in several layers.<br \/>\nGluconolactone - strengthens and firms.<br \/>\nPhytosqualane - softens and restores lipid balance.<\/p>\n<p><strong>Composition:<\/strong><br \/>\nAqua, Coco Caprylate Caprate, Helianthus Annuus Seed Oil, Cetearyl Olivate, Sorbitan Olivate, Glycerin, Gluconolactone, C10-18 Triglyceride, Squalane, Cetearyl Alcohol, Sodium Hydroxide, Glyceryl Stearate SE, Hydrolyzed Hyaluronic Acid, Sodium Hyaluronate, Tocopheryl Acetate, Ammonium Acryloyldimethyltaurate\/VP Copolymer, Ethylhexylglycerin, Chlorphenesin.<\/p>\n<p><strong>Capacity<\/strong>: 50 ml<br \/>\n<strong>Manufacturer<\/strong>: DERMEDEN<br \/>\n<strong>Country of origin<\/strong>: France<\/p>","protected":false},"excerpt":{"rendered":"<p><strong>Softens, nourishes and envelops the skin in moisture - like a sip of water for dry skin.<\/strong><\/p>\n<p><strong>Why try DERMEDEN Moisturising Cream for dry skin?<\/strong><br \/>\n- Deeply moisturises and rebalances dry skin.<br \/>\n- Helps to reduce fine lines and wrinkles and gives firmness.<br \/>\n- Prevents moisture loss and stretching.<br \/>\n- Softens, nourishes and smooths the skin.<\/p>","protected":false},"featured_media":21569,"comment_status":"open","ping_status":"closed","template":"","meta":[],"product_brand":[149],"product_cat":[147],"product_tag":[],"class_list":{"0":"post-21639","1":"product","2":"type-product","3":"status-publish","4":"has-post-thumbnail","6":"product_brand-dermeden","7":"product_cat-veido-kosmetika","9":"first","10":"instock","11":"shipping-taxable","12":"purchasable","13":"product-type-simple"},"yoast_head":"<!-- This site is optimized with the Yoast SEO plugin v25.9 - https:\/\/yoast.com\/wordpress\/plugins\/seo\/ -->\n<title>DERMEDEN Dr\u0117kinantis kremas sausai odai RICH CREAM - Eden Rituals<\/title>\n<meta name=\"description\" content=\"Kai oda praranda \u0161velnum\u0105 ir dr\u0117gm\u0119, DERMEDEN dr\u0117kinantis kremas sausai odai padeda atkurti jos gyvybingum\u0105 ir elastingum\u0105.\" \/>\n<meta name=\"robots\" content=\"index, follow, max-snippet:-1, max-image-preview:large, max-video-preview:-1\" \/>\n<link rel=\"canonical\" href=\"https:\/\/edenrituals.lt\/en\/product\/dermeden-drekinantis-kremas-sausai-odai-rich-cream\/\" \/>\n<meta property=\"og:locale\" content=\"en_GB\" \/>\n<meta property=\"og:type\" content=\"article\" \/>\n<meta property=\"og:title\" content=\"DERMEDEN Dr\u0117kinantis kremas sausai odai RICH CREAM - Eden Rituals\" \/>\n<meta property=\"og:description\" content=\"Kai oda praranda \u0161velnum\u0105 ir dr\u0117gm\u0119, DERMEDEN dr\u0117kinantis kremas sausai odai padeda atkurti jos gyvybingum\u0105 ir elastingum\u0105.\" \/>\n<meta property=\"og:url\" content=\"https:\/\/edenrituals.lt\/en\/product\/dermeden-drekinantis-kremas-sausai-odai-rich-cream\/\" \/>\n<meta property=\"og:site_name\" content=\"Eden Rituals\" \/>\n<meta property=\"article:publisher\" content=\"https:\/\/www.facebook.com\/profile.php?id=61567033621481#\" \/>\n<meta property=\"article:modified_time\" content=\"2025-10-28T14:42:48+00:00\" \/>\n<meta property=\"og:image\" content=\"https:\/\/edenrituals.lt\/wp-content\/uploads\/2024\/11\/DERMEDEN-drekinantis-kremas-sausai-odai-RICH-CREAM-misija-oda.png\" \/>\n\t<meta property=\"og:image:width\" content=\"533\" \/>\n\t<meta property=\"og:image:height\" content=\"533\" \/>\n\t<meta property=\"og:image:type\" content=\"image\/png\" \/>\n<meta name=\"twitter:card\" content=\"summary_large_image\" \/>\n<meta name=\"twitter:label1\" content=\"Estimated reading time\" \/>\n\t<meta name=\"twitter:data1\" content=\"2 minutes\" \/>\n<script type=\"application\/ld+json\" class=\"yoast-schema-graph\">{\"@context\":\"https:\/\/schema.org\",\"@graph\":[{\"@type\":\"WebPage\",\"@id\":\"https:\/\/edenrituals.lt\/product\/dermeden-drekinantis-kremas-sausai-odai-rich-cream\/\",\"url\":\"https:\/\/edenrituals.lt\/product\/dermeden-drekinantis-kremas-sausai-odai-rich-cream\/\",\"name\":\"DERMEDEN Dr\u0117kinantis kremas sausai odai RICH CREAM - Eden Rituals\",\"isPartOf\":{\"@id\":\"https:\/\/edenrituals.lt\/#website\"},\"primaryImageOfPage\":{\"@id\":\"https:\/\/edenrituals.lt\/product\/dermeden-drekinantis-kremas-sausai-odai-rich-cream\/#primaryimage\"},\"image\":{\"@id\":\"https:\/\/edenrituals.lt\/product\/dermeden-drekinantis-kremas-sausai-odai-rich-cream\/#primaryimage\"},\"thumbnailUrl\":\"https:\/\/edenrituals.lt\/wp-content\/uploads\/2024\/11\/DERMEDEN-drekinantis-kremas-sausai-odai-RICH-CREAM-misija-oda.png\",\"datePublished\":\"2024-11-06T20:21:44+00:00\",\"dateModified\":\"2025-10-28T14:42:48+00:00\",\"description\":\"Kai oda praranda \u0161velnum\u0105 ir dr\u0117gm\u0119, DERMEDEN dr\u0117kinantis kremas sausai odai padeda atkurti jos gyvybingum\u0105 ir elastingum\u0105.\",\"breadcrumb\":{\"@id\":\"https:\/\/edenrituals.lt\/product\/dermeden-drekinantis-kremas-sausai-odai-rich-cream\/#breadcrumb\"},\"inLanguage\":\"en-GB\",\"potentialAction\":[{\"@type\":\"ReadAction\",\"target\":[\"https:\/\/edenrituals.lt\/product\/dermeden-drekinantis-kremas-sausai-odai-rich-cream\/\"]}]},{\"@type\":\"ImageObject\",\"inLanguage\":\"en-GB\",\"@id\":\"https:\/\/edenrituals.lt\/product\/dermeden-drekinantis-kremas-sausai-odai-rich-cream\/#primaryimage\",\"url\":\"https:\/\/edenrituals.lt\/wp-content\/uploads\/2024\/11\/DERMEDEN-drekinantis-kremas-sausai-odai-RICH-CREAM-misija-oda.png\",\"contentUrl\":\"https:\/\/edenrituals.lt\/wp-content\/uploads\/2024\/11\/DERMEDEN-drekinantis-kremas-sausai-odai-RICH-CREAM-misija-oda.png\",\"width\":533,\"height\":533,\"caption\":\"kremas sausai odai\"},{\"@type\":\"BreadcrumbList\",\"@id\":\"https:\/\/edenrituals.lt\/product\/dermeden-drekinantis-kremas-sausai-odai-rich-cream\/#breadcrumb\",\"itemListElement\":[{\"@type\":\"ListItem\",\"position\":1,\"name\":\"Home\",\"item\":\"https:\/\/edenrituals.lt\/\"},{\"@type\":\"ListItem\",\"position\":2,\"name\":\"Parduotuv\u0117\",\"item\":\"https:\/\/edenrituals.lt\/parduotuve\/\"},{\"@type\":\"ListItem\",\"position\":3,\"name\":\"DERMEDEN Dr\u0117kinantis kremas sausai odai RICH CREAM\"}]},{\"@type\":\"WebSite\",\"@id\":\"https:\/\/edenrituals.lt\/#website\",\"url\":\"https:\/\/edenrituals.lt\/\",\"name\":\"Eden Rituals\",\"description\":\"every day. every moment\",\"publisher\":{\"@id\":\"https:\/\/edenrituals.lt\/#organization\"},\"potentialAction\":[{\"@type\":\"SearchAction\",\"target\":{\"@type\":\"EntryPoint\",\"urlTemplate\":\"https:\/\/edenrituals.lt\/?s={search_term_string}\"},\"query-input\":{\"@type\":\"PropertyValueSpecification\",\"valueRequired\":true,\"valueName\":\"search_term_string\"}}],\"inLanguage\":\"en-GB\"},{\"@type\":\"Organization\",\"@id\":\"https:\/\/edenrituals.lt\/#organization\",\"name\":\"Eden Rituals\",\"url\":\"https:\/\/edenrituals.lt\/\",\"logo\":{\"@type\":\"ImageObject\",\"inLanguage\":\"en-GB\",\"@id\":\"https:\/\/edenrituals.lt\/#\/schema\/logo\/image\/\",\"url\":\"https:\/\/edenrituals.lt\/wp-content\/uploads\/2024\/08\/cosmetics-3.png\",\"contentUrl\":\"https:\/\/edenrituals.lt\/wp-content\/uploads\/2024\/08\/cosmetics-3.png\",\"width\":689,\"height\":200,\"caption\":\"Eden Rituals\"},\"image\":{\"@id\":\"https:\/\/edenrituals.lt\/#\/schema\/logo\/image\/\"},\"sameAs\":[\"https:\/\/www.facebook.com\/profile.php?id=61567033621481#\",\"https:\/\/www.instagram.com\/edenrituals\/\"]}]}<\/script>\n<!-- \/ Yoast SEO plugin. -->","yoast_head_json":{"title":"DERMEDEN Dr\u0117kinantis kremas sausai odai RICH CREAM - Eden Rituals","description":"Kai oda praranda \u0161velnum\u0105 ir dr\u0117gm\u0119, DERMEDEN dr\u0117kinantis kremas sausai odai padeda atkurti jos gyvybingum\u0105 ir elastingum\u0105.","robots":{"index":"index","follow":"follow","max-snippet":"max-snippet:-1","max-image-preview":"max-image-preview:large","max-video-preview":"max-video-preview:-1"},"canonical":"https:\/\/edenrituals.lt\/en\/product\/dermeden-drekinantis-kremas-sausai-odai-rich-cream\/","og_locale":"en_GB","og_type":"article","og_title":"DERMEDEN Dr\u0117kinantis kremas sausai odai RICH CREAM - Eden Rituals","og_description":"Kai oda praranda \u0161velnum\u0105 ir dr\u0117gm\u0119, DERMEDEN dr\u0117kinantis kremas sausai odai padeda atkurti jos gyvybingum\u0105 ir elastingum\u0105.","og_url":"https:\/\/edenrituals.lt\/en\/product\/dermeden-drekinantis-kremas-sausai-odai-rich-cream\/","og_site_name":"Eden Rituals","article_publisher":"https:\/\/www.facebook.com\/profile.php?id=61567033621481#","article_modified_time":"2025-10-28T14:42:48+00:00","og_image":[{"width":533,"height":533,"url":"https:\/\/edenrituals.lt\/wp-content\/uploads\/2024\/11\/DERMEDEN-drekinantis-kremas-sausai-odai-RICH-CREAM-misija-oda.png","type":"image\/png"}],"twitter_card":"summary_large_image","twitter_misc":{"Estimated reading time":"2 minutes"},"schema":{"@context":"https:\/\/schema.org","@graph":[{"@type":"WebPage","@id":"https:\/\/edenrituals.lt\/product\/dermeden-drekinantis-kremas-sausai-odai-rich-cream\/","url":"https:\/\/edenrituals.lt\/product\/dermeden-drekinantis-kremas-sausai-odai-rich-cream\/","name":"DERMEDEN Dr\u0117kinantis kremas sausai odai RICH CREAM - Eden Rituals","isPartOf":{"@id":"https:\/\/edenrituals.lt\/#website"},"primaryImageOfPage":{"@id":"https:\/\/edenrituals.lt\/product\/dermeden-drekinantis-kremas-sausai-odai-rich-cream\/#primaryimage"},"image":{"@id":"https:\/\/edenrituals.lt\/product\/dermeden-drekinantis-kremas-sausai-odai-rich-cream\/#primaryimage"},"thumbnailUrl":"https:\/\/edenrituals.lt\/wp-content\/uploads\/2024\/11\/DERMEDEN-drekinantis-kremas-sausai-odai-RICH-CREAM-misija-oda.png","datePublished":"2024-11-06T20:21:44+00:00","dateModified":"2025-10-28T14:42:48+00:00","description":"Kai oda praranda \u0161velnum\u0105 ir dr\u0117gm\u0119, DERMEDEN dr\u0117kinantis kremas sausai odai padeda atkurti jos gyvybingum\u0105 ir elastingum\u0105.","breadcrumb":{"@id":"https:\/\/edenrituals.lt\/product\/dermeden-drekinantis-kremas-sausai-odai-rich-cream\/#breadcrumb"},"inLanguage":"en-GB","potentialAction":[{"@type":"ReadAction","target":["https:\/\/edenrituals.lt\/product\/dermeden-drekinantis-kremas-sausai-odai-rich-cream\/"]}]},{"@type":"ImageObject","inLanguage":"en-GB","@id":"https:\/\/edenrituals.lt\/product\/dermeden-drekinantis-kremas-sausai-odai-rich-cream\/#primaryimage","url":"https:\/\/edenrituals.lt\/wp-content\/uploads\/2024\/11\/DERMEDEN-drekinantis-kremas-sausai-odai-RICH-CREAM-misija-oda.png","contentUrl":"https:\/\/edenrituals.lt\/wp-content\/uploads\/2024\/11\/DERMEDEN-drekinantis-kremas-sausai-odai-RICH-CREAM-misija-oda.png","width":533,"height":533,"caption":"kremas sausai odai"},{"@type":"BreadcrumbList","@id":"https:\/\/edenrituals.lt\/product\/dermeden-drekinantis-kremas-sausai-odai-rich-cream\/#breadcrumb","itemListElement":[{"@type":"ListItem","position":1,"name":"Home","item":"https:\/\/edenrituals.lt\/"},{"@type":"ListItem","position":2,"name":"Parduotuv\u0117","item":"https:\/\/edenrituals.lt\/parduotuve\/"},{"@type":"ListItem","position":3,"name":"DERMEDEN Dr\u0117kinantis kremas sausai odai RICH CREAM"}]},{"@type":"WebSite","@id":"https:\/\/edenrituals.lt\/#website","url":"https:\/\/edenrituals.lt\/","name":"Eden Rituals","description":"every day. every moment","publisher":{"@id":"https:\/\/edenrituals.lt\/#organization"},"potentialAction":[{"@type":"SearchAction","target":{"@type":"EntryPoint","urlTemplate":"https:\/\/edenrituals.lt\/?s={search_term_string}"},"query-input":{"@type":"PropertyValueSpecification","valueRequired":true,"valueName":"search_term_string"}}],"inLanguage":"en-GB"},{"@type":"Organization","@id":"https:\/\/edenrituals.lt\/#organization","name":"Eden Rituals","url":"https:\/\/edenrituals.lt\/","logo":{"@type":"ImageObject","inLanguage":"en-GB","@id":"https:\/\/edenrituals.lt\/#\/schema\/logo\/image\/","url":"https:\/\/edenrituals.lt\/wp-content\/uploads\/2024\/08\/cosmetics-3.png","contentUrl":"https:\/\/edenrituals.lt\/wp-content\/uploads\/2024\/08\/cosmetics-3.png","width":689,"height":200,"caption":"Eden Rituals"},"image":{"@id":"https:\/\/edenrituals.lt\/#\/schema\/logo\/image\/"},"sameAs":["https:\/\/www.facebook.com\/profile.php?id=61567033621481#","https:\/\/www.instagram.com\/edenrituals\/"]}]}},"jetpack_sharing_enabled":true,"_links":{"self":[{"href":"https:\/\/edenrituals.lt\/en\/wp-json\/wp\/v2\/product\/21639","targetHints":{"allow":["GET"]}}],"collection":[{"href":"https:\/\/edenrituals.lt\/en\/wp-json\/wp\/v2\/product"}],"about":[{"href":"https:\/\/edenrituals.lt\/en\/wp-json\/wp\/v2\/types\/product"}],"replies":[{"embeddable":true,"href":"https:\/\/edenrituals.lt\/en\/wp-json\/wp\/v2\/comments?post=21639"}],"version-history":[{"count":4,"href":"https:\/\/edenrituals.lt\/en\/wp-json\/wp\/v2\/product\/21639\/revisions"}],"predecessor-version":[{"id":22070,"href":"https:\/\/edenrituals.lt\/en\/wp-json\/wp\/v2\/product\/21639\/revisions\/22070"}],"wp:featuredmedia":[{"embeddable":true,"href":"https:\/\/edenrituals.lt\/en\/wp-json\/wp\/v2\/media\/21569"}],"wp:attachment":[{"href":"https:\/\/edenrituals.lt\/en\/wp-json\/wp\/v2\/media?parent=21639"}],"wp:term":[{"taxonomy":"product_brand","embeddable":true,"href":"https:\/\/edenrituals.lt\/en\/wp-json\/wp\/v2\/product_brand?post=21639"},{"taxonomy":"product_cat","embeddable":true,"href":"https:\/\/edenrituals.lt\/en\/wp-json\/wp\/v2\/product_cat?post=21639"},{"taxonomy":"product_tag","embeddable":true,"href":"https:\/\/edenrituals.lt\/en\/wp-json\/wp\/v2\/product_tag?post=21639"}],"curies":[{"name":"wp","href":"https:\/\/api.w.org\/{rel}","templated":true}]}}