{"id":21529,"date":"2024-08-14T02:47:09","date_gmt":"2024-08-13T23:47:09","guid":{"rendered":"https:\/\/edenrituals.lt\/?post_type=product&#038;p=21529"},"modified":"2026-01-02T16:03:18","modified_gmt":"2026-01-02T14:03:18","slug":"eden-drekinamasis-veido-serumas-30-ml","status":"publish","type":"product","link":"https:\/\/edenrituals.lt\/en\/product\/eden-drekinamasis-veido-serumas-30-ml\/","title":{"rendered":"Ed\u00e9n Intensive Moisturising Serum, 30 ml."},"content":{"rendered":"<p>This intensive moisturising serum is like a sip of water for parched skin. The light texture absorbs quickly, leaving the skin with a long-lasting feeling of moisture, softness and elasticity. This intensive moisturising serum helps restore the skin's vitality and natural radiance, strengthens the protective barrier and prevents moisture loss.<\/p>\n<p>Its formula is enriched with hyaluronic acid, snow mushroom polysaccharides and ceramides, which work synergistically to support deep hydration, strengthen skin structure and soothe sensitivity. With regular use, the skin becomes firmer, smoother and visually healthier.<\/p>\n<p><strong>Key ingredients:<\/strong><\/p>\n<ul>\n<li>Hyaluronic Acid - deeply hydrates, retains moisture and gives skin elasticity.<\/li>\n<li>Snow mushroom polysaccharides - intensely moisturises and leaves skin soft and smooth.<\/li>\n<li>Ceramides - strengthen the skin's protective barrier, help retain moisture and protect against dryness.<\/li>\n<li>Plant extracts - soothes, nourishes and gives a healthy glow.<\/li>\n<\/ul>\n<p><strong>How to use?<\/strong><\/p>\n<p>Use morning and evening on clean skin. Massage gently until fully absorbed. Perfect as a moisturising base before make-up.<\/p>\n<p><strong>Result:<\/strong><\/p>\n<p>Moisturised, supple and glowing skin - looking rested and full of life.<\/p>\n<p><strong>Capacity<\/strong>: 30 ml<\/p>\n<p><strong>Manufacturer<\/strong>: Eden<\/p>\n<p><strong>Country of origin<\/strong>: Lithuania<\/p>","protected":false},"excerpt":{"rendered":"<p>The softness, freshness and moisture your skin craves.<\/p>\n<p><strong>Why try it?<\/strong><\/p>\n<ul>\n<li>Intensely moisturises and provides long-lasting comfort for the skin.<\/li>\n<li>Improves elasticity, softness and tone.<\/li>\n<li>Soothes and strengthens sensitive skin.<\/li>\n<li>Helps protect against dehydration and the first signs of ageing.<\/li>\n<li>Ideal for dry, dehydrated and sensitive skin.<\/li>\n<\/ul>","protected":false},"featured_media":21788,"comment_status":"open","ping_status":"closed","template":"","meta":[],"product_brand":[148],"product_cat":[147],"product_tag":[],"class_list":{"0":"post-21529","1":"product","2":"type-product","3":"status-publish","4":"has-post-thumbnail","6":"product_brand-eden","7":"product_cat-veido-kosmetika","9":"first","10":"instock","11":"shipping-taxable","12":"purchasable","13":"product-type-simple"},"yoast_head":"<!-- This site is optimized with the Yoast SEO plugin v25.9 - https:\/\/yoast.com\/wordpress\/plugins\/seo\/ -->\n<title>Ed\u00e9n intensyviai dr\u0117kinantis serumas, 30 ml. - Eden Rituals<\/title>\n<meta name=\"description\" content=\"\u0160is intensyviai dr\u0117kinantis serumas padeda atkurti odos gyvybingum\u0105 ir nat\u016bral\u0173 \u0161vyt\u0117jim\u0105, stiprina apsaugin\u012f barjer\u0105 bei apsaugo nuo dr\u0117gm\u0117s praradimo.\" \/>\n<meta name=\"robots\" content=\"index, follow, max-snippet:-1, max-image-preview:large, max-video-preview:-1\" \/>\n<link rel=\"canonical\" href=\"https:\/\/edenrituals.lt\/en\/product\/eden-drekinamasis-veido-serumas-30-ml\/\" \/>\n<meta property=\"og:locale\" content=\"en_GB\" \/>\n<meta property=\"og:type\" content=\"article\" \/>\n<meta property=\"og:title\" content=\"Ed\u00e9n intensyviai dr\u0117kinantis serumas, 30 ml. - Eden Rituals\" \/>\n<meta property=\"og:description\" content=\"\u0160is intensyviai dr\u0117kinantis serumas padeda atkurti odos gyvybingum\u0105 ir nat\u016bral\u0173 \u0161vyt\u0117jim\u0105, stiprina apsaugin\u012f barjer\u0105 bei apsaugo nuo dr\u0117gm\u0117s praradimo.\" \/>\n<meta property=\"og:url\" content=\"https:\/\/edenrituals.lt\/en\/product\/eden-drekinamasis-veido-serumas-30-ml\/\" \/>\n<meta property=\"og:site_name\" content=\"Eden Rituals\" \/>\n<meta property=\"article:publisher\" content=\"https:\/\/www.facebook.com\/profile.php?id=61567033621481#\" \/>\n<meta property=\"article:modified_time\" content=\"2026-01-02T14:03:18+00:00\" \/>\n<meta property=\"og:image\" content=\"https:\/\/edenrituals.lt\/wp-content\/uploads\/2024\/08\/Render_Mockup_1920_1920_2024-12-05-1.png\" \/>\n\t<meta property=\"og:image:width\" content=\"1920\" \/>\n\t<meta property=\"og:image:height\" content=\"1920\" \/>\n\t<meta property=\"og:image:type\" content=\"image\/png\" \/>\n<meta name=\"twitter:card\" content=\"summary_large_image\" \/>\n<meta name=\"twitter:label1\" content=\"Estimated reading time\" \/>\n\t<meta name=\"twitter:data1\" content=\"2 minutes\" \/>\n<script type=\"application\/ld+json\" class=\"yoast-schema-graph\">{\"@context\":\"https:\/\/schema.org\",\"@graph\":[{\"@type\":\"WebPage\",\"@id\":\"https:\/\/edenrituals.lt\/product\/eden-drekinamasis-veido-serumas-30-ml\/\",\"url\":\"https:\/\/edenrituals.lt\/product\/eden-drekinamasis-veido-serumas-30-ml\/\",\"name\":\"Ed\u00e9n intensyviai dr\u0117kinantis serumas, 30 ml. - Eden Rituals\",\"isPartOf\":{\"@id\":\"https:\/\/edenrituals.lt\/#website\"},\"primaryImageOfPage\":{\"@id\":\"https:\/\/edenrituals.lt\/product\/eden-drekinamasis-veido-serumas-30-ml\/#primaryimage\"},\"image\":{\"@id\":\"https:\/\/edenrituals.lt\/product\/eden-drekinamasis-veido-serumas-30-ml\/#primaryimage\"},\"thumbnailUrl\":\"https:\/\/edenrituals.lt\/wp-content\/uploads\/2024\/08\/Render_Mockup_1920_1920_2024-12-05-1.png\",\"datePublished\":\"2024-08-13T23:47:09+00:00\",\"dateModified\":\"2026-01-02T14:03:18+00:00\",\"description\":\"\u0160is intensyviai dr\u0117kinantis serumas padeda atkurti odos gyvybingum\u0105 ir nat\u016bral\u0173 \u0161vyt\u0117jim\u0105, stiprina apsaugin\u012f barjer\u0105 bei apsaugo nuo dr\u0117gm\u0117s praradimo.\",\"breadcrumb\":{\"@id\":\"https:\/\/edenrituals.lt\/product\/eden-drekinamasis-veido-serumas-30-ml\/#breadcrumb\"},\"inLanguage\":\"en-GB\",\"potentialAction\":[{\"@type\":\"ReadAction\",\"target\":[\"https:\/\/edenrituals.lt\/product\/eden-drekinamasis-veido-serumas-30-ml\/\"]}]},{\"@type\":\"ImageObject\",\"inLanguage\":\"en-GB\",\"@id\":\"https:\/\/edenrituals.lt\/product\/eden-drekinamasis-veido-serumas-30-ml\/#primaryimage\",\"url\":\"https:\/\/edenrituals.lt\/wp-content\/uploads\/2024\/08\/Render_Mockup_1920_1920_2024-12-05-1.png\",\"contentUrl\":\"https:\/\/edenrituals.lt\/wp-content\/uploads\/2024\/08\/Render_Mockup_1920_1920_2024-12-05-1.png\",\"width\":1920,\"height\":1920},{\"@type\":\"BreadcrumbList\",\"@id\":\"https:\/\/edenrituals.lt\/product\/eden-drekinamasis-veido-serumas-30-ml\/#breadcrumb\",\"itemListElement\":[{\"@type\":\"ListItem\",\"position\":1,\"name\":\"Home\",\"item\":\"https:\/\/edenrituals.lt\/\"},{\"@type\":\"ListItem\",\"position\":2,\"name\":\"Parduotuv\u0117\",\"item\":\"https:\/\/edenrituals.lt\/parduotuve\/\"},{\"@type\":\"ListItem\",\"position\":3,\"name\":\"Ed\u00e9n intensyviai dr\u0117kinantis serumas, 30 ml.\"}]},{\"@type\":\"WebSite\",\"@id\":\"https:\/\/edenrituals.lt\/#website\",\"url\":\"https:\/\/edenrituals.lt\/\",\"name\":\"Eden Rituals\",\"description\":\"every day. every moment\",\"publisher\":{\"@id\":\"https:\/\/edenrituals.lt\/#organization\"},\"potentialAction\":[{\"@type\":\"SearchAction\",\"target\":{\"@type\":\"EntryPoint\",\"urlTemplate\":\"https:\/\/edenrituals.lt\/?s={search_term_string}\"},\"query-input\":{\"@type\":\"PropertyValueSpecification\",\"valueRequired\":true,\"valueName\":\"search_term_string\"}}],\"inLanguage\":\"en-GB\"},{\"@type\":\"Organization\",\"@id\":\"https:\/\/edenrituals.lt\/#organization\",\"name\":\"Eden Rituals\",\"url\":\"https:\/\/edenrituals.lt\/\",\"logo\":{\"@type\":\"ImageObject\",\"inLanguage\":\"en-GB\",\"@id\":\"https:\/\/edenrituals.lt\/#\/schema\/logo\/image\/\",\"url\":\"https:\/\/edenrituals.lt\/wp-content\/uploads\/2024\/08\/cosmetics-3.png\",\"contentUrl\":\"https:\/\/edenrituals.lt\/wp-content\/uploads\/2024\/08\/cosmetics-3.png\",\"width\":689,\"height\":200,\"caption\":\"Eden Rituals\"},\"image\":{\"@id\":\"https:\/\/edenrituals.lt\/#\/schema\/logo\/image\/\"},\"sameAs\":[\"https:\/\/www.facebook.com\/profile.php?id=61567033621481#\",\"https:\/\/www.instagram.com\/edenrituals\/\"]}]}<\/script>\n<!-- \/ Yoast SEO plugin. -->","yoast_head_json":{"title":"Ed\u00e9n intensyviai dr\u0117kinantis serumas, 30 ml. - Eden Rituals","description":"\u0160is intensyviai dr\u0117kinantis serumas padeda atkurti odos gyvybingum\u0105 ir nat\u016bral\u0173 \u0161vyt\u0117jim\u0105, stiprina apsaugin\u012f barjer\u0105 bei apsaugo nuo dr\u0117gm\u0117s praradimo.","robots":{"index":"index","follow":"follow","max-snippet":"max-snippet:-1","max-image-preview":"max-image-preview:large","max-video-preview":"max-video-preview:-1"},"canonical":"https:\/\/edenrituals.lt\/en\/product\/eden-drekinamasis-veido-serumas-30-ml\/","og_locale":"en_GB","og_type":"article","og_title":"Ed\u00e9n intensyviai dr\u0117kinantis serumas, 30 ml. - Eden Rituals","og_description":"\u0160is intensyviai dr\u0117kinantis serumas padeda atkurti odos gyvybingum\u0105 ir nat\u016bral\u0173 \u0161vyt\u0117jim\u0105, stiprina apsaugin\u012f barjer\u0105 bei apsaugo nuo dr\u0117gm\u0117s praradimo.","og_url":"https:\/\/edenrituals.lt\/en\/product\/eden-drekinamasis-veido-serumas-30-ml\/","og_site_name":"Eden Rituals","article_publisher":"https:\/\/www.facebook.com\/profile.php?id=61567033621481#","article_modified_time":"2026-01-02T14:03:18+00:00","og_image":[{"width":1920,"height":1920,"url":"https:\/\/edenrituals.lt\/wp-content\/uploads\/2024\/08\/Render_Mockup_1920_1920_2024-12-05-1.png","type":"image\/png"}],"twitter_card":"summary_large_image","twitter_misc":{"Estimated reading time":"2 minutes"},"schema":{"@context":"https:\/\/schema.org","@graph":[{"@type":"WebPage","@id":"https:\/\/edenrituals.lt\/product\/eden-drekinamasis-veido-serumas-30-ml\/","url":"https:\/\/edenrituals.lt\/product\/eden-drekinamasis-veido-serumas-30-ml\/","name":"Ed\u00e9n intensyviai dr\u0117kinantis serumas, 30 ml. - Eden Rituals","isPartOf":{"@id":"https:\/\/edenrituals.lt\/#website"},"primaryImageOfPage":{"@id":"https:\/\/edenrituals.lt\/product\/eden-drekinamasis-veido-serumas-30-ml\/#primaryimage"},"image":{"@id":"https:\/\/edenrituals.lt\/product\/eden-drekinamasis-veido-serumas-30-ml\/#primaryimage"},"thumbnailUrl":"https:\/\/edenrituals.lt\/wp-content\/uploads\/2024\/08\/Render_Mockup_1920_1920_2024-12-05-1.png","datePublished":"2024-08-13T23:47:09+00:00","dateModified":"2026-01-02T14:03:18+00:00","description":"\u0160is intensyviai dr\u0117kinantis serumas padeda atkurti odos gyvybingum\u0105 ir nat\u016bral\u0173 \u0161vyt\u0117jim\u0105, stiprina apsaugin\u012f barjer\u0105 bei apsaugo nuo dr\u0117gm\u0117s praradimo.","breadcrumb":{"@id":"https:\/\/edenrituals.lt\/product\/eden-drekinamasis-veido-serumas-30-ml\/#breadcrumb"},"inLanguage":"en-GB","potentialAction":[{"@type":"ReadAction","target":["https:\/\/edenrituals.lt\/product\/eden-drekinamasis-veido-serumas-30-ml\/"]}]},{"@type":"ImageObject","inLanguage":"en-GB","@id":"https:\/\/edenrituals.lt\/product\/eden-drekinamasis-veido-serumas-30-ml\/#primaryimage","url":"https:\/\/edenrituals.lt\/wp-content\/uploads\/2024\/08\/Render_Mockup_1920_1920_2024-12-05-1.png","contentUrl":"https:\/\/edenrituals.lt\/wp-content\/uploads\/2024\/08\/Render_Mockup_1920_1920_2024-12-05-1.png","width":1920,"height":1920},{"@type":"BreadcrumbList","@id":"https:\/\/edenrituals.lt\/product\/eden-drekinamasis-veido-serumas-30-ml\/#breadcrumb","itemListElement":[{"@type":"ListItem","position":1,"name":"Home","item":"https:\/\/edenrituals.lt\/"},{"@type":"ListItem","position":2,"name":"Parduotuv\u0117","item":"https:\/\/edenrituals.lt\/parduotuve\/"},{"@type":"ListItem","position":3,"name":"Ed\u00e9n intensyviai dr\u0117kinantis serumas, 30 ml."}]},{"@type":"WebSite","@id":"https:\/\/edenrituals.lt\/#website","url":"https:\/\/edenrituals.lt\/","name":"Eden Rituals","description":"every day. every moment","publisher":{"@id":"https:\/\/edenrituals.lt\/#organization"},"potentialAction":[{"@type":"SearchAction","target":{"@type":"EntryPoint","urlTemplate":"https:\/\/edenrituals.lt\/?s={search_term_string}"},"query-input":{"@type":"PropertyValueSpecification","valueRequired":true,"valueName":"search_term_string"}}],"inLanguage":"en-GB"},{"@type":"Organization","@id":"https:\/\/edenrituals.lt\/#organization","name":"Eden Rituals","url":"https:\/\/edenrituals.lt\/","logo":{"@type":"ImageObject","inLanguage":"en-GB","@id":"https:\/\/edenrituals.lt\/#\/schema\/logo\/image\/","url":"https:\/\/edenrituals.lt\/wp-content\/uploads\/2024\/08\/cosmetics-3.png","contentUrl":"https:\/\/edenrituals.lt\/wp-content\/uploads\/2024\/08\/cosmetics-3.png","width":689,"height":200,"caption":"Eden Rituals"},"image":{"@id":"https:\/\/edenrituals.lt\/#\/schema\/logo\/image\/"},"sameAs":["https:\/\/www.facebook.com\/profile.php?id=61567033621481#","https:\/\/www.instagram.com\/edenrituals\/"]}]}},"jetpack_sharing_enabled":true,"_links":{"self":[{"href":"https:\/\/edenrituals.lt\/en\/wp-json\/wp\/v2\/product\/21529","targetHints":{"allow":["GET"]}}],"collection":[{"href":"https:\/\/edenrituals.lt\/en\/wp-json\/wp\/v2\/product"}],"about":[{"href":"https:\/\/edenrituals.lt\/en\/wp-json\/wp\/v2\/types\/product"}],"replies":[{"embeddable":true,"href":"https:\/\/edenrituals.lt\/en\/wp-json\/wp\/v2\/comments?post=21529"}],"version-history":[{"count":6,"href":"https:\/\/edenrituals.lt\/en\/wp-json\/wp\/v2\/product\/21529\/revisions"}],"predecessor-version":[{"id":22101,"href":"https:\/\/edenrituals.lt\/en\/wp-json\/wp\/v2\/product\/21529\/revisions\/22101"}],"wp:featuredmedia":[{"embeddable":true,"href":"https:\/\/edenrituals.lt\/en\/wp-json\/wp\/v2\/media\/21788"}],"wp:attachment":[{"href":"https:\/\/edenrituals.lt\/en\/wp-json\/wp\/v2\/media?parent=21529"}],"wp:term":[{"taxonomy":"product_brand","embeddable":true,"href":"https:\/\/edenrituals.lt\/en\/wp-json\/wp\/v2\/product_brand?post=21529"},{"taxonomy":"product_cat","embeddable":true,"href":"https:\/\/edenrituals.lt\/en\/wp-json\/wp\/v2\/product_cat?post=21529"},{"taxonomy":"product_tag","embeddable":true,"href":"https:\/\/edenrituals.lt\/en\/wp-json\/wp\/v2\/product_tag?post=21529"}],"curies":[{"name":"wp","href":"https:\/\/api.w.org\/{rel}","templated":true}]}}