{"id":21775,"date":"2024-12-05T02:17:04","date_gmt":"2024-12-05T00:17:04","guid":{"rendered":"https:\/\/edenrituals.lt\/?page_id=21775"},"modified":"2024-12-06T17:06:25","modified_gmt":"2024-12-06T15:06:25","slug":"apie-eden","status":"publish","type":"page","link":"https:\/\/edenrituals.lt\/en\/apie-eden\/","title":{"rendered":"About ED\u00c9N"},"content":{"rendered":"<p><strong>Your power lies in the moments<\/strong><\/p><p>Every moment counts in life. We believe that every day is a unique opportunity to reveal your true beauty and inner radiance. With\u00a0<strong>ED\u00c9N<\/strong>\u00a0cosmetics, you can be sure that your skin will be ready for any challenge - from morning to night, every day, every moment.<\/p><p><strong>Our history<\/strong><\/p><p><strong>ED\u00c9N<\/strong>\u00a0was born out of a love of beauty and a desire to make everyone feel special. We understand that true beauty comes from within, which is why our products are designed to foster inner as well as outer harmony.<\/p><p><strong>Our mission<\/strong><\/p><p>Our mission is to help you discover and enhance your unique beauty. We want everyone who uses\u00a0<strong>ED\u00c9N<\/strong> cosmetics, you'll feel confident and ready to face the day with a smile.<\/p><p><strong>Why choose ED\u00c9N<\/strong><\/p><ul class=\"wp-block-list\"><li><strong>Natural ingredients<\/strong>: Our products use only the highest quality natural ingredients to care for your skin gently and effectively.<\/li>\n\n<li><strong>Innovative formulas<\/strong>: We are constantly improving our products, combining tradition with the latest trends in the beauty industry.<\/li>\n\n<li><strong>Love for every moment<\/strong>: We encourage you to enjoy every day and enhance your beauty in every moment of your life.<\/li><\/ul><p><strong>Join the ED\u00c9N community<\/strong><\/p><p>We invite you to become\u00a0<strong>ED\u00c9N<\/strong>\u00a0part of the family, and together celebrate the beauty that is in every moment. Let yourself shine and radiate your inner light with cosmetics created with love and care.<\/p><p><strong>ED\u00c9N is your beauty, your moment.<\/strong><\/p><p><\/p>","protected":false},"excerpt":{"rendered":"<p>Your power lies in the moments Every moment counts in life. We believe that every day is a unique opportunity to reveal your true beauty and inner radiance. With ED\u00c9N cosmetics, you can be sure that your skin will be ready for any challenge - from morning to night, every day, every moment. Our story at ED\u00c9N was born out of a love for beauty and a desire to make everyone feel special. We understand that true beauty comes from within, which is why our products are designed to foster inner harmony as well as outer. Our Mission Our mission is to help you discover and enhance your unique beauty. We want everyone who uses ED\u00c9N cosmetics to feel confident and ready to face the day with a smile. Why choose ED\u00c9N Join the ED\u00c9N community We invite you to become part of the ED\u00c9N family and celebrate the beauty that is in every moment. Let yourself shine and radiate your inner light with cosmetics created with love and care. ED\u00c9N is your beauty, your moment.<\/p>","protected":false},"author":1,"featured_media":0,"parent":0,"menu_order":0,"comment_status":"closed","ping_status":"closed","template":"","meta":{"footnotes":""},"class_list":["post-21775","page","type-page","status-publish","hentry","post-no-thumbnail"],"yoast_head":"<!-- This site is optimized with the Yoast SEO plugin v25.9 - https:\/\/yoast.com\/wordpress\/plugins\/seo\/ -->\n<title>Apie ED\u00c9N - Eden Rituals<\/title>\n<meta name=\"robots\" content=\"index, follow, max-snippet:-1, max-image-preview:large, max-video-preview:-1\" \/>\n<link rel=\"canonical\" href=\"https:\/\/edenrituals.lt\/en\/apie-eden\/\" \/>\n<meta property=\"og:locale\" content=\"en_GB\" \/>\n<meta property=\"og:type\" content=\"article\" \/>\n<meta property=\"og:title\" content=\"Apie ED\u00c9N - Eden Rituals\" \/>\n<meta property=\"og:description\" content=\"Tavo galia slypi akimirkose Gyvenime svarbi kiekviena akimirka. Mes tikime, kad kiekviena diena yra unikali galimyb\u0117 atskleisti savo tikr\u0105j\u012f gro\u017e\u012f ir vidin\u012f spindes\u012f. Su\u00a0ED\u00c9N\u00a0kosmetika galite b\u016bti tikri, kad j\u016bs\u0173 oda bus pasiruo\u0161usi bet kokiam i\u0161\u0161\u016bkiui \u2013 nuo ryto iki vakaro, kiekvien\u0105 dien\u0105, kiekvien\u0105 akimirk\u0105. M\u016bs\u0173 istorija ED\u00c9N\u00a0gim\u0117 i\u0161 meil\u0117s gro\u017eiui ir siekio suteikti kiekvienam galimyb\u0119 jaustis ypatingai. Mes suprantame, kad tikrasis gro\u017eis kyla i\u0161 vidaus, tod\u0117l m\u016bs\u0173 produktai skirti ne tik i\u0161orinei, bet ir vidinei harmonijai puosel\u0117ti. M\u016bs\u0173 misija M\u016bs\u0173 misija \u2013 pad\u0117ti jums atrasti ir pabr\u0117\u017eti savo unikal\u0173 gro\u017e\u012f. Mes siekiame, kad kiekvienas naudojantis\u00a0ED\u00c9N kosmetika jaust\u0173si pasitikintis savimi ir pasiruo\u0161\u0119s sutikti dien\u0105 su \u0161ypsena. Kod\u0117l verta rinktis ED\u00c9N Prisijunkite prie ED\u00c9N bendruomen\u0117s Kvie\u010diame jus tapti\u00a0ED\u00c9N\u00a0\u0161eimos dalimi ir kartu \u0161v\u0119sti gro\u017e\u012f, kuris slypi kiekvienoje akimirkoje. Leiskite sau spind\u0117ti ir skleisti vidin\u0119 \u0161vies\u0105 su kosmetika, sukurta su meile ir r\u016bpes\u010diu. ED\u00c9N \u2013 tavo gro\u017eis, tavo akimirka.\" \/>\n<meta property=\"og:url\" content=\"https:\/\/edenrituals.lt\/en\/apie-eden\/\" \/>\n<meta property=\"og:site_name\" content=\"Eden Rituals\" \/>\n<meta property=\"article:publisher\" content=\"https:\/\/www.facebook.com\/profile.php?id=61567033621481#\" \/>\n<meta property=\"article:modified_time\" content=\"2024-12-06T15:06:25+00:00\" \/>\n<meta name=\"twitter:card\" content=\"summary_large_image\" \/>\n<meta name=\"twitter:label1\" content=\"Estimated reading time\" \/>\n\t<meta name=\"twitter:data1\" content=\"1 minute\" \/>\n<script type=\"application\/ld+json\" class=\"yoast-schema-graph\">{\"@context\":\"https:\/\/schema.org\",\"@graph\":[{\"@type\":\"WebPage\",\"@id\":\"https:\/\/edenrituals.lt\/apie-eden\/\",\"url\":\"https:\/\/edenrituals.lt\/apie-eden\/\",\"name\":\"Apie ED\u00c9N - Eden Rituals\",\"isPartOf\":{\"@id\":\"https:\/\/edenrituals.lt\/#website\"},\"datePublished\":\"2024-12-05T00:17:04+00:00\",\"dateModified\":\"2024-12-06T15:06:25+00:00\",\"breadcrumb\":{\"@id\":\"https:\/\/edenrituals.lt\/apie-eden\/#breadcrumb\"},\"inLanguage\":\"en-GB\",\"potentialAction\":[{\"@type\":\"ReadAction\",\"target\":[\"https:\/\/edenrituals.lt\/apie-eden\/\"]}]},{\"@type\":\"BreadcrumbList\",\"@id\":\"https:\/\/edenrituals.lt\/apie-eden\/#breadcrumb\",\"itemListElement\":[{\"@type\":\"ListItem\",\"position\":1,\"name\":\"Home\",\"item\":\"https:\/\/edenrituals.lt\/\"},{\"@type\":\"ListItem\",\"position\":2,\"name\":\"Apie ED\u00c9N\"}]},{\"@type\":\"WebSite\",\"@id\":\"https:\/\/edenrituals.lt\/#website\",\"url\":\"https:\/\/edenrituals.lt\/\",\"name\":\"Eden Rituals\",\"description\":\"every day. every moment\",\"publisher\":{\"@id\":\"https:\/\/edenrituals.lt\/#organization\"},\"potentialAction\":[{\"@type\":\"SearchAction\",\"target\":{\"@type\":\"EntryPoint\",\"urlTemplate\":\"https:\/\/edenrituals.lt\/?s={search_term_string}\"},\"query-input\":{\"@type\":\"PropertyValueSpecification\",\"valueRequired\":true,\"valueName\":\"search_term_string\"}}],\"inLanguage\":\"en-GB\"},{\"@type\":\"Organization\",\"@id\":\"https:\/\/edenrituals.lt\/#organization\",\"name\":\"Eden Rituals\",\"url\":\"https:\/\/edenrituals.lt\/\",\"logo\":{\"@type\":\"ImageObject\",\"inLanguage\":\"en-GB\",\"@id\":\"https:\/\/edenrituals.lt\/#\/schema\/logo\/image\/\",\"url\":\"https:\/\/edenrituals.lt\/wp-content\/uploads\/2024\/08\/cosmetics-3.png\",\"contentUrl\":\"https:\/\/edenrituals.lt\/wp-content\/uploads\/2024\/08\/cosmetics-3.png\",\"width\":689,\"height\":200,\"caption\":\"Eden Rituals\"},\"image\":{\"@id\":\"https:\/\/edenrituals.lt\/#\/schema\/logo\/image\/\"},\"sameAs\":[\"https:\/\/www.facebook.com\/profile.php?id=61567033621481#\",\"https:\/\/www.instagram.com\/edenrituals\/\"]}]}<\/script>\n<!-- \/ Yoast SEO plugin. -->","yoast_head_json":{"title":"Apie ED\u00c9N - Eden Rituals","robots":{"index":"index","follow":"follow","max-snippet":"max-snippet:-1","max-image-preview":"max-image-preview:large","max-video-preview":"max-video-preview:-1"},"canonical":"https:\/\/edenrituals.lt\/en\/apie-eden\/","og_locale":"en_GB","og_type":"article","og_title":"Apie ED\u00c9N - Eden Rituals","og_description":"Tavo galia slypi akimirkose Gyvenime svarbi kiekviena akimirka. Mes tikime, kad kiekviena diena yra unikali galimyb\u0117 atskleisti savo tikr\u0105j\u012f gro\u017e\u012f ir vidin\u012f spindes\u012f. Su\u00a0ED\u00c9N\u00a0kosmetika galite b\u016bti tikri, kad j\u016bs\u0173 oda bus pasiruo\u0161usi bet kokiam i\u0161\u0161\u016bkiui \u2013 nuo ryto iki vakaro, kiekvien\u0105 dien\u0105, kiekvien\u0105 akimirk\u0105. M\u016bs\u0173 istorija ED\u00c9N\u00a0gim\u0117 i\u0161 meil\u0117s gro\u017eiui ir siekio suteikti kiekvienam galimyb\u0119 jaustis ypatingai. Mes suprantame, kad tikrasis gro\u017eis kyla i\u0161 vidaus, tod\u0117l m\u016bs\u0173 produktai skirti ne tik i\u0161orinei, bet ir vidinei harmonijai puosel\u0117ti. M\u016bs\u0173 misija M\u016bs\u0173 misija \u2013 pad\u0117ti jums atrasti ir pabr\u0117\u017eti savo unikal\u0173 gro\u017e\u012f. Mes siekiame, kad kiekvienas naudojantis\u00a0ED\u00c9N kosmetika jaust\u0173si pasitikintis savimi ir pasiruo\u0161\u0119s sutikti dien\u0105 su \u0161ypsena. Kod\u0117l verta rinktis ED\u00c9N Prisijunkite prie ED\u00c9N bendruomen\u0117s Kvie\u010diame jus tapti\u00a0ED\u00c9N\u00a0\u0161eimos dalimi ir kartu \u0161v\u0119sti gro\u017e\u012f, kuris slypi kiekvienoje akimirkoje. Leiskite sau spind\u0117ti ir skleisti vidin\u0119 \u0161vies\u0105 su kosmetika, sukurta su meile ir r\u016bpes\u010diu. ED\u00c9N \u2013 tavo gro\u017eis, tavo akimirka.","og_url":"https:\/\/edenrituals.lt\/en\/apie-eden\/","og_site_name":"Eden Rituals","article_publisher":"https:\/\/www.facebook.com\/profile.php?id=61567033621481#","article_modified_time":"2024-12-06T15:06:25+00:00","twitter_card":"summary_large_image","twitter_misc":{"Estimated reading time":"1 minute"},"schema":{"@context":"https:\/\/schema.org","@graph":[{"@type":"WebPage","@id":"https:\/\/edenrituals.lt\/apie-eden\/","url":"https:\/\/edenrituals.lt\/apie-eden\/","name":"Apie ED\u00c9N - Eden Rituals","isPartOf":{"@id":"https:\/\/edenrituals.lt\/#website"},"datePublished":"2024-12-05T00:17:04+00:00","dateModified":"2024-12-06T15:06:25+00:00","breadcrumb":{"@id":"https:\/\/edenrituals.lt\/apie-eden\/#breadcrumb"},"inLanguage":"en-GB","potentialAction":[{"@type":"ReadAction","target":["https:\/\/edenrituals.lt\/apie-eden\/"]}]},{"@type":"BreadcrumbList","@id":"https:\/\/edenrituals.lt\/apie-eden\/#breadcrumb","itemListElement":[{"@type":"ListItem","position":1,"name":"Home","item":"https:\/\/edenrituals.lt\/"},{"@type":"ListItem","position":2,"name":"Apie ED\u00c9N"}]},{"@type":"WebSite","@id":"https:\/\/edenrituals.lt\/#website","url":"https:\/\/edenrituals.lt\/","name":"Eden Rituals","description":"every day. every moment","publisher":{"@id":"https:\/\/edenrituals.lt\/#organization"},"potentialAction":[{"@type":"SearchAction","target":{"@type":"EntryPoint","urlTemplate":"https:\/\/edenrituals.lt\/?s={search_term_string}"},"query-input":{"@type":"PropertyValueSpecification","valueRequired":true,"valueName":"search_term_string"}}],"inLanguage":"en-GB"},{"@type":"Organization","@id":"https:\/\/edenrituals.lt\/#organization","name":"Eden Rituals","url":"https:\/\/edenrituals.lt\/","logo":{"@type":"ImageObject","inLanguage":"en-GB","@id":"https:\/\/edenrituals.lt\/#\/schema\/logo\/image\/","url":"https:\/\/edenrituals.lt\/wp-content\/uploads\/2024\/08\/cosmetics-3.png","contentUrl":"https:\/\/edenrituals.lt\/wp-content\/uploads\/2024\/08\/cosmetics-3.png","width":689,"height":200,"caption":"Eden Rituals"},"image":{"@id":"https:\/\/edenrituals.lt\/#\/schema\/logo\/image\/"},"sameAs":["https:\/\/www.facebook.com\/profile.php?id=61567033621481#","https:\/\/www.instagram.com\/edenrituals\/"]}]}},"jetpack_sharing_enabled":true,"_links":{"self":[{"href":"https:\/\/edenrituals.lt\/en\/wp-json\/wp\/v2\/pages\/21775","targetHints":{"allow":["GET"]}}],"collection":[{"href":"https:\/\/edenrituals.lt\/en\/wp-json\/wp\/v2\/pages"}],"about":[{"href":"https:\/\/edenrituals.lt\/en\/wp-json\/wp\/v2\/types\/page"}],"author":[{"embeddable":true,"href":"https:\/\/edenrituals.lt\/en\/wp-json\/wp\/v2\/users\/1"}],"replies":[{"embeddable":true,"href":"https:\/\/edenrituals.lt\/en\/wp-json\/wp\/v2\/comments?post=21775"}],"version-history":[{"count":3,"href":"https:\/\/edenrituals.lt\/en\/wp-json\/wp\/v2\/pages\/21775\/revisions"}],"predecessor-version":[{"id":21897,"href":"https:\/\/edenrituals.lt\/en\/wp-json\/wp\/v2\/pages\/21775\/revisions\/21897"}],"wp:attachment":[{"href":"https:\/\/edenrituals.lt\/en\/wp-json\/wp\/v2\/media?parent=21775"}],"curies":[{"name":"wp","href":"https:\/\/api.w.org\/{rel}","templated":true}]}}